{"id":662305,"date":"2025-12-12T18:19:27","date_gmt":"2025-12-12T17:19:27","guid":{"rendered":"https:\/\/lucacastelli.com\/prodotto\/coin-a-vis-bast-ing-valfix\/"},"modified":"2025-12-12T18:19:27","modified_gmt":"2025-12-12T17:19:27","slug":"coin-a-vis-bast-ing-valfix","status":"publish","type":"product","link":"https:\/\/lucacastelli.com\/fr\/produit\/coin-a-vis-bast-ing-valfix\/","title":{"rendered":"Coin \u00e0 vis BaSt-Ing ValFix"},"content":{"rendered":"<p>&nbsp;<\/p>\n<p>Le coin \u00e0 vis BaSt-Ing ValFix est un coin \u00e0 vis petit et l\u00e9ger. Avec un poids propre impressionnant inf\u00e9rieur \u00e0 1,4 kg et une incroyable force de levage de plus de 15 tonnes ! <\/p>\n<ul>\n<li>Dimensions : 34 \u00d7 7 \u00d7 4 cm<\/li>\n<li>Poids : 1,4 kg<\/li>\n<\/ul>\n<h3>Description<\/h3>\n<p>Le coin \u00e0 vis BaSt-Ing ValFix est un coin \u00e0 vis petit et l\u00e9ger. Avec un poids propre impressionnant inf\u00e9rieur \u00e0 1,4 kg et une incroyable force de levage de plus de 15 tonnes ! <\/p>\n<p>La force de levage \u00e9lev\u00e9e du ValFix repose sur un angle de coin plat de 10\u00b0, qui permet d&#8217;obtenir des forces de levage \u00e9lev\u00e9es avec un poids tr\u00e8s r\u00e9duit.<\/p>\n<p>Pour atteindre des hauteurs de levage praticables, ValFix dispose d&#8217;une structure \u00e0 vis innovante. La vis partiellement int\u00e9gr\u00e9e est prot\u00e9g\u00e9e dans le coin d&#8217;abattage, tandis que la moiti\u00e9 expos\u00e9e de la vis offre une course longue pour un levage suffisant du coin. L&#8217;entretien simple et la lubrification suffisante, m\u00eame pendant de longues journ\u00e9es de travail, sont garantis par les graisseurs sur les deux \u00e9crous filet\u00e9s.  <\/p>\n<p>Les avantages de ValFix en r\u00e9sum\u00e9 : gr\u00e2ce \u00e0 sa conception compacte, aucun roulement axial n&#8217;est n\u00e9cessaire, ce qui rend le coin \u00e0 vis particuli\u00e8rement court. Avec un poids de seulement 1,4 kg, il est l\u00e9ger et maniable. L&#8217;entretien est simple gr\u00e2ce aux graisseurs (aucun spray lubrifiant n&#8217;est n\u00e9cessaire). ValFix peut \u00eatre actionn\u00e9 sans probl\u00e8me avec une visseuse \u00e0 chocs d&#8217;un maximum de 700 Nm. D\u00e9couvrez ValFix d\u00e8s maintenant et testez la l\u00e9g\u00e8ret\u00e9 et les performances de cet impressionnant coin \u00e0 vis !    <\/p>\n<p>Caract\u00e9ristiques techniques :<\/p>\n<p>\u2013 Poids : 1,4 kg<\/p>\n<p>\u2013 Dimensions (LxPxH) : 34 x 13 x 4 cm<\/p>\n<p>\u2013 Angle du coin : 10\u00b0<\/p>\n<p>\u2013 Visseuse \u00e0 chocs max. : 700 Nm<\/p>\n<p>\u2013 Force de levage : 15 t<\/p>\n<p>\u2013 Entra\u00eenement : hexagone de 10 mm<\/p>\n<p>Contenu de l&#8217;emballage :<\/p>\n<p>\u2013 ValFix<\/p>\n<p>\u2013 \u00c9tui pour coin<\/p>\n<p>ValFix peut \u00eatre utilis\u00e9 avec une visseuse \u00e0 chocs d&#8217;un couple maximal de 500 Nm. Le coin peut \u00e9galement \u00eatre actionn\u00e9 avec une cl\u00e9 \u00e0 cliquet. <\/p>\n","protected":false},"excerpt":{"rendered":"<p>&nbsp; Le coin \u00e0 vis BaSt-Ing ValFix est un coin \u00e0 vis petit et l\u00e9ger. Avec un poids propre impressionnant<\/p>\n","protected":false},"featured_media":662306,"template":"","meta":{"_seopress_robots_primary_cat":"none","_seopress_titles_title":"","_seopress_titles_desc":"","_seopress_robots_index":""},"product_brand":[6636],"product_cat":[29,550,268,33,537],"product_tag":[],"class_list":{"0":"post-662305","1":"product","2":"type-product","3":"status-publish","4":"has-post-thumbnail","6":"product_brand-bast-ing","7":"product_cat-macchinari","8":"product_cat-accessori-per-trapani-ed-avvitatori","9":"product_cat-motoseghe","10":"product_cat-attrezzature","11":"product_cat-attrezzatura-da-lavoro","12":"sws-gruppo-macchinari-fr","13":"sws-conto-ricavi-merci-rivendita-macchinari-fr","14":"sws-gruppo-iva-iva81-fr","16":"first","17":"instock","18":"sale","19":"shipping-taxable","20":"purchasable","21":"product-type-simple"},"_links":{"self":[{"href":"https:\/\/lucacastelli.com\/fr\/wp-json\/wp\/v2\/product\/662305","targetHints":{"allow":["GET"]}}],"collection":[{"href":"https:\/\/lucacastelli.com\/fr\/wp-json\/wp\/v2\/product"}],"about":[{"href":"https:\/\/lucacastelli.com\/fr\/wp-json\/wp\/v2\/types\/product"}],"wp:featuredmedia":[{"embeddable":true,"href":"https:\/\/lucacastelli.com\/fr\/wp-json\/wp\/v2\/media\/662306"}],"wp:attachment":[{"href":"https:\/\/lucacastelli.com\/fr\/wp-json\/wp\/v2\/media?parent=662305"}],"wp:term":[{"taxonomy":"product_brand","embeddable":true,"href":"https:\/\/lucacastelli.com\/fr\/wp-json\/wp\/v2\/product_brand?post=662305"},{"taxonomy":"product_cat","embeddable":true,"href":"https:\/\/lucacastelli.com\/fr\/wp-json\/wp\/v2\/product_cat?post=662305"},{"taxonomy":"product_tag","embeddable":true,"href":"https:\/\/lucacastelli.com\/fr\/wp-json\/wp\/v2\/product_tag?post=662305"}],"curies":[{"name":"wp","href":"https:\/\/api.w.org\/{rel}","templated":true}]}}