{"id":662295,"date":"2025-12-12T13:19:25","date_gmt":"2025-12-12T12:19:25","guid":{"rendered":"https:\/\/lucacastelli.com\/prodotto\/coin-conique-bast-ing-valquick\/"},"modified":"2025-12-12T13:19:25","modified_gmt":"2025-12-12T12:19:25","slug":"coin-conique-bast-ing-valquick","status":"publish","type":"product","link":"https:\/\/lucacastelli.com\/fr\/produit\/coin-conique-bast-ing-valquick\/","title":{"rendered":"Coin conique BaSt-Ing ValQuick"},"content":{"rendered":"<p>Le coin conique BaSt-Ing \u00ab ValQuick \u00bb est le compl\u00e9ment id\u00e9al pour ValFast lorsqu&#8217;il est utilis\u00e9 avec une visseuse \u00e0 percussion. Il est id\u00e9al pour abattre des arbres qui n\u00e9cessitent une puissance de levage r\u00e9duite ou pour lib\u00e9rer de mani\u00e8re simple et rapide des tron\u00e7onneuses coinc\u00e9es. De plus, il peut \u00eatre utilis\u00e9 pour repositionner ValFast. Le ValQuick est con\u00e7u de mani\u00e8re \u00e0 pouvoir \u00eatre transport\u00e9 facilement et sans complications dans la ceinture.<br \/>\n.<br \/>\nLes accessoires repr\u00e9sent\u00e9s dans les images ne sont pas inclus dans la livraison.   <\/p>\n<p>&nbsp;<\/p>\n<h3>Description<\/h3>\n<p>Le coin conique BaSt-Ing \u00ab ValQuick \u00bb est le compl\u00e9ment id\u00e9al pour ValFast lorsqu&#8217;il est utilis\u00e9 avec une visseuse \u00e0 percussion.<\/p>\n<p><b><strong>Donn\u00e9es techniques<\/strong><\/b><\/p>\n<p>Poids : 1,4 kg<\/p>\n<p>Dimensions : 34 x 7 x 4 cm<\/p>\n<p>Fabriqu\u00e9 en Allemagne<\/p>\n","protected":false},"excerpt":{"rendered":"<p>Le coin conique BaSt-Ing \u00ab ValQuick \u00bb est le compl\u00e9ment id\u00e9al pour ValFast lorsqu&#8217;il est utilis\u00e9 avec une visseuse \u00e0<\/p>\n","protected":false},"featured_media":662296,"template":"","meta":{"_seopress_robots_primary_cat":"none","_seopress_titles_title":"","_seopress_titles_desc":"","_seopress_robots_index":""},"product_brand":[6636],"product_cat":[29,550,268,33,537],"product_tag":[],"class_list":{"0":"post-662295","1":"product","2":"type-product","3":"status-publish","4":"has-post-thumbnail","6":"product_brand-bast-ing","7":"product_cat-macchinari","8":"product_cat-accessori-per-trapani-ed-avvitatori","9":"product_cat-motoseghe","10":"product_cat-attrezzature","11":"product_cat-attrezzatura-da-lavoro","12":"sws-gruppo-macchinari-fr","13":"sws-conto-ricavi-merci-rivendita-macchinari-fr","14":"sws-gruppo-iva-iva81-fr","16":"first","17":"instock","18":"sale","19":"shipping-taxable","20":"purchasable","21":"product-type-simple"},"_links":{"self":[{"href":"https:\/\/lucacastelli.com\/fr\/wp-json\/wp\/v2\/product\/662295","targetHints":{"allow":["GET"]}}],"collection":[{"href":"https:\/\/lucacastelli.com\/fr\/wp-json\/wp\/v2\/product"}],"about":[{"href":"https:\/\/lucacastelli.com\/fr\/wp-json\/wp\/v2\/types\/product"}],"wp:featuredmedia":[{"embeddable":true,"href":"https:\/\/lucacastelli.com\/fr\/wp-json\/wp\/v2\/media\/662296"}],"wp:attachment":[{"href":"https:\/\/lucacastelli.com\/fr\/wp-json\/wp\/v2\/media?parent=662295"}],"wp:term":[{"taxonomy":"product_brand","embeddable":true,"href":"https:\/\/lucacastelli.com\/fr\/wp-json\/wp\/v2\/product_brand?post=662295"},{"taxonomy":"product_cat","embeddable":true,"href":"https:\/\/lucacastelli.com\/fr\/wp-json\/wp\/v2\/product_cat?post=662295"},{"taxonomy":"product_tag","embeddable":true,"href":"https:\/\/lucacastelli.com\/fr\/wp-json\/wp\/v2\/product_tag?post=662295"}],"curies":[{"name":"wp","href":"https:\/\/api.w.org\/{rel}","templated":true}]}}