{"id":662286,"date":"2025-12-09T17:05:52","date_gmt":"2025-12-09T16:05:52","guid":{"rendered":"https:\/\/lucacastelli.com\/prodotto\/mallette-de-transport-pour-treuil-portable-pcw-3000\/"},"modified":"2025-12-09T17:05:52","modified_gmt":"2025-12-09T16:05:52","slug":"mallette-de-transport-pour-treuil-portable-pcw-3000","status":"publish","type":"product","link":"https:\/\/lucacastelli.com\/fr\/produit\/mallette-de-transport-pour-treuil-portable-pcw-3000\/","title":{"rendered":"Mallette de transport pour treuil portable PCW 3000"},"content":{"rendered":"<p>La mallette de transport Portable Winch pour PCW 3000 avec pi\u00e8ces moul\u00e9es est particuli\u00e8rement adapt\u00e9e au treuil PCW3000. Transportez et rangez votre treuil en toute s\u00e9curit\u00e9 dans cette mallette r\u00e9sistante et robuste, fabriqu\u00e9e en plastique haute performance ! La forme moul\u00e9e facilite le rangement du treuil. \u00c9quip\u00e9e d&#8217;une sangle de chaque c\u00f4t\u00e9, la mallette peut \u00eatre facilement mont\u00e9e sur un quad, une motoneige, un bateau \u00e0 rames ou d&#8217;autres v\u00e9hicules. La mallette peut \u00e9galement \u00eatre fix\u00e9e au sac \u00e0 dos moul\u00e9 PCA-0104 pour un transport facile. Elle prot\u00e8ge votre investissement pendant le transport !<br \/>\nLa mallette de transport pour treuil portable PCW 3000 est compatible avec le cadre du sac \u00e0 dos PCA-0104 !<br \/>\nRemarque : sans treuil ni harnais.<br \/>\nPoids : 3,9 kg<br \/>\nLongueur : 47 cm<br \/>\nLargeur : 33 cm<br \/>\nHauteur : 31 cm     <\/p>\n","protected":false},"excerpt":{"rendered":"<p>La mallette de transport Portable Winch pour PCW 3000 avec pi\u00e8ces moul\u00e9es est particuli\u00e8rement adapt\u00e9e au treuil PCW3000. Transportez et<\/p>\n","protected":false},"featured_media":659761,"template":"","meta":{"_seopress_robots_primary_cat":"none","_seopress_titles_title":"","_seopress_titles_desc":"","_seopress_robots_index":""},"product_brand":[6642],"product_cat":[144,1397],"product_tag":[],"class_list":{"0":"post-662286","1":"product","2":"type-product","3":"status-publish","4":"has-post-thumbnail","6":"product_brand-portable-winch","7":"product_cat-equipement","8":"product_cat-equipement-de-travail","9":"sws-gruppo-macchinari-fr","10":"sws-conto-ricavi-merci-rivendita-macchinari-fr","11":"sws-gruppo-iva-iva81-fr","13":"first","14":"instock","15":"shipping-taxable","16":"purchasable","17":"product-type-simple"},"_links":{"self":[{"href":"https:\/\/lucacastelli.com\/fr\/wp-json\/wp\/v2\/product\/662286","targetHints":{"allow":["GET"]}}],"collection":[{"href":"https:\/\/lucacastelli.com\/fr\/wp-json\/wp\/v2\/product"}],"about":[{"href":"https:\/\/lucacastelli.com\/fr\/wp-json\/wp\/v2\/types\/product"}],"wp:featuredmedia":[{"embeddable":true,"href":"https:\/\/lucacastelli.com\/fr\/wp-json\/wp\/v2\/media\/659761"}],"wp:attachment":[{"href":"https:\/\/lucacastelli.com\/fr\/wp-json\/wp\/v2\/media?parent=662286"}],"wp:term":[{"taxonomy":"product_brand","embeddable":true,"href":"https:\/\/lucacastelli.com\/fr\/wp-json\/wp\/v2\/product_brand?post=662286"},{"taxonomy":"product_cat","embeddable":true,"href":"https:\/\/lucacastelli.com\/fr\/wp-json\/wp\/v2\/product_cat?post=662286"},{"taxonomy":"product_tag","embeddable":true,"href":"https:\/\/lucacastelli.com\/fr\/wp-json\/wp\/v2\/product_tag?post=662286"}],"curies":[{"name":"wp","href":"https:\/\/api.w.org\/{rel}","templated":true}]}}