{"id":662277,"date":"2025-12-09T16:58:22","date_gmt":"2025-12-09T15:58:22","guid":{"rendered":"https:\/\/lucacastelli.com\/prodotto\/mallette-de-transport-pour-treuil-portable\/"},"modified":"2025-12-09T16:58:22","modified_gmt":"2025-12-09T15:58:22","slug":"mallette-de-transport-pour-treuil-portable","status":"publish","type":"product","link":"https:\/\/lucacastelli.com\/fr\/produit\/mallette-de-transport-pour-treuil-portable\/","title":{"rendered":"Mallette de transport pour treuil portable"},"content":{"rendered":"<p>La mallette de transport Portable Winch est une mallette rigide pour les mod\u00e8les PCW4000, PCW3000-Li et PCW3000.<\/p>\n<h3>Description<\/h3>\n<p>La mallette de transport Portable Winch est une mallette rigide pour les mod\u00e8les PCW4000, PCW3000-Li et PCW3000.<\/p>\n<p>La nouvelle valise rigide pour le transport des mod\u00e8les de la s\u00e9rie Pro : PCW3000, PCW3000-Li et PCW4000. Elle est con\u00e7ue de mani\u00e8re \u00e0 pouvoir ranger non seulement le treuil, mais aussi divers accessoires, la rendant encore plus pratique. <\/p>\n<p>La particularit\u00e9 est le couvercle innovant, qui peut \u00eatre ouvert compl\u00e8tement et repose solidement sur la surface pour garantir la stabilit\u00e9 et \u00e9viter le risque de dommages. La partie sup\u00e9rieure est dot\u00e9e de rainures qui permettent de tendre facilement les cordes de tension en caoutchouc, de sorte que le treuil reste solidement en place pendant le transport. <\/p>\n<p>R\u00e9alis\u00e9e en plastique robuste mais l\u00e9ger, la valise offre une protection de premi\u00e8re classe sans occuper d&#8217;espace inutile. Que vous la chargiez sur votre v\u00e9hicule ou sur votre VTT, elle s&#8217;adapte parfaitement. <\/p>\n","protected":false},"excerpt":{"rendered":"<p>La mallette de transport Portable Winch est une mallette rigide pour les mod\u00e8les PCW4000, PCW3000-Li et PCW3000. Description La mallette<\/p>\n","protected":false},"featured_media":659750,"template":"","meta":{"_seopress_robots_primary_cat":"none","_seopress_titles_title":"","_seopress_titles_desc":"","_seopress_robots_index":""},"product_brand":[6642],"product_cat":[144,1397],"product_tag":[],"class_list":{"0":"post-662277","1":"product","2":"type-product","3":"status-publish","4":"has-post-thumbnail","6":"product_brand-portable-winch","7":"product_cat-equipement","8":"product_cat-equipement-de-travail","9":"sws-gruppo-macchinari-fr","10":"sws-conto-ricavi-merci-rivendita-macchinari-fr","11":"sws-gruppo-iva-iva81-fr","13":"first","14":"instock","15":"shipping-taxable","16":"purchasable","17":"product-type-simple"},"_links":{"self":[{"href":"https:\/\/lucacastelli.com\/fr\/wp-json\/wp\/v2\/product\/662277","targetHints":{"allow":["GET"]}}],"collection":[{"href":"https:\/\/lucacastelli.com\/fr\/wp-json\/wp\/v2\/product"}],"about":[{"href":"https:\/\/lucacastelli.com\/fr\/wp-json\/wp\/v2\/types\/product"}],"wp:featuredmedia":[{"embeddable":true,"href":"https:\/\/lucacastelli.com\/fr\/wp-json\/wp\/v2\/media\/659750"}],"wp:attachment":[{"href":"https:\/\/lucacastelli.com\/fr\/wp-json\/wp\/v2\/media?parent=662277"}],"wp:term":[{"taxonomy":"product_brand","embeddable":true,"href":"https:\/\/lucacastelli.com\/fr\/wp-json\/wp\/v2\/product_brand?post=662277"},{"taxonomy":"product_cat","embeddable":true,"href":"https:\/\/lucacastelli.com\/fr\/wp-json\/wp\/v2\/product_cat?post=662277"},{"taxonomy":"product_tag","embeddable":true,"href":"https:\/\/lucacastelli.com\/fr\/wp-json\/wp\/v2\/product_tag?post=662277"}],"curies":[{"name":"wp","href":"https:\/\/api.w.org\/{rel}","templated":true}]}}