{"id":662266,"date":"2025-12-12T13:14:30","date_gmt":"2025-12-12T12:14:30","guid":{"rendered":"https:\/\/lucacastelli.com\/prodotto\/bast-ing-coin-pour-mandrin-ecoval\/"},"modified":"2025-12-12T13:14:30","modified_gmt":"2025-12-12T12:14:30","slug":"bast-ing-coin-pour-mandrin-ecoval","status":"publish","type":"product","link":"https:\/\/lucacastelli.com\/fr\/produit\/bast-ing-coin-pour-mandrin-ecoval\/","title":{"rendered":"BaSt-Ing Coin pour mandrin EcoVal"},"content":{"rendered":"<p>Le Bast Ing EcoVal est un coin \u00e0 vis pour propri\u00e9taires de for\u00eats priv\u00e9es destin\u00e9 au bois de duret\u00e9 moyenne. Gr\u00e2ce \u00e0 sa structure robuste et simple, c&#8217;est un outil pr\u00e9cieux pour la r\u00e9colte du bois. Avec son large angle de coin de 16\u00b0, il atteint une hauteur de levage suffisante m\u00eame avec des arbres plus fins.  <\/p>\n<p>Hauteur 55 mm<\/p>\n<p>Angle du coin : 16\u00b0<\/p>\n<p>Longueur totale : 270 mm<\/p>\n<p>Largeur du coin : 60 mm<\/p>\n<p>Visseuse \u00e0 chocs : 500-1000 Nm<\/p>\n<p>Force de levage : 10 t<\/p>\n<p>Groupe d&#8217;utilisateurs : semi-professionnels dans le secteur du bois fin et de moyenne \u00e9paisseur<\/p>\n<h3>Description<\/h3>\n<p>Le Bast Ing EcoVal est un coin \u00e0 vis pour propri\u00e9taires de for\u00eats priv\u00e9es destin\u00e9 au bois de moyenne \u00e9paisseur. Gr\u00e2ce \u00e0 sa structure robuste et simple, c&#8217;est un outil pr\u00e9cieux pour la r\u00e9colte du bois. Avec son large angle de coin de 16\u00b0, il atteint une hauteur de levage suffisante m\u00eame avec des arbres plus fins.  <\/p>\n<p>Avec sa structure robuste et simple, c&#8217;est un compagnon pr\u00e9cieux pour tous les travaux avec le bois.<\/p>\n<p>L&#8217;EcoVal convainc avec un large angle de coin de 16\u00b0, qui garantit une hauteur de levage suffisante m\u00eame avec des arbres plus fins.<\/p>\n<p>Avec une hauteur de 55 mm, une longueur totale de 270 mm et une largeur de coin de 60 mm, il offre des dimensions optimales pour l&#8217;utilisation dans des environnements forestiers difficiles.<\/p>\n<p>Les visseuses \u00e0 chocs adapt\u00e9es pour l&#8217;EcoVal vont de 500 Nm \u00e0 1000 Nm. Avec des visseuses \u00e0 chocs appropri\u00e9es, il atteint une force de levage de 10 t, suffisante m\u00eame pour des arbres plus robustes. <\/p>\n<p>Cet outil est particuli\u00e8rement adapt\u00e9 aux utilisateurs semi-professionnels dans le secteur du travail du bois fin \u00e0 moyen. Augmentez votre efficacit\u00e9 et productivit\u00e9 dans la r\u00e9colte du bois avec le coin \u00e0 mandrin EcoVal ! <\/p>\n<p><b><strong>Donn\u00e9es techniques<\/strong><\/b><\/p>\n<ul>\n<li>Hauteur 55 mm<\/li>\n<li>Angle du coin : 16\u00b0<\/li>\n<li>Longueur totale : 270 mm<\/li>\n<li>Largeur du coin : 60 mm<\/li>\n<li>Visseuse \u00e0 chocs : 500-1000 Nm<\/li>\n<li>Force de levage : 10 t<\/li>\n<li>Ouverture de cl\u00e9 : 13 mm<\/li>\n<li>Poids : 2 kg<\/li>\n<li>Mandrin partiellement int\u00e9gr\u00e9 brevet\u00e9<\/li>\n<li>Groupe d&#8217;utilisateurs : semi-professionnels dans le secteur du bois fin et mi-lourd<\/li>\n<li>Fabriqu\u00e9 en Allemagne<\/li>\n<\/ul>\n","protected":false},"excerpt":{"rendered":"<p>Le Bast Ing EcoVal est un coin \u00e0 vis pour propri\u00e9taires de for\u00eats priv\u00e9es destin\u00e9 au bois de duret\u00e9 moyenne.<\/p>\n","protected":false},"featured_media":662269,"template":"","meta":{"_seopress_robots_primary_cat":"none","_seopress_titles_title":"","_seopress_titles_desc":"","_seopress_robots_index":""},"product_brand":[6636],"product_cat":[29,550,268,33,537],"product_tag":[],"class_list":{"0":"post-662266","1":"product","2":"type-product","3":"status-publish","4":"has-post-thumbnail","6":"product_brand-bast-ing","7":"product_cat-macchinari","8":"product_cat-accessori-per-trapani-ed-avvitatori","9":"product_cat-motoseghe","10":"product_cat-attrezzature","11":"product_cat-attrezzatura-da-lavoro","12":"sws-gruppo-macchinari-fr","13":"sws-conto-ricavi-merci-rivendita-macchinari-fr","14":"sws-gruppo-iva-iva81-fr","16":"first","17":"instock","18":"sale","19":"shipping-taxable","20":"purchasable","21":"product-type-simple"},"_links":{"self":[{"href":"https:\/\/lucacastelli.com\/fr\/wp-json\/wp\/v2\/product\/662266","targetHints":{"allow":["GET"]}}],"collection":[{"href":"https:\/\/lucacastelli.com\/fr\/wp-json\/wp\/v2\/product"}],"about":[{"href":"https:\/\/lucacastelli.com\/fr\/wp-json\/wp\/v2\/types\/product"}],"wp:featuredmedia":[{"embeddable":true,"href":"https:\/\/lucacastelli.com\/fr\/wp-json\/wp\/v2\/media\/662269"}],"wp:attachment":[{"href":"https:\/\/lucacastelli.com\/fr\/wp-json\/wp\/v2\/media?parent=662266"}],"wp:term":[{"taxonomy":"product_brand","embeddable":true,"href":"https:\/\/lucacastelli.com\/fr\/wp-json\/wp\/v2\/product_brand?post=662266"},{"taxonomy":"product_cat","embeddable":true,"href":"https:\/\/lucacastelli.com\/fr\/wp-json\/wp\/v2\/product_cat?post=662266"},{"taxonomy":"product_tag","embeddable":true,"href":"https:\/\/lucacastelli.com\/fr\/wp-json\/wp\/v2\/product_tag?post=662266"}],"curies":[{"name":"wp","href":"https:\/\/api.w.org\/{rel}","templated":true}]}}