{"id":662251,"date":"2025-12-12T13:11:08","date_gmt":"2025-12-12T12:11:08","guid":{"rendered":"https:\/\/lucacastelli.com\/prodotto\/coin-bast-ing-pour-mandrin-unival\/"},"modified":"2025-12-12T13:11:08","modified_gmt":"2025-12-12T12:11:08","slug":"coin-bast-ing-pour-mandrin-unival","status":"publish","type":"product","link":"https:\/\/lucacastelli.com\/fr\/produit\/coin-bast-ing-pour-mandrin-unival\/","title":{"rendered":"Coin BaSt-Ing pour mandrin UniVal"},"content":{"rendered":"<p>Le coin \u00e0 vis UniVal de BaSt-Ing comble l&#8217;\u00e9cart entre Valfast et ValFix. Capacit\u00e9 de levage de 20 tonnes avec un poids propre de 3,7 kg. <\/p>\n<h3>Description<\/h3>\n<p>Le coin \u00e0 vis UniVal de BaSt-Ing comble l&#8217;\u00e9cart entre Valfast et ValFix.<\/p>\n<p>Le robuste coin \u00e0 vis qui simplifie consid\u00e9rablement le travail p\u00e9nible et long d&#8217;abattage des arbres. Optimis\u00e9 pour une utilisation avec des cl\u00e9s \u00e0 chocs, il peut n\u00e9anmoins \u00eatre utilis\u00e9 \u00e0 tout moment avec une cl\u00e9 \u00e0 cliquet. <\/p>\n<p>Le mandrin est fabriqu\u00e9 en acier CrMo de haute qualit\u00e9 et tourn\u00e9 dans la masse, ainsi UniVal r\u00e9siste de fa\u00e7on permanente m\u00eame aux cl\u00e9s \u00e0 chocs les plus puissantes jusqu&#8217;\u00e0 1400 Nm. UniVal est con\u00e7u pour le bois de r\u00e9sistance moyenne \u00e0 \u00e9lev\u00e9e et pour une utilisation quotidienne dans l&#8217;exploitation foresti\u00e8re professionnelle. L&#8217;entretien simple et la lubrification suffisante, m\u00eame pendant les longues journ\u00e9es de travail, sont garantis par les graisseurs sur les deux \u00e9crous filet\u00e9s.  <\/p>\n<p>\u2013 Poids : 3,7 kg<\/p>\n<p>\u2013 Dimensions (LxPxH) : 37 x 13 x 8 cm<\/p>\n<p>\u2013 Angle du coin : 14\u00b0<\/p>\n<p>\u2013 Course du coin : 16 cm<\/p>\n<p>\u2013 Cl\u00e9 \u00e0 chocs max. : 1400 Nm<\/p>\n<p>\u2013 Capacit\u00e9 de levage : 20 t<\/p>\n<p>\u2013 Entra\u00eenement : hexagone de 17 mm<\/p>\n<p>Cl\u00e9s \u00e0 chocs compatibles<\/p>\n<p>\u2013 Maktia DTW1002 &amp; DTW1001<\/p>\n<p>\u2013 Milwaukee ONFHIWF12<\/p>\n<p>\u2013 Bosch GDS18V-1050H<\/p>\n<p>\u2013 DeWalt DCF899 \/ DCF900<\/p>\n","protected":false},"excerpt":{"rendered":"<p>Le coin \u00e0 vis UniVal de BaSt-Ing comble l&#8217;\u00e9cart entre Valfast et ValFix. Capacit\u00e9 de levage de 20 tonnes avec<\/p>\n","protected":false},"featured_media":662253,"template":"","meta":{"_seopress_robots_primary_cat":"none","_seopress_titles_title":"","_seopress_titles_desc":"","_seopress_robots_index":""},"product_brand":[6636],"product_cat":[29,550,268,33,537],"product_tag":[],"class_list":{"0":"post-662251","1":"product","2":"type-product","3":"status-publish","4":"has-post-thumbnail","6":"product_brand-bast-ing","7":"product_cat-macchinari","8":"product_cat-accessori-per-trapani-ed-avvitatori","9":"product_cat-motoseghe","10":"product_cat-attrezzature","11":"product_cat-attrezzatura-da-lavoro","12":"sws-gruppo-macchinari-fr","13":"sws-conto-ricavi-merci-rivendita-macchinari-fr","14":"sws-gruppo-iva-iva81-fr","16":"first","17":"instock","18":"sale","19":"shipping-taxable","20":"purchasable","21":"product-type-simple"},"_links":{"self":[{"href":"https:\/\/lucacastelli.com\/fr\/wp-json\/wp\/v2\/product\/662251","targetHints":{"allow":["GET"]}}],"collection":[{"href":"https:\/\/lucacastelli.com\/fr\/wp-json\/wp\/v2\/product"}],"about":[{"href":"https:\/\/lucacastelli.com\/fr\/wp-json\/wp\/v2\/types\/product"}],"wp:featuredmedia":[{"embeddable":true,"href":"https:\/\/lucacastelli.com\/fr\/wp-json\/wp\/v2\/media\/662253"}],"wp:attachment":[{"href":"https:\/\/lucacastelli.com\/fr\/wp-json\/wp\/v2\/media?parent=662251"}],"wp:term":[{"taxonomy":"product_brand","embeddable":true,"href":"https:\/\/lucacastelli.com\/fr\/wp-json\/wp\/v2\/product_brand?post=662251"},{"taxonomy":"product_cat","embeddable":true,"href":"https:\/\/lucacastelli.com\/fr\/wp-json\/wp\/v2\/product_cat?post=662251"},{"taxonomy":"product_tag","embeddable":true,"href":"https:\/\/lucacastelli.com\/fr\/wp-json\/wp\/v2\/product_tag?post=662251"}],"curies":[{"name":"wp","href":"https:\/\/api.w.org\/{rel}","templated":true}]}}