{"id":662236,"date":"2025-12-13T10:23:45","date_gmt":"2025-12-13T09:23:45","guid":{"rendered":"https:\/\/lucacastelli.com\/prodotto\/coin-de-fendage-conique-bast-ing-minifix\/"},"modified":"2025-12-16T09:05:39","modified_gmt":"2025-12-16T08:05:39","slug":"coin-de-fendage-conique-bast-ing-minifix","status":"publish","type":"product","link":"https:\/\/lucacastelli.com\/fr\/produit\/coin-de-fendage-conique-bast-ing-minifix\/","title":{"rendered":"Coin de fendage conique BaSt-Ing MiniFix"},"content":{"rendered":"<p>Le coin de fendage conique BaSt-Ing MiniFix s&#8217;ins\u00e8re automatiquement dans le trait de scie gr\u00e2ce \u00e0 sa forme conique. Contrairement aux coins coniques traditionnels, la force de levage est transmise \u00e0 l&#8217;arbre par un coin en aluminium. Cette structure permet de g\u00e9n\u00e9rer une force de levage nettement sup\u00e9rieure \u00e0 celle des coins coniques traditionnels, tout en garantissant une construction plus simple et plus robuste.  <\/p>\n<p>Le MiniFix est parfait en combinaison avec le ValFix pour une utilisation quotidienne. L&#8217;association du MiniFix et du ValFix offre des avantages particuliers dans le travail quotidien en for\u00eat. <\/p>\n<p>Id\u00e9al pour abattre rapidement et en toute s\u00e9curit\u00e9 des arbres l\u00e9g\u00e8rement inclin\u00e9s vers l&#8217;arri\u00e8re.<\/p>\n<p>La force de levage du ValFix peut \u00eatre augment\u00e9e par l&#8217;utilisation suppl\u00e9mentaire du MiniFix.<\/p>\n<p>Lors du repositionnement du ValFix, le MiniFix sert \u00e0 soutenir l&#8217;arbre.<\/p>\n<p>Gr\u00e2ce \u00e0 sa forme adapt\u00e9e \u00e0 l&#8217;arbre, le MiniFix s&#8217;ins\u00e8re \u00e9galement dans les traits de scie ferm\u00e9s pour lib\u00e9rer rapidement et facilement une tron\u00e7onneuse bloqu\u00e9e.<\/p>\n<p>Le MiniFix dispose d&#8217;un entra\u00eenement de 10 mm et de 24 mm. Il peut donc \u00eatre utilis\u00e9 en combinaison avec ValFix et ValFast.<\/p>\n<p>Poids : 1,4 kg<\/p>\n<p>Dimensions : 34x7x4 cm<\/p>\n<h3>Description<\/h3>\n<p>Le coin de fendage MiniFix de BaSt-Ing s&#8217;ins\u00e8re automatiquement dans le trait de scie gr\u00e2ce \u00e0 sa forme conique.<\/p>\n<p>Fabriqu\u00e9 en Allemagne<\/p>\n","protected":false},"excerpt":{"rendered":"<p>Le coin de fendage conique BaSt-Ing MiniFix s&#8217;ins\u00e8re automatiquement dans le trait de scie gr\u00e2ce \u00e0 sa forme conique. Contrairement<\/p>\n","protected":false},"featured_media":662237,"template":"","meta":{"_seopress_robots_primary_cat":"none","_seopress_titles_title":"","_seopress_titles_desc":"","_seopress_robots_index":""},"product_brand":[6636],"product_cat":[29,550,268,33,537],"product_tag":[],"class_list":{"0":"post-662236","1":"product","2":"type-product","3":"status-publish","4":"has-post-thumbnail","6":"product_brand-bast-ing","7":"product_cat-macchinari","8":"product_cat-accessori-per-trapani-ed-avvitatori","9":"product_cat-motoseghe","10":"product_cat-attrezzature","11":"product_cat-attrezzatura-da-lavoro","12":"sws-gruppo-macchinari-fr","13":"sws-conto-ricavi-merci-rivendita-macchinari-fr","14":"sws-gruppo-iva-iva81-fr","16":"first","17":"instock","18":"sale","19":"shipping-taxable","20":"purchasable","21":"product-type-simple"},"_links":{"self":[{"href":"https:\/\/lucacastelli.com\/fr\/wp-json\/wp\/v2\/product\/662236","targetHints":{"allow":["GET"]}}],"collection":[{"href":"https:\/\/lucacastelli.com\/fr\/wp-json\/wp\/v2\/product"}],"about":[{"href":"https:\/\/lucacastelli.com\/fr\/wp-json\/wp\/v2\/types\/product"}],"wp:featuredmedia":[{"embeddable":true,"href":"https:\/\/lucacastelli.com\/fr\/wp-json\/wp\/v2\/media\/662237"}],"wp:attachment":[{"href":"https:\/\/lucacastelli.com\/fr\/wp-json\/wp\/v2\/media?parent=662236"}],"wp:term":[{"taxonomy":"product_brand","embeddable":true,"href":"https:\/\/lucacastelli.com\/fr\/wp-json\/wp\/v2\/product_brand?post=662236"},{"taxonomy":"product_cat","embeddable":true,"href":"https:\/\/lucacastelli.com\/fr\/wp-json\/wp\/v2\/product_cat?post=662236"},{"taxonomy":"product_tag","embeddable":true,"href":"https:\/\/lucacastelli.com\/fr\/wp-json\/wp\/v2\/product_tag?post=662236"}],"curies":[{"name":"wp","href":"https:\/\/api.w.org\/{rel}","templated":true}]}}