{"id":662203,"date":"2025-12-09T16:48:36","date_gmt":"2025-12-09T15:48:36","guid":{"rendered":"https:\/\/lucacastelli.com\/prodotto\/treuil-portable-pcw3000-li-kit\/"},"modified":"2025-12-09T16:48:36","modified_gmt":"2025-12-09T15:48:36","slug":"treuil-portable-pcw3000-li-kit","status":"publish","type":"product","link":"https:\/\/lucacastelli.com\/fr\/produit\/treuil-portable-pcw3000-li-kit\/","title":{"rendered":"Treuil portable PCW3000-Li KIT"},"content":{"rendered":"<p>Le treuil Portable Winch PCW3000-Li KIT est un treuil simple et l\u00e9ger, aliment\u00e9 par batterie, avec trois niveaux et une force de traction de 1000 kg, pour un poids de seulement 9,5 kg.<\/p>\n<h3>Description<\/h3>\n<p>Le treuil Portable Winch PCW3000-Li KIT est un treuil \u00e0 batterie simple et l\u00e9ger avec trois niveaux de puissance, une force de traction de 1000 kg et un poids de seulement 9,5 kg.<\/p>\n<p>\u00c9quip\u00e9 d&#8217;un puissant moteur r\u00e9glable sur trois vitesses, le PCW3000-Li peut \u00eatre utilis\u00e9 aussi bien \u00e0 l&#8217;int\u00e9rieur qu&#8217;\u00e0 l&#8217;ext\u00e9rieur jusqu&#8217;\u00e0 -14 \u00b0C. Un moteur \u00e9lectrique sans balais, inclinable \u00e0 360\u00b0. Il s&#8217;agit d&#8217;un entra\u00eenement direct, donc sans embrayage.  <\/p>\n<p>Selon la vitesse s\u00e9lectionn\u00e9e et le poids de la charge tract\u00e9e, la batterie assure de 20 \u00e0 40 minutes de traction continue sans perte de puissance. Il est toujours pr\u00eat \u00e0 l&#8217;emploi et ne n\u00e9cessite aucun entretien lorsqu&#8217;il est \u00e9teint. <\/p>\n<p>Le kit comprend<\/p>\n<ul>\n<li>1x treuil PCW3000-Li<\/li>\n<li>1x sac pour ranger et transporter la corde<\/li>\n<li>1x corde de 50 m pour un fonctionnement fluide<\/li>\n<li>1x RopeWizer : le terminal de c\u00e2ble simple qui permet d&#8217;exploiter presque 100 % de la capacit\u00e9 du c\u00e2ble et de fixer facilement le mousqueton<\/li>\n<li>1x poulie de renvoi pour d\u00e9vier l&#8217;angle de traction ou doubler la force du treuil<\/li>\n<li>2x mousquetons en acier, un pour relier la poulie \u00e0 la sangle et un pour l&#8217;extr\u00e9mit\u00e9 du c\u00e2ble<\/li>\n<li>1x crochet de s\u00e9curit\u00e9 avec fermeture \u00e0 fixer \u00e0 l&#8217;extr\u00e9mit\u00e9 de la corde pour attacher facilement la charge<\/li>\n<li>1x sangle en polyester de 2 m pour fixer la poulie, par exemple \u00e0 un arbre<\/li>\n<li>1x sangle circulaire en polyester de 2,5 m pour fixer le treuil o\u00f9 n\u00e9cessaire !<\/li>\n<li>Batterie Cramer 82V lithium-ion<\/li>\n<li>Chargeur rapide<\/li>\n<\/ul>\n","protected":false},"excerpt":{"rendered":"<p>Le treuil Portable Winch PCW3000-Li KIT est un treuil simple et l\u00e9ger, aliment\u00e9 par batterie, avec trois niveaux et une<\/p>\n","protected":false},"featured_media":659739,"template":"","meta":{"_seopress_robots_primary_cat":"none","_seopress_titles_title":"","_seopress_titles_desc":"","_seopress_robots_index":""},"product_brand":[6633],"product_cat":[33,537],"product_tag":[],"class_list":{"0":"post-662203","1":"product","2":"type-product","3":"status-publish","4":"has-post-thumbnail","6":"product_brand-portable-winch","7":"product_cat-attrezzature","8":"product_cat-attrezzatura-da-lavoro","9":"sws-gruppo-attrezz-fr","10":"sws-conto-ricavi-merci-rivendita-abbigliamento-fr","11":"sws-gruppo-iva-iva81-fr","13":"first","14":"instock","15":"shipping-taxable","16":"purchasable","17":"product-type-simple"},"_links":{"self":[{"href":"https:\/\/lucacastelli.com\/fr\/wp-json\/wp\/v2\/product\/662203","targetHints":{"allow":["GET"]}}],"collection":[{"href":"https:\/\/lucacastelli.com\/fr\/wp-json\/wp\/v2\/product"}],"about":[{"href":"https:\/\/lucacastelli.com\/fr\/wp-json\/wp\/v2\/types\/product"}],"wp:featuredmedia":[{"embeddable":true,"href":"https:\/\/lucacastelli.com\/fr\/wp-json\/wp\/v2\/media\/659739"}],"wp:attachment":[{"href":"https:\/\/lucacastelli.com\/fr\/wp-json\/wp\/v2\/media?parent=662203"}],"wp:term":[{"taxonomy":"product_brand","embeddable":true,"href":"https:\/\/lucacastelli.com\/fr\/wp-json\/wp\/v2\/product_brand?post=662203"},{"taxonomy":"product_cat","embeddable":true,"href":"https:\/\/lucacastelli.com\/fr\/wp-json\/wp\/v2\/product_cat?post=662203"},{"taxonomy":"product_tag","embeddable":true,"href":"https:\/\/lucacastelli.com\/fr\/wp-json\/wp\/v2\/product_tag?post=662203"}],"curies":[{"name":"wp","href":"https:\/\/api.w.org\/{rel}","templated":true}]}}