{"id":662195,"date":"2025-12-13T10:23:44","date_gmt":"2025-12-13T09:23:44","guid":{"rendered":"https:\/\/lucacastelli.com\/prodotto\/coin-bast-ing-pour-mandrin-valfast\/"},"modified":"2025-12-13T10:23:44","modified_gmt":"2025-12-13T09:23:44","slug":"coin-bast-ing-pour-mandrin-valfast","status":"publish","type":"product","link":"https:\/\/lucacastelli.com\/fr\/produit\/coin-bast-ing-pour-mandrin-valfast\/","title":{"rendered":"Coin BaSt-Ing pour mandrin ValFast"},"content":{"rendered":"<p>&nbsp;<\/p>\n<p>Le coin \u00e0 vis ValFast de BaSt-Ing est utilis\u00e9 comme alternative au travail p\u00e9nible avec le coin lors de la r\u00e9colte du bois. Gr\u00e2ce au coin m\u00e9canique, il est possible de laisser la hache ou le marteau \u00e0 la maison. <\/p>\n<h3>Description<\/h3>\n<p>Le coin \u00e0 vis ValFast de BaSt-Ing est utilis\u00e9 comme alternative au travail p\u00e9nible avec le coin lors de la r\u00e9colte du bois. Gr\u00e2ce au coin m\u00e9canique, la hache ou le marteau peuvent \u00eatre laiss\u00e9s \u00e0 la maison. <\/p>\n<p>Le coin est optimis\u00e9 pour une utilisation avec une cl\u00e9 \u00e0 chocs. Le ValFast utilise des paliers lisses au lieu de roulements \u00e0 billes ou \u00e0 rouleaux. Ceux-ci absorbent les forces axiales. Le coin peut \u00e9galement \u00eatre utilis\u00e9 avec une cl\u00e9 \u00e0 cliquet. Depuis 2022, il est fabriqu\u00e9 en acier CrMo de haute qualit\u00e9 \u00e0 partir d&#8217;une seule pi\u00e8ce et r\u00e9siste donc m\u00eame aux cl\u00e9s \u00e0 chocs les plus puissantes. De plus, le support et le design de la pointe du coin ont \u00e9t\u00e9 r\u00e9vis\u00e9s. ValFast est donc un coin d&#8217;abattage robuste et bien con\u00e7u pour une utilisation quotidienne dans la r\u00e9colte professionnelle du bois.      <\/p>\n<p>Avantages de l&#8217;utilisation d&#8217;un coin m\u00e9canique<\/p>\n<ul>\n<li>Coins sans vibrations<\/li>\n<li>Risque de chute du bois consid\u00e9rablement r\u00e9duit<\/li>\n<li>Travail plus ergonomique gr\u00e2ce aux forces de levage \u00e9lev\u00e9es<\/li>\n<li>S\u00e9curit\u00e9 accrue lors de l&#8217;abattage sur terrains en pente<\/li>\n<\/ul>\n<p>Types de cl\u00e9s \u00e0 chocs adapt\u00e9s :<\/p>\n<ul>\n<li>Makita DTW1002 et DTW1001 18V<\/li>\n<li>Makita TW001G 40V<\/li>\n<li>Milwaukee ONFHIWF12 et ONEFHIWF34<\/li>\n<li>Bosch GDS18V-1050H<\/li>\n<li>DeWalt DCF899 et DCF900<\/li>\n<li>DeWalt DCF961<\/li>\n<\/ul>\n<p>Donn\u00e9es techniques<\/p>\n<ul>\n<li>Poids : 5,0 kg<\/li>\n<li>Dimensions (LxPxH) : 43 x 13 x 8 cm<\/li>\n<li>Angle du coin : 14\u00b0<\/li>\n<li>Course du coin : 20 cm<\/li>\n<li>Cl\u00e9 \u00e0 chocs max. : 1600 Nm<\/li>\n<li>Force de levage : 26 t<\/li>\n<li>Entra\u00eenement : hexagonal 24 mm<\/li>\n<\/ul>\n<p>Gr\u00e2ce au coin robuste pour mandrin de BaSt-Ing, le travail fastidieux et chronophage du coin\u00e7age des arbres appartient d\u00e9sormais au pass\u00e9.<\/p>\n<p>\u00c0 l&#8217;aide de ValLink, ValFast peut \u00eatre connect\u00e9 \u00e0 la cl\u00e9 \u00e0 chocs. De plus, \u00e0 l&#8217;aide d&#8217;un m\u00e8tre ruban, la cl\u00e9 peut \u00eatre actionn\u00e9e \u00e0 une distance de s\u00e9curit\u00e9. \u00ab La solution radio \u00e9conomique \u00bb  <\/p>\n<p>Accessoires disponibles en option :<\/p>\n<ul>\n<li>Douille de 24 mm<\/li>\n<li>ValLink avec connexion rigide \u00e0 la cl\u00e9 \u00e0 chocs et encoche pour le m\u00e8tre ruban forestier pour l&#8217;actionnement \u00e0 distance (la cl\u00e9 \u00e0 chocs peut \u00eatre s\u00e9par\u00e9e du coin en quelques secondes et utilis\u00e9e en atelier)<\/li>\n<\/ul>\n<p>Les accessoires illustr\u00e9s dans les images ne sont pas inclus dans la livraison.<\/p>\n","protected":false},"excerpt":{"rendered":"<p>&nbsp; Le coin \u00e0 vis ValFast de BaSt-Ing est utilis\u00e9 comme alternative au travail p\u00e9nible avec le coin lors de<\/p>\n","protected":false},"featured_media":662196,"template":"","meta":{"_seopress_robots_primary_cat":"none","_seopress_titles_title":"","_seopress_titles_desc":"","_seopress_robots_index":""},"product_brand":[6636],"product_cat":[29,550,268,33,537],"product_tag":[],"class_list":{"0":"post-662195","1":"product","2":"type-product","3":"status-publish","4":"has-post-thumbnail","6":"product_brand-bast-ing","7":"product_cat-macchinari","8":"product_cat-accessori-per-trapani-ed-avvitatori","9":"product_cat-motoseghe","10":"product_cat-attrezzature","11":"product_cat-attrezzatura-da-lavoro","12":"sws-gruppo-macchinari-fr","13":"sws-conto-ricavi-merci-rivendita-macchinari-fr","14":"sws-gruppo-iva-iva81-fr","16":"first","17":"instock","18":"sale","19":"shipping-taxable","20":"purchasable","21":"product-type-simple"},"_links":{"self":[{"href":"https:\/\/lucacastelli.com\/fr\/wp-json\/wp\/v2\/product\/662195","targetHints":{"allow":["GET"]}}],"collection":[{"href":"https:\/\/lucacastelli.com\/fr\/wp-json\/wp\/v2\/product"}],"about":[{"href":"https:\/\/lucacastelli.com\/fr\/wp-json\/wp\/v2\/types\/product"}],"wp:featuredmedia":[{"embeddable":true,"href":"https:\/\/lucacastelli.com\/fr\/wp-json\/wp\/v2\/media\/662196"}],"wp:attachment":[{"href":"https:\/\/lucacastelli.com\/fr\/wp-json\/wp\/v2\/media?parent=662195"}],"wp:term":[{"taxonomy":"product_brand","embeddable":true,"href":"https:\/\/lucacastelli.com\/fr\/wp-json\/wp\/v2\/product_brand?post=662195"},{"taxonomy":"product_cat","embeddable":true,"href":"https:\/\/lucacastelli.com\/fr\/wp-json\/wp\/v2\/product_cat?post=662195"},{"taxonomy":"product_tag","embeddable":true,"href":"https:\/\/lucacastelli.com\/fr\/wp-json\/wp\/v2\/product_tag?post=662195"}],"curies":[{"name":"wp","href":"https:\/\/api.w.org\/{rel}","templated":true}]}}