{"id":662185,"date":"2025-12-12T12:43:39","date_gmt":"2025-12-12T11:43:39","guid":{"rendered":"https:\/\/lucacastelli.com\/prodotto\/coin-bast-ing-pour-mandrin-maxval\/"},"modified":"2025-12-12T12:43:39","modified_gmt":"2025-12-12T11:43:39","slug":"coin-bast-ing-pour-mandrin-maxval","status":"publish","type":"product","link":"https:\/\/lucacastelli.com\/fr\/produit\/coin-bast-ing-pour-mandrin-maxval\/","title":{"rendered":"Coin BaSt-Ing pour mandrin MaxVal"},"content":{"rendered":"<p>Le coin \u00e0 vis BaSt-Ing MaxVal est le plus grand coin \u00e0 vis de la gamme et est sp\u00e9cialement con\u00e7u pour le bois dur.<\/p>\n<p>La conception du MaxVal est ax\u00e9e sur une force de levage maximale et une structure robuste.<\/p>\n<p>La vis d&#8217;entra\u00eenement est fabriqu\u00e9e en acier CrMo hautement tremp\u00e9 d&#8217;une \u00e9paisseur de 32 mm. Le MaxVal est actionn\u00e9 avec une cl\u00e9 de 24 mm. Le mandrin d&#8217;entra\u00eenement du MaxVal est partiellement int\u00e9gr\u00e9, la moiti\u00e9 du mandrin \u00e9tant prot\u00e9g\u00e9e \u00e0 l&#8217;int\u00e9rieur de la pointe du coin. La seconde moiti\u00e9 du mandrin, plus courte, d\u00e9passe de 140 mm du coin d&#8217;abattage. <\/p>\n<p><b>Donn\u00e9es techniques<\/b><\/p>\n<ul>\n<li>Force de levage : 30 t<\/li>\n<li>Angle du coin : 14\u00b0<\/li>\n<li>Poids : 6,0 kg<\/li>\n<li>Visseuse \u00e0 chocs de 1000 Nm<\/li>\n<li>Longueur : 52 cm<\/li>\n<li>Largeur du coin : 8 cm<\/li>\n<li>Largeur totale : 13 cm<\/li>\n<li>Hauteur de levage : 8 cm<\/li>\n<li>Ouverture de cl\u00e9 : 24 mm<\/li>\n<li>Diam\u00e8tre du mandrin : 32 mm<\/li>\n<li>Mat\u00e9riau du mandrin : acier CrMo hautement tremp\u00e9<\/li>\n<li>Pas de vis : 6 mm<\/li>\n<li>Fabriqu\u00e9 en Allemagne<\/li>\n<\/ul>\n","protected":false},"excerpt":{"rendered":"<p>Le coin \u00e0 vis BaSt-Ing MaxVal est le plus grand coin \u00e0 vis de la gamme et est sp\u00e9cialement con\u00e7u<\/p>\n","protected":false},"featured_media":662188,"template":"","meta":{"_seopress_robots_primary_cat":"none","_seopress_titles_title":"","_seopress_titles_desc":"","_seopress_robots_index":""},"product_brand":[6636],"product_cat":[29,550,268,33,537],"product_tag":[],"class_list":{"0":"post-662185","1":"product","2":"type-product","3":"status-publish","4":"has-post-thumbnail","6":"product_brand-bast-ing","7":"product_cat-macchinari","8":"product_cat-accessori-per-trapani-ed-avvitatori","9":"product_cat-motoseghe","10":"product_cat-attrezzature","11":"product_cat-attrezzatura-da-lavoro","12":"sws-gruppo-macchinari-fr","13":"sws-conto-ricavi-merci-rivendita-macchinari-fr","14":"sws-gruppo-iva-iva81-fr","16":"first","17":"instock","18":"sale","19":"shipping-taxable","20":"purchasable","21":"product-type-simple"},"_links":{"self":[{"href":"https:\/\/lucacastelli.com\/fr\/wp-json\/wp\/v2\/product\/662185","targetHints":{"allow":["GET"]}}],"collection":[{"href":"https:\/\/lucacastelli.com\/fr\/wp-json\/wp\/v2\/product"}],"about":[{"href":"https:\/\/lucacastelli.com\/fr\/wp-json\/wp\/v2\/types\/product"}],"wp:featuredmedia":[{"embeddable":true,"href":"https:\/\/lucacastelli.com\/fr\/wp-json\/wp\/v2\/media\/662188"}],"wp:attachment":[{"href":"https:\/\/lucacastelli.com\/fr\/wp-json\/wp\/v2\/media?parent=662185"}],"wp:term":[{"taxonomy":"product_brand","embeddable":true,"href":"https:\/\/lucacastelli.com\/fr\/wp-json\/wp\/v2\/product_brand?post=662185"},{"taxonomy":"product_cat","embeddable":true,"href":"https:\/\/lucacastelli.com\/fr\/wp-json\/wp\/v2\/product_cat?post=662185"},{"taxonomy":"product_tag","embeddable":true,"href":"https:\/\/lucacastelli.com\/fr\/wp-json\/wp\/v2\/product_tag?post=662185"}],"curies":[{"name":"wp","href":"https:\/\/api.w.org\/{rel}","templated":true}]}}