{"id":662184,"date":"2025-12-11T17:26:13","date_gmt":"2025-12-11T16:26:13","guid":{"rendered":"https:\/\/lucacastelli.com\/prodotto\/eder-cable-de-traction-eder-spillwindenzugseil-9-mm-50-metres\/"},"modified":"2025-12-11T17:26:13","modified_gmt":"2025-12-11T16:26:13","slug":"eder-cable-de-traction-eder-spillwindenzugseil-9-mm-50-metres","status":"publish","type":"product","link":"https:\/\/lucacastelli.com\/fr\/produit\/eder-cable-de-traction-eder-spillwindenzugseil-9-mm-50-metres\/","title":{"rendered":"EDER C\u00e2ble de traction Eder Spillwindenzugseil 9 mm 50 m\u00e8tres"},"content":{"rendered":"<p>C\u00e2ble pour treuil sp\u00e9cialement d\u00e9velopp\u00e9. Pour treuil Eder 400\/500\/1200<br \/>\nForce de traction admise 1,3 t<br \/>\nCharge de rupture 2500 daN<br \/>\nAvec redance d&#8217;un c\u00f4t\u00e9 <\/p>\n","protected":false},"excerpt":{"rendered":"<p>C\u00e2ble pour treuil sp\u00e9cialement d\u00e9velopp\u00e9. Pour treuil Eder 400\/500\/1200 Force de traction admise 1,3 t Charge de rupture 2500 daN<\/p>\n","protected":false},"featured_media":661541,"template":"","meta":{"_seopress_robots_primary_cat":"none","_seopress_titles_title":"","_seopress_titles_desc":"","_seopress_robots_index":""},"product_brand":[3417],"product_cat":[33,537],"product_tag":[],"class_list":{"0":"post-662184","1":"product","2":"type-product","3":"status-publish","4":"has-post-thumbnail","6":"product_brand-eder","7":"product_cat-attrezzature","8":"product_cat-attrezzatura-da-lavoro","9":"sws-gruppo-macchinari-fr","10":"sws-conto-ricavi-merci-rivendita-macchinari-fr","11":"sws-gruppo-iva-iva81-fr","13":"first","14":"instock","15":"shipping-taxable","16":"purchasable","17":"product-type-simple"},"_links":{"self":[{"href":"https:\/\/lucacastelli.com\/fr\/wp-json\/wp\/v2\/product\/662184","targetHints":{"allow":["GET"]}}],"collection":[{"href":"https:\/\/lucacastelli.com\/fr\/wp-json\/wp\/v2\/product"}],"about":[{"href":"https:\/\/lucacastelli.com\/fr\/wp-json\/wp\/v2\/types\/product"}],"wp:featuredmedia":[{"embeddable":true,"href":"https:\/\/lucacastelli.com\/fr\/wp-json\/wp\/v2\/media\/661541"}],"wp:attachment":[{"href":"https:\/\/lucacastelli.com\/fr\/wp-json\/wp\/v2\/media?parent=662184"}],"wp:term":[{"taxonomy":"product_brand","embeddable":true,"href":"https:\/\/lucacastelli.com\/fr\/wp-json\/wp\/v2\/product_brand?post=662184"},{"taxonomy":"product_cat","embeddable":true,"href":"https:\/\/lucacastelli.com\/fr\/wp-json\/wp\/v2\/product_cat?post=662184"},{"taxonomy":"product_tag","embeddable":true,"href":"https:\/\/lucacastelli.com\/fr\/wp-json\/wp\/v2\/product_tag?post=662184"}],"curies":[{"name":"wp","href":"https:\/\/api.w.org\/{rel}","templated":true}]}}