{"id":662171,"date":"2025-12-10T16:48:55","date_gmt":"2025-12-10T15:48:55","guid":{"rendered":"https:\/\/lucacastelli.com\/prodotto\/docma-traineau-multifonction\/"},"modified":"2025-12-10T16:48:55","modified_gmt":"2025-12-10T15:48:55","slug":"docma-traineau-multifonction","status":"publish","type":"product","link":"https:\/\/lucacastelli.com\/fr\/produit\/docma-traineau-multifonction\/","title":{"rendered":"DOCMA \u2013 Tra\u00eeneau multifonction"},"content":{"rendered":"<p>En mat\u00e9riau composite \u00e0 haute r\u00e9sistance m\u00e9canique, pour le transport de bois, de troncs et de mat\u00e9riaux, modulable selon vos besoins, pr\u00e9par\u00e9 pour la fixation du treuil Docma BOLD VF 80, VF 105 RED IRON dimensions, longueur 1000\/1070 mm, largeur 700 mm, hauteur 140 mm, poids Kg<br \/>\nComprend R\u00e9f. DOC-310240 + DOC-310243 + 310249 (sangle 35 mm x 2 m\u00e8tres) <\/p>\n","protected":false},"excerpt":{"rendered":"<p>En mat\u00e9riau composite \u00e0 haute r\u00e9sistance m\u00e9canique, pour le transport de bois, de troncs et de mat\u00e9riaux, modulable selon vos<\/p>\n","protected":false},"featured_media":660399,"template":"","meta":{"_seopress_robots_primary_cat":"none","_seopress_titles_title":"","_seopress_titles_desc":"","_seopress_robots_index":""},"product_brand":[6637],"product_cat":[144,1397],"product_tag":[],"class_list":{"0":"post-662171","1":"product","2":"type-product","3":"status-publish","4":"has-post-thumbnail","6":"product_brand-docma","7":"product_cat-equipement","8":"product_cat-equipement-de-travail","9":"sws-gruppo-macchinari-fr","10":"sws-conto-ricavi-merci-rivendita-macchinari-fr","11":"sws-gruppo-iva-iva81-fr","13":"first","14":"instock","15":"shipping-taxable","16":"purchasable","17":"product-type-simple"},"_links":{"self":[{"href":"https:\/\/lucacastelli.com\/fr\/wp-json\/wp\/v2\/product\/662171","targetHints":{"allow":["GET"]}}],"collection":[{"href":"https:\/\/lucacastelli.com\/fr\/wp-json\/wp\/v2\/product"}],"about":[{"href":"https:\/\/lucacastelli.com\/fr\/wp-json\/wp\/v2\/types\/product"}],"wp:featuredmedia":[{"embeddable":true,"href":"https:\/\/lucacastelli.com\/fr\/wp-json\/wp\/v2\/media\/660399"}],"wp:attachment":[{"href":"https:\/\/lucacastelli.com\/fr\/wp-json\/wp\/v2\/media?parent=662171"}],"wp:term":[{"taxonomy":"product_brand","embeddable":true,"href":"https:\/\/lucacastelli.com\/fr\/wp-json\/wp\/v2\/product_brand?post=662171"},{"taxonomy":"product_cat","embeddable":true,"href":"https:\/\/lucacastelli.com\/fr\/wp-json\/wp\/v2\/product_cat?post=662171"},{"taxonomy":"product_tag","embeddable":true,"href":"https:\/\/lucacastelli.com\/fr\/wp-json\/wp\/v2\/product_tag?post=662171"}],"curies":[{"name":"wp","href":"https:\/\/api.w.org\/{rel}","templated":true}]}}