{"id":662162,"date":"2025-12-10T17:40:23","date_gmt":"2025-12-10T16:40:23","guid":{"rendered":"https:\/\/lucacastelli.com\/prodotto\/eder-plaque-de-fixation-pour-attelage-de-remorque-a-tete-spherique\/"},"modified":"2025-12-10T17:40:23","modified_gmt":"2025-12-10T16:40:23","slug":"eder-plaque-de-fixation-pour-attelage-de-remorque-a-tete-spherique","status":"publish","type":"product","link":"https:\/\/lucacastelli.com\/fr\/produit\/eder-plaque-de-fixation-pour-attelage-de-remorque-a-tete-spherique\/","title":{"rendered":"EDER Plaque de fixation pour attelage de remorque \u00e0 t\u00eate sph\u00e9rique"},"content":{"rendered":"<p>La plaque de fixation Eder pour tous les attelages de remorque \u00e0 boule traditionnels est utilis\u00e9e avec le treuil \u00e9lectrique Winch 500 B. Tout d&#8217;abord, la plaque de fixation est ins\u00e9r\u00e9e sur la t\u00eate sph\u00e9rique, puis le treuil Eder Winch 500 B est fix\u00e9 \u00e0 l&#8217;attelage au moyen d&#8217;une goupille de fixation. Force de traction max. 750 kg. Dimensions 200 x 80 x 70 mm. Poids 0,36 kg.  <\/p>\n","protected":false},"excerpt":{"rendered":"<p>La plaque de fixation Eder pour tous les attelages de remorque \u00e0 boule traditionnels est utilis\u00e9e avec le treuil \u00e9lectrique<\/p>\n","protected":false},"featured_media":660442,"template":"","meta":{"_seopress_robots_primary_cat":"","_seopress_titles_title":"","_seopress_titles_desc":"","_seopress_robots_index":""},"product_brand":[3627],"product_cat":[144,1397],"product_tag":[],"class_list":{"0":"post-662162","1":"product","2":"type-product","3":"status-publish","4":"has-post-thumbnail","6":"product_brand-eder-fr","7":"product_cat-equipement","8":"product_cat-equipement-de-travail","9":"sws-gruppo-macchinari-fr","10":"sws-conto-ricavi-merci-rivendita-macchinari-fr","11":"sws-gruppo-iva-iva81-fr","13":"first","14":"instock","15":"shipping-taxable","16":"purchasable","17":"product-type-simple"},"_links":{"self":[{"href":"https:\/\/lucacastelli.com\/fr\/wp-json\/wp\/v2\/product\/662162","targetHints":{"allow":["GET"]}}],"collection":[{"href":"https:\/\/lucacastelli.com\/fr\/wp-json\/wp\/v2\/product"}],"about":[{"href":"https:\/\/lucacastelli.com\/fr\/wp-json\/wp\/v2\/types\/product"}],"wp:featuredmedia":[{"embeddable":true,"href":"https:\/\/lucacastelli.com\/fr\/wp-json\/wp\/v2\/media\/660442"}],"wp:attachment":[{"href":"https:\/\/lucacastelli.com\/fr\/wp-json\/wp\/v2\/media?parent=662162"}],"wp:term":[{"taxonomy":"product_brand","embeddable":true,"href":"https:\/\/lucacastelli.com\/fr\/wp-json\/wp\/v2\/product_brand?post=662162"},{"taxonomy":"product_cat","embeddable":true,"href":"https:\/\/lucacastelli.com\/fr\/wp-json\/wp\/v2\/product_cat?post=662162"},{"taxonomy":"product_tag","embeddable":true,"href":"https:\/\/lucacastelli.com\/fr\/wp-json\/wp\/v2\/product_tag?post=662162"}],"curies":[{"name":"wp","href":"https:\/\/api.w.org\/{rel}","templated":true}]}}