{"id":656757,"date":"2025-12-02T13:52:26","date_gmt":"2025-12-02T12:52:26","guid":{"rendered":"https:\/\/lucacastelli.com\/prodotto\/ortovox-fleece-rib-jacket\/"},"modified":"2026-01-19T11:49:04","modified_gmt":"2026-01-19T10:49:04","slug":"ortovox-fleece-rib-jacket","status":"publish","type":"product","link":"https:\/\/lucacastelli.com\/fr\/produit\/ortovox-fleece-rib-jacket\/","title":{"rendered":"ORTOVOX FLEECE RIB JACKET"},"content":{"rendered":"<h3>Robuste veste technique en polaire pour l&#8217;escalade lors de vos journ\u00e9es sur le rocher<\/h3>\n<p>&nbsp;<\/p>\n<p>Fiable dans chaque mouvement, robuste et respirante : de la premi\u00e8re voie multi-longueurs \u00e0 Arco jusqu&#8217;aux big walls du Yosemite, la FLEECE RIB JACKET pour homme sera toujours dans son \u00e9l\u00e9ment.<\/p>\n<p>Les robustes inserts en MERINO SHIELD TEC prot\u00e8gent des abrasions caus\u00e9es par les rochers les plus durs et par le baudrier d&#8217;escalade dans les zones particuli\u00e8rement sollicit\u00e9es comme les avant-bras et les hanches. La coupe avec une zone d&#8217;aisselles ample garantit une grande libert\u00e9 de mouvement, m\u00eame dans les passages les plus exigeants. <\/p>\n<p>La fine structure \u00e0 canaux \u00e0 l&#8217;int\u00e9rieur du mat\u00e9riau \u00e9lastique MERINO FLEECE RIB assure une ventilation agr\u00e9able et pr\u00e9sente d&#8217;excellentes propri\u00e9t\u00e9s isolantes. De plus, la laine m\u00e9rinos agr\u00e9ablement douce sur la peau a un effet r\u00e9gulateur d&#8217;humidit\u00e9 et de temp\u00e9rature et pr\u00e9vient la formation de mauvaises odeurs. <\/p>\n<p>Gr\u00e2ce \u00e0 la fermeture \u00e9clair frontale \u00e0 double curseur, la veste peut \u00eatre enfil\u00e9e rapidement et confortablement par-dessus le baudrier d&#8217;escalade. Le col montant prot\u00e8ge efficacement du froid et du vent, tandis que les deux poches avant offrent beaucoup d&#8217;espace. <\/p>\n<p>Con\u00e7ue pour les parois les plus escarp\u00e9es et les itin\u00e9raires les plus longs : la polyvalente FLEECE RIB JACKET pour homme est indispensable pour vos aventures sur le rocher.<\/p>\n<p><span style=\"color: #1b1919; font-size: 22px;\">Caract\u00e9ristiques<\/span><\/p>\n<div class=\"pds__accordion-wrapper\">\n<div id=\"pds__accordion-features-wrapper\" class=\"pds__accordion-features-multi-target collapse show\" data-partial-multi-target=\"true\" data-parent=\"#pds__accordion-features\">\n<div class=\"pb-4\">\n<div class=\"overflow-hidden\">\n<div class=\"wysiwyg\">\n<ul>\n<li>Col de protection<\/li>\n<li>2 poches poitrine<\/li>\n<li>Fermeture \u00e9clair frontale \u00e0 double curseur<\/li>\n<li>Coupe r\u00e9guli\u00e8re<\/li>\n<\/ul>\n<p>&nbsp;<\/p>\n<div id=\"pds__accordion-material-properties-heading\" class=\"mb-4 mb-md-35\">\n<h3 class=\"pds__accordion-headline p-relative cursor-pointer p-0 m-0\"><span class=\"d-block p-0 accordion js-accordion-custom-toggle js-accordion-custom-toggle--hide-on-collapse\" tabindex=\"0\" role=\"button\" data-collapse=\"false\" data-target=\"#pds__accordion-material-properties-wrapper\" data-multitarget-disabled-mobile=\"\" aria-expanded=\"true\" aria-controls=\"pds__accordion-material-properties-wrapper\"><span class=\"d-flex justify-content-between align-items-center\"><span class=\"word-break-word\">Caract\u00e9ristiques du mat\u00e9riau<\/span><i class=\"accordion__icon pds__accordion-icon icon\"><\/i><\/span><\/span><\/h3>\n<\/div>\n<div class=\"pds__accordion-wrapper\">\n<div id=\"pds__accordion-material-properties-wrapper\" class=\"pds__accordion-material-properties-multi-target collapse show\" data-partial-multi-target=\"true\" data-parent=\"#pds__accordion-material-properties\">\n<div class=\"pb-4\">\n<div class=\"overflow-hidden\">\n<div class=\"wysiwyg\">\n<ul>\n<li>MERINO FLEECE RIB : Laine m\u00e9rinos au contact de la peau, structure \u00e0 canaux \u00e0 l&#8217;int\u00e9rieur (favorise la ventilation et pr\u00e9sente d&#8217;excellentes propri\u00e9t\u00e9s isolantes), hautement respirante, grande \u00e9lasticit\u00e9, r\u00e9gule l&#8217;humidit\u00e9<\/li>\n<li>MERINO SHIELD TEC : laine m\u00e9rinos au contact de la peau, haute r\u00e9sistance \u00e0 l&#8217;abrasion (&gt; 50 000 cycles d&#8217;abrasion au test Martindale), mat\u00e9riau coupe-vent, \u00e9lastique dans 4 directions, l\u00e9ger et \u00e0 s\u00e9chage rapide.<\/li>\n<\/ul>\n<p>MAT\u00c9RIAU PRINCIPAL 1 : 66 % polyester (recycl\u00e9) + 21 % laine (MERINO OWP) + 8 % \u00e9lasthanne + 5 % polyamide (recycl\u00e9)<\/p>\n<p>MAT\u00c9RIAU PRINCIPAL 2 : 74 % polyamide + 15 % laine (MERINO OWP) + 11 % \u00e9lasthanne<\/p>\n<\/div>\n<\/div>\n<\/div>\n<\/div>\n<\/div>\n<\/div>\n<\/div>\n<\/div>\n<\/div>\n<\/div>\n","protected":false},"excerpt":{"rendered":"<p>Robuste veste technique en polaire pour l&#8217;escalade lors de vos journ\u00e9es sur le rocher &nbsp; Fiable dans chaque mouvement, robuste<\/p>\n","protected":false},"featured_media":655272,"template":"","meta":{"_seopress_robots_primary_cat":"none","_seopress_titles_title":"","_seopress_titles_desc":"","_seopress_robots_index":""},"product_brand":[3664],"product_cat":[81,981,982],"product_tag":[],"class_list":{"0":"post-656757","1":"product","2":"type-product","3":"status-publish","4":"has-post-thumbnail","6":"product_brand-ortovox-fr","7":"product_cat-vetements","8":"product_cat-vetements-de-loisirs","9":"product_cat-vetements-pour-hommes","10":"sws-gruppo-abb-libero-fr","11":"sws-conto-ricavi-merci-rivendita-abbigliamento-fr","12":"sws-gruppo-iva-iva81-fr","14":"first","15":"instock","16":"sale","17":"shipping-taxable","18":"purchasable","19":"product-type-variable","20":"has-default-attributes"},"_links":{"self":[{"href":"https:\/\/lucacastelli.com\/fr\/wp-json\/wp\/v2\/product\/656757","targetHints":{"allow":["GET"]}}],"collection":[{"href":"https:\/\/lucacastelli.com\/fr\/wp-json\/wp\/v2\/product"}],"about":[{"href":"https:\/\/lucacastelli.com\/fr\/wp-json\/wp\/v2\/types\/product"}],"wp:featuredmedia":[{"embeddable":true,"href":"https:\/\/lucacastelli.com\/fr\/wp-json\/wp\/v2\/media\/655272"}],"wp:attachment":[{"href":"https:\/\/lucacastelli.com\/fr\/wp-json\/wp\/v2\/media?parent=656757"}],"wp:term":[{"taxonomy":"product_brand","embeddable":true,"href":"https:\/\/lucacastelli.com\/fr\/wp-json\/wp\/v2\/product_brand?post=656757"},{"taxonomy":"product_cat","embeddable":true,"href":"https:\/\/lucacastelli.com\/fr\/wp-json\/wp\/v2\/product_cat?post=656757"},{"taxonomy":"product_tag","embeddable":true,"href":"https:\/\/lucacastelli.com\/fr\/wp-json\/wp\/v2\/product_tag?post=656757"}],"curies":[{"name":"wp","href":"https:\/\/api.w.org\/{rel}","templated":true}]}}