{"id":656741,"date":"2025-12-02T14:10:45","date_gmt":"2025-12-02T13:10:45","guid":{"rendered":"https:\/\/lucacastelli.com\/prodotto\/ortovox-120-cool-tec-mtn-cut-ts\/"},"modified":"2025-12-02T14:10:45","modified_gmt":"2025-12-02T13:10:45","slug":"ortovox-120-cool-tec-mtn-cut-ts","status":"publish","type":"product","link":"https:\/\/lucacastelli.com\/fr\/produit\/ortovox-120-cool-tec-mtn-cut-ts\/","title":{"rendered":"ORTOVOX 120 COOL TEC MTN CUT TS"},"content":{"rendered":"<h3>Maillot l\u00e9ger et \u00e0 s\u00e9chage rapide avec laine M\u00e9rinos<\/h3>\n<p>Avec la ligne 120 MERINO COOL TEC, vous pourrez affronter toutes les altitudes : le T-SHIRT l\u00e9ger 120 COOL TEC MTN CUT pour homme est id\u00e9al pour les journ\u00e9es les plus chaudes en montagne et pour les activit\u00e9s \u00e0 haute intensit\u00e9 de mouvement.<\/p>\n<p>LE MAT\u00c9RIAU 120 MERINO COOL TEC est synonyme de pure fonctionnalit\u00e9 : la combinaison de fibres pr\u00e9cieuses en laine M\u00e9rinos et de fibres de cellulose d&#8217;origine v\u00e9g\u00e9tale a un effet rafra\u00eechissant et s\u00e8che rapidement. La TECHNOLOGIE CORESPUN garantit une plus grande stabilit\u00e9 : il s&#8217;agit d&#8217;un processus de production dans lequel les fibres pr\u00e9cieuses M\u00e9rinos et TENCEL\u2122 Lyocell sont tiss\u00e9es autour d&#8217;un noyau de filaments en polyamide. Le mat\u00e9riau r\u00e9sistant produit avec ce fil combine les b\u00e9n\u00e9fices de la laine M\u00e9rinos et du TENCEL\u2122 Lyocell garantissant fra\u00eecheur et l\u00e9g\u00e8ret\u00e9 m\u00eame durant les mont\u00e9es les plus exigeantes.  <\/p>\n<p>Inspir\u00e9 par la nature, d\u00e9velopp\u00e9 pour les sports de montagne.<\/p>\n<p>&nbsp;<\/p>\n<div id=\"pds__accordion-material-properties-heading\" class=\"mb-4 mb-md-35\">\n<h3 class=\"pds__accordion-headline p-relative cursor-pointer p-0 m-0\"><span class=\"d-block p-0 accordion js-accordion-custom-toggle js-accordion-custom-toggle--hide-on-collapse\" tabindex=\"0\" role=\"button\" data-collapse=\"false\" data-target=\"#pds__accordion-material-properties-wrapper\" data-multitarget-disabled-mobile=\"\" aria-expanded=\"true\" aria-controls=\"pds__accordion-material-properties-wrapper\"><span class=\"d-flex justify-content-between align-items-center\"><span class=\"word-break-word\">Caract\u00e9ristiques du mat\u00e9riau<\/span><i class=\"accordion__icon pds__accordion-icon icon\"><\/i><\/span><\/span><\/h3>\n<\/div>\n<div class=\"pds__accordion-wrapper\">\n<div id=\"pds__accordion-material-properties-wrapper\" class=\"pds__accordion-material-properties-multi-target collapse show\" data-partial-multi-target=\"true\" data-parent=\"#pds__accordion-material-properties\">\n<div class=\"pb-4\">\n<div class=\"overflow-hidden\">\n<div class=\"wysiwyg\">\n<ul>\n<li>120 MERINO COOL TEC : l\u00e9ger, s\u00e8che rapidement, TENCEL\u2122 Lyocell (fibre naturelle produite de mani\u00e8re durable), laine M\u00e9rinos (r\u00e9gulation de la temp\u00e9rature et de l&#8217;humidit\u00e9), technologie CORESPUN by \u00a9 S\u00fcdwolle Group (pour une plus grande stabilit\u00e9), durable<\/li>\n<\/ul>\n<p>52 % laine vierge (MERINO OWP) + 33 % Lyocell (TENCEL\u2122) + 15 % polyamide<\/p>\n<\/div>\n<\/div>\n<p>&nbsp;<\/p>\n<\/div>\n<\/div>\n<\/div>\n","protected":false},"excerpt":{"rendered":"<p>Maillot l\u00e9ger et \u00e0 s\u00e9chage rapide avec laine M\u00e9rinos Avec la ligne 120 MERINO COOL TEC, vous pourrez affronter toutes<\/p>\n","protected":false},"featured_media":655293,"template":"","meta":{"_seopress_robots_primary_cat":"none","_seopress_titles_title":"","_seopress_titles_desc":"","_seopress_robots_index":""},"product_brand":[3664],"product_cat":[81,981,982],"product_tag":[],"class_list":{"0":"post-656741","1":"product","2":"type-product","3":"status-publish","4":"has-post-thumbnail","6":"product_brand-ortovox-fr","7":"product_cat-vetements","8":"product_cat-vetements-de-loisirs","9":"product_cat-vetements-pour-hommes","10":"sws-gruppo-abb-libero-fr","11":"sws-conto-ricavi-merci-rivendita-abbigliamento-fr","12":"sws-gruppo-iva-iva81-fr","14":"first","15":"instock","16":"sale","17":"shipping-taxable","18":"purchasable","19":"product-type-variable","20":"has-default-attributes"},"_links":{"self":[{"href":"https:\/\/lucacastelli.com\/fr\/wp-json\/wp\/v2\/product\/656741","targetHints":{"allow":["GET"]}}],"collection":[{"href":"https:\/\/lucacastelli.com\/fr\/wp-json\/wp\/v2\/product"}],"about":[{"href":"https:\/\/lucacastelli.com\/fr\/wp-json\/wp\/v2\/types\/product"}],"wp:featuredmedia":[{"embeddable":true,"href":"https:\/\/lucacastelli.com\/fr\/wp-json\/wp\/v2\/media\/655293"}],"wp:attachment":[{"href":"https:\/\/lucacastelli.com\/fr\/wp-json\/wp\/v2\/media?parent=656741"}],"wp:term":[{"taxonomy":"product_brand","embeddable":true,"href":"https:\/\/lucacastelli.com\/fr\/wp-json\/wp\/v2\/product_brand?post=656741"},{"taxonomy":"product_cat","embeddable":true,"href":"https:\/\/lucacastelli.com\/fr\/wp-json\/wp\/v2\/product_cat?post=656741"},{"taxonomy":"product_tag","embeddable":true,"href":"https:\/\/lucacastelli.com\/fr\/wp-json\/wp\/v2\/product_tag?post=656741"}],"curies":[{"name":"wp","href":"https:\/\/api.w.org\/{rel}","templated":true}]}}