{"id":645733,"date":"2025-11-19T15:33:48","date_gmt":"2025-11-19T14:33:48","guid":{"rendered":"https:\/\/lucacastelli.com\/?post_type=product&#038;p=645733"},"modified":"2026-04-14T00:09:36","modified_gmt":"2026-04-13T22:09:36","slug":"pfanner-ventilation-pantalon-de-protection-orange-vif-en-20471-copia","status":"publish","type":"product","link":"https:\/\/lucacastelli.com\/fr\/produit\/pfanner-ventilation-pantalon-de-protection-orange-vif-en-20471-copia\/","title":{"rendered":"PFANNER Ventilation pantalon de protection orange vif EN 20471"},"content":{"rendered":"<p>Le pantalon anti-coupure Ventilation en orange vif avec bandes r\u00e9fl\u00e9chissantes selon la norme EN 20471 est id\u00e9al pour les domaines d\u2019utilisation exigeant une visibilit\u00e9 accrue. La haute qualit\u00e9 de la protection anti-coupure Dyneema garantit la s\u00e9curit\u00e9 de l\u2019utilisateur. Tissu ext\u00e9rieur Gladiator\u00ae pour une r\u00e9sistance maximale \u00e0 la d\u00e9chirure sur la partie avant. Un confort optimal est assur\u00e9 par les technologies KlimaAIR\u00ae et StretchAIR\u00ae.   <\/p>\n<ul>\n<li>Orange vif avec bandes r\u00e9fl\u00e9chissantes selon la norme EN 20471<\/li>\n<li>Technologie KlimaAIR\u00ae<\/li>\n<li>Technologie StretchAIR\u00ae<\/li>\n<li>Protection anti-coupure Dyneema classe 1 et protection haute visibilit\u00e9 classe 2<\/li>\n<li>Gu\u00eatres amovibles<\/li>\n<li>Tissu Gladiator\u00ae sur la partie avant<\/li>\n<li>Renfort pr\u00e9form\u00e9 aux genoux<\/li>\n<\/ul>\n<p><b>Mat\u00e9riau :<\/b><\/p>\n<p>Tissu ext\u00e9rieur : 100 % PES<\/p>\n<p>Tissu \u00e9lastique : 83 % EME-Lycra, 17 % PES T-400<\/p>\n<p>Doublure : 100 % Cocona PES<\/p>\n<p>Protection anti-coupure : Dyneema<\/p>\n<p>&nbsp;<\/p>\n<p><b><strong>Tailles :<\/strong><\/b><\/p>\n<p>XXS \u2013 XL, \u00dcG : XXL \u2013 3XL<\/p>\n<p>Grandes tailles + 10 % &#8211; 15 % de suppl\u00e9ment<\/p>\n<p>R = Regular (standard) | S = Short (court) | L = Long (long)<\/p>\n","protected":false},"excerpt":{"rendered":"<p>Le pantalon anti-coupure Ventilation en orange vif avec bandes r\u00e9fl\u00e9chissantes selon la norme EN 20471 est id\u00e9al pour les domaines<\/p>\n","protected":false},"featured_media":645866,"template":"","meta":{"_seopress_robots_primary_cat":"none","_seopress_titles_title":"","_seopress_titles_desc":"","_seopress_robots_index":""},"product_brand":[3669],"product_cat":[81,1381],"product_tag":[],"class_list":{"0":"post-645733","1":"product","2":"type-product","3":"status-publish","4":"has-post-thumbnail","6":"product_brand-pfanner-fr","7":"product_cat-vetements","8":"product_cat-vetements-de-travail","9":"sws-gruppo-no-gruppo-fr","10":"sws-conto-ricavi-merci-rivendita-abbigliamento-fr","11":"sws-gruppo-iva-iva81-fr","13":"first","14":"instock","15":"shipping-taxable","16":"purchasable","17":"product-type-variable","18":"has-default-attributes"},"_links":{"self":[{"href":"https:\/\/lucacastelli.com\/fr\/wp-json\/wp\/v2\/product\/645733","targetHints":{"allow":["GET"]}}],"collection":[{"href":"https:\/\/lucacastelli.com\/fr\/wp-json\/wp\/v2\/product"}],"about":[{"href":"https:\/\/lucacastelli.com\/fr\/wp-json\/wp\/v2\/types\/product"}],"wp:featuredmedia":[{"embeddable":true,"href":"https:\/\/lucacastelli.com\/fr\/wp-json\/wp\/v2\/media\/645866"}],"wp:attachment":[{"href":"https:\/\/lucacastelli.com\/fr\/wp-json\/wp\/v2\/media?parent=645733"}],"wp:term":[{"taxonomy":"product_brand","embeddable":true,"href":"https:\/\/lucacastelli.com\/fr\/wp-json\/wp\/v2\/product_brand?post=645733"},{"taxonomy":"product_cat","embeddable":true,"href":"https:\/\/lucacastelli.com\/fr\/wp-json\/wp\/v2\/product_cat?post=645733"},{"taxonomy":"product_tag","embeddable":true,"href":"https:\/\/lucacastelli.com\/fr\/wp-json\/wp\/v2\/product_tag?post=645733"}],"curies":[{"name":"wp","href":"https:\/\/api.w.org\/{rel}","templated":true}]}}