{"id":645085,"date":"2025-11-18T20:12:25","date_gmt":"2025-11-18T19:12:25","guid":{"rendered":"https:\/\/lucacastelli.com\/?post_type=product&#038;p=645085"},"modified":"2026-04-14T00:12:01","modified_gmt":"2026-04-13T22:12:01","slug":"veste-protos-inuit-pour-femme-copia","status":"publish","type":"product","link":"https:\/\/lucacastelli.com\/fr\/produit\/veste-protos-inuit-pour-femme-copia\/","title":{"rendered":"Protos\u00ae Inuit Veste femme"},"content":{"rendered":"<p>L&#8217;ext\u00e9rieur de la veste PROTOS\u00ae Inuit Women est tricot\u00e9 lisse et donc bien prot\u00e9g\u00e9 contre la salet\u00e9 et l&#8217;humidit\u00e9. L&#8217;int\u00e9rieur est en flanelle douce. La veste PROTOS\u00ae Inuit femme \u00e0 la coupe tendance est dot\u00e9e de renforts hydrofuges sur les \u00e9paules, de coudes renforc\u00e9s et d&#8217;un int\u00e9rieur agr\u00e9able pour un ajustement confortable. Le col et la protection lombaire allong\u00e9e prot\u00e8gent du froid, tandis que le 3CON\u00ae Reflex garantit une meilleure visibilit\u00e9.<br \/>\n&#8211; Tissu tricot\u00e9 robuste et r\u00e9sistant \u00e0 la salet\u00e9<br \/>\n&#8211; Flanelle douce au contact de la peau<br \/>\n&#8211; Renforts hydrofuges sur les \u00e9paules<br \/>\n&#8211; Renforts anti-abrasion sur les coudes<br \/>\n&#8211; 3CON\u00ae r\u00e9fl\u00e9chissant sur le dos allong\u00e9<br \/>\n&#8211; Col haut et dos allong\u00e9<br \/>\n&#8211; Poche int\u00e9rieure extra profonde<br \/>\n&#8211; Fermeture \u00e9clair lat\u00e9rale pour un ajustement flexible et fonctionnel   <\/p>\n<p>Mati\u00e8re : 100 % polyester<\/p>\n","protected":false},"excerpt":{"rendered":"<p>L&#8217;ext\u00e9rieur de la veste PROTOS\u00ae Inuit Women est tricot\u00e9 lisse et donc bien prot\u00e9g\u00e9 contre la salet\u00e9 et l&#8217;humidit\u00e9. L&#8217;int\u00e9rieur<\/p>\n","protected":false},"featured_media":645114,"template":"","meta":{"_seopress_robots_primary_cat":"none","_seopress_titles_title":"","_seopress_titles_desc":"","_seopress_robots_index":""},"product_brand":[3458,4381],"product_cat":[21,284,189,200],"product_tag":[],"class_list":{"0":"post-645085","1":"product","2":"type-product","3":"status-publish","4":"has-post-thumbnail","6":"product_brand-pfanner","7":"product_brand-protos","8":"product_cat-abbigliamento","9":"product_cat-abbigliamento-da-lavoro","10":"product_cat-abbigliamento-per-il-tempo-libero","11":"product_cat-abbigliamento-da-donna","12":"sws-gruppo-no-gruppo-fr","13":"sws-conto-ricavi-merci-rivendita-abbigliamento-fr","14":"sws-gruppo-iva-iva81-fr","16":"first","17":"instock","18":"shipping-taxable","19":"purchasable","20":"product-type-variable","21":"has-default-attributes"},"_links":{"self":[{"href":"https:\/\/lucacastelli.com\/fr\/wp-json\/wp\/v2\/product\/645085","targetHints":{"allow":["GET"]}}],"collection":[{"href":"https:\/\/lucacastelli.com\/fr\/wp-json\/wp\/v2\/product"}],"about":[{"href":"https:\/\/lucacastelli.com\/fr\/wp-json\/wp\/v2\/types\/product"}],"wp:featuredmedia":[{"embeddable":true,"href":"https:\/\/lucacastelli.com\/fr\/wp-json\/wp\/v2\/media\/645114"}],"wp:attachment":[{"href":"https:\/\/lucacastelli.com\/fr\/wp-json\/wp\/v2\/media?parent=645085"}],"wp:term":[{"taxonomy":"product_brand","embeddable":true,"href":"https:\/\/lucacastelli.com\/fr\/wp-json\/wp\/v2\/product_brand?post=645085"},{"taxonomy":"product_cat","embeddable":true,"href":"https:\/\/lucacastelli.com\/fr\/wp-json\/wp\/v2\/product_cat?post=645085"},{"taxonomy":"product_tag","embeddable":true,"href":"https:\/\/lucacastelli.com\/fr\/wp-json\/wp\/v2\/product_tag?post=645085"}],"curies":[{"name":"wp","href":"https:\/\/api.w.org\/{rel}","templated":true}]}}