{"id":644998,"date":"2025-11-18T20:04:49","date_gmt":"2025-11-18T19:04:49","guid":{"rendered":"https:\/\/lucacastelli.com\/?post_type=product&#038;p=644998"},"modified":"2026-04-14T00:10:51","modified_gmt":"2026-04-13T22:10:51","slug":"protos-inuit-gilet-copia","status":"publish","type":"product","link":"https:\/\/lucacastelli.com\/fr\/produit\/protos-inuit-gilet-copia\/","title":{"rendered":"Gilet Protos\u00ae Inuit"},"content":{"rendered":"<p>Le gilet Protos\u00ae Inuit est tricot\u00e9 \u00e0 maille lisse et donc bien prot\u00e9g\u00e9 de la salet\u00e9 et de l\u2019humidit\u00e9. Il est dot\u00e9 de renforts d\u00e9perlants sur les \u00e9paules, du syst\u00e8me de poches Zipp2Zipp\u00ae et d\u2019un int\u00e9rieur en flanelle douce gratt\u00e9e pour une sensation de confort agr\u00e9able. Emmanchures \u00e9lastiqu\u00e9es. Le col et la protection r\u00e9nale allong\u00e9e prot\u00e8gent du froid, tandis que le r\u00e9fl\u00e9chissant 3CON\u00ae au dos garantit une meilleure visibilit\u00e9. Les couleurs orange et jaune sont \u00e9galement disponibles avec des bandes r\u00e9fl\u00e9chissantes.<br \/>\n&#8211; Syst\u00e8me de poches Zipp2Zipp\u00ae avec fermetures \u00e9clair autobloquantes<br \/>\n&#8211; Tricot robuste et r\u00e9sistant \u00e0 la salet\u00e9<br \/>\n&#8211; Flanelle douce \u00e0 l\u2019int\u00e9rieur<br \/>\n&#8211; Renfort d\u00e9perlant sur les \u00e9paules<br \/>\n&#8211; R\u00e9fl\u00e9chissant 3CON\u00ae sur le dos allong\u00e9<br \/>\n&#8211; Bandes r\u00e9fl\u00e9chissantes pour les couleurs jaune et orange    <\/p>\n<p>&nbsp;<\/p>\n<p>Mati\u00e8re : 100 % polyester<\/p>\n<p>&nbsp;<\/p>\n","protected":false},"excerpt":{"rendered":"<p>Le gilet Protos\u00ae Inuit est tricot\u00e9 \u00e0 maille lisse et donc bien prot\u00e9g\u00e9 de la salet\u00e9 et de l\u2019humidit\u00e9. Il<\/p>\n","protected":false},"featured_media":645067,"template":"","meta":{"_seopress_robots_primary_cat":"none","_seopress_titles_title":"","_seopress_titles_desc":"","_seopress_robots_index":""},"product_brand":[3458,4381],"product_cat":[21,284,189,190],"product_tag":[],"class_list":{"0":"post-644998","1":"product","2":"type-product","3":"status-publish","4":"has-post-thumbnail","6":"product_brand-pfanner","7":"product_brand-protos","8":"product_cat-abbigliamento","9":"product_cat-abbigliamento-da-lavoro","10":"product_cat-abbigliamento-per-il-tempo-libero","11":"product_cat-abbigliamento-da-uomo","12":"sws-gruppo-no-gruppo-fr","13":"sws-conto-ricavi-merci-rivendita-abbigliamento-fr","14":"sws-gruppo-iva-iva81-fr","16":"first","17":"instock","18":"shipping-taxable","19":"purchasable","20":"product-type-variable","21":"has-default-attributes"},"_links":{"self":[{"href":"https:\/\/lucacastelli.com\/fr\/wp-json\/wp\/v2\/product\/644998","targetHints":{"allow":["GET"]}}],"collection":[{"href":"https:\/\/lucacastelli.com\/fr\/wp-json\/wp\/v2\/product"}],"about":[{"href":"https:\/\/lucacastelli.com\/fr\/wp-json\/wp\/v2\/types\/product"}],"wp:featuredmedia":[{"embeddable":true,"href":"https:\/\/lucacastelli.com\/fr\/wp-json\/wp\/v2\/media\/645067"}],"wp:attachment":[{"href":"https:\/\/lucacastelli.com\/fr\/wp-json\/wp\/v2\/media?parent=644998"}],"wp:term":[{"taxonomy":"product_brand","embeddable":true,"href":"https:\/\/lucacastelli.com\/fr\/wp-json\/wp\/v2\/product_brand?post=644998"},{"taxonomy":"product_cat","embeddable":true,"href":"https:\/\/lucacastelli.com\/fr\/wp-json\/wp\/v2\/product_cat?post=644998"},{"taxonomy":"product_tag","embeddable":true,"href":"https:\/\/lucacastelli.com\/fr\/wp-json\/wp\/v2\/product_tag?post=644998"}],"curies":[{"name":"wp","href":"https:\/\/api.w.org\/{rel}","templated":true}]}}