{"id":644706,"date":"2025-11-17T13:58:29","date_gmt":"2025-11-17T12:58:29","guid":{"rendered":"https:\/\/lucacastelli.com\/prodotto\/scierie-additionnelle-alaskan-mk-iv-24-60-cm\/"},"modified":"2025-11-18T09:50:52","modified_gmt":"2025-11-18T08:50:52","slug":"scierie-additionnelle-alaskan-mk-iv-24-60-cm","status":"publish","type":"product","link":"https:\/\/lucacastelli.com\/fr\/produit\/scierie-additionnelle-alaskan-mk-iv-24-60-cm\/","title":{"rendered":"Scierie additionnelle Alaskan MK IV 24&#8243;\/60 cm"},"content":{"rendered":"<p>Scierie additionnelle \u2013 Mod\u00e8le Alaskan MK IV 24&#8243;\/60 cm. Largeur de coupe maximale environ 57 cm. Sans tron\u00e7onneuse.  <\/p>\n<p>La scierie additionnelle Alaskan MK IV transforme n&#8217;importe quelle tron\u00e7onneuse (\u00e0 partir d&#8217;environ 2,2 kW) en une petite scierie mobile gr\u00e2ce \u00e0 un montage simple.<\/p>\n<p>Le dispositif se fixe au guide de la tron\u00e7onneuse existante par des m\u00e2choires de serrage, aucun guide sp\u00e9cial n&#8217;est donc n\u00e9cessaire.<br \/>\nL&#8217;utilisation d&#8217;une cha\u00eene pour coupe longitudinale est recommand\u00e9e, car elle garantit un fonctionnement plus rapide et silencieux.<br \/>\nAvec la scie additionnelle, vous obtenez des planches et des madriers coup\u00e9s avec pr\u00e9cision en \u00e9paisseurs de 1,5 \u00e0 30 cm pour la construction de cabanes, bancs de parc, etc.<br \/>\nLe diam\u00e8tre maximal du tronc \u00e0 travailler dans la version de base est d&#8217;environ 57 cm (en utilisant un \u00e9quipement de coupe de 75 cm).<br \/>\nPour tron\u00e7onneuses de 2,2 kW (3 DIN-PS) &#8211; pour chaque 10 cm de diam\u00e8tre nous recommandons une puissance d&#8217;environ 1 PS<br \/>\nFiletage en pouces pour les boulons et \u00e9crous install\u00e9s<br \/>\nPoids 6 kg<\/p>\n<p>Livraison sans tron\u00e7onneuse !<\/p>\n","protected":false},"excerpt":{"rendered":"<p>Scierie additionnelle \u2013 Mod\u00e8le Alaskan MK IV 24&#8243;\/60 cm. Largeur de coupe maximale environ 57 cm. Sans tron\u00e7onneuse. La scierie<\/p>\n","protected":false},"featured_media":644082,"template":"","meta":{"_seopress_robots_primary_cat":"none","_seopress_titles_title":"","_seopress_titles_desc":"","_seopress_robots_index":""},"product_brand":[6465],"product_cat":[1605,167,1604,1608],"product_tag":[],"class_list":{"0":"post-644706","1":"product","2":"type-product","3":"status-publish","4":"has-post-thumbnail","6":"product_brand-granberg","7":"product_cat-accessoires-et-consommables-fr-4","8":"product_cat-machines","9":"product_cat-tronconneuses","10":"product_cat-tronconneuses-a-moteur","11":"sws-gruppo-macchinari-fr","12":"sws-conto-ricavi-merci-rivendita-macchinari-fr","13":"sws-gruppo-iva-iva81-fr","15":"first","16":"instock","17":"shipping-taxable","18":"purchasable","19":"product-type-simple"},"_links":{"self":[{"href":"https:\/\/lucacastelli.com\/fr\/wp-json\/wp\/v2\/product\/644706","targetHints":{"allow":["GET"]}}],"collection":[{"href":"https:\/\/lucacastelli.com\/fr\/wp-json\/wp\/v2\/product"}],"about":[{"href":"https:\/\/lucacastelli.com\/fr\/wp-json\/wp\/v2\/types\/product"}],"wp:featuredmedia":[{"embeddable":true,"href":"https:\/\/lucacastelli.com\/fr\/wp-json\/wp\/v2\/media\/644082"}],"wp:attachment":[{"href":"https:\/\/lucacastelli.com\/fr\/wp-json\/wp\/v2\/media?parent=644706"}],"wp:term":[{"taxonomy":"product_brand","embeddable":true,"href":"https:\/\/lucacastelli.com\/fr\/wp-json\/wp\/v2\/product_brand?post=644706"},{"taxonomy":"product_cat","embeddable":true,"href":"https:\/\/lucacastelli.com\/fr\/wp-json\/wp\/v2\/product_cat?post=644706"},{"taxonomy":"product_tag","embeddable":true,"href":"https:\/\/lucacastelli.com\/fr\/wp-json\/wp\/v2\/product_tag?post=644706"}],"curies":[{"name":"wp","href":"https:\/\/api.w.org\/{rel}","templated":true}]}}