{"id":642502,"date":"2025-11-10T14:17:09","date_gmt":"2025-11-10T13:17:09","guid":{"rendered":"https:\/\/lucacastelli.com\/prodotto\/crazy-shot-a-manches-longues-femme-2\/"},"modified":"2026-04-14T00:11:45","modified_gmt":"2026-04-13T22:11:45","slug":"crazy-shot-a-manches-longues-femme-2","status":"publish","type":"product","link":"https:\/\/lucacastelli.com\/fr\/produit\/crazy-shot-a-manches-longues-femme-2\/","title":{"rendered":"CRAZY SHOT \u00c0 MANCHES LONGUES FEMME"},"content":{"rendered":"<p data-start=\"0\" data-end=\"71\">Voici le texte r\u00e9organis\u00e9 et corrig\u00e9 de mani\u00e8re claire et professionnelle :<\/p>\n<p data-start=\"73\" data-end=\"194\"><strong data-start=\"73\" data-end=\"84\">CONCEPT<\/strong><br data-start=\"84\" data-end=\"87\">\u2022 Coutures contrast\u00e9es<br data-start=\"109\" data-end=\"112\" data-is-only-node=\"\">\u2022 Logos r\u00e9fl\u00e9chissants<br data-start=\"131\" data-end=\"134\">\u2022 Impression r\u00e9fl\u00e9chissante sur les \u00e9paules<br data-start=\"167\" data-end=\"170\">\u2022 Passe-pouce<\/p>\n<p data-start=\"196\" data-end=\"545\" data-is-last-node=\"\" data-is-only-node=\"\"><strong data-start=\"196\" data-end=\"208\">FEATURES<\/strong><br data-start=\"208\" data-end=\"211\">T-shirt technique id\u00e9al pour le trekking : il offre une protection gr\u00e2ce \u00e0 ses manches longues, tout en maintenant fra\u00eecheur et respirabilit\u00e9 gr\u00e2ce au tissu Stretch Series combin\u00e9 au Coolwave.<br data-start=\"401\" data-end=\"404\" data-is-only-node=\"\">L\u2019impression r\u00e9fl\u00e9chissante sur les \u00e9paules garantit la visibilit\u00e9 m\u00eame avec un sac \u00e0 dos et souligne l\u2019esth\u00e9tique technique du mod\u00e8le Long Sleeve.<\/p>\n","protected":false},"excerpt":{"rendered":"<p>Voici le texte r\u00e9organis\u00e9 et corrig\u00e9 de mani\u00e8re claire et professionnelle : CONCEPT\u2022 Coutures contrast\u00e9es\u2022 Logos r\u00e9fl\u00e9chissants\u2022 Impression r\u00e9fl\u00e9chissante sur<\/p>\n","protected":false},"featured_media":642503,"template":"","meta":{"_seopress_robots_primary_cat":"none","_seopress_titles_title":"","_seopress_titles_desc":"","_seopress_robots_index":""},"product_brand":[3413],"product_cat":[21,189,200],"product_tag":[],"class_list":{"0":"post-642502","1":"product","2":"type-product","3":"status-publish","4":"has-post-thumbnail","6":"product_brand-crazy","7":"product_cat-abbigliamento","8":"product_cat-abbigliamento-per-il-tempo-libero","9":"product_cat-abbigliamento-da-donna","10":"sws-gruppo-abb-libero-fr","11":"sws-conto-ricavi-merci-rivendita-abbigliamento-fr","12":"sws-gruppo-iva-iva81-fr","14":"first","15":"instock","16":"sale","17":"shipping-taxable","18":"purchasable","19":"product-type-variable","20":"has-default-attributes"},"_links":{"self":[{"href":"https:\/\/lucacastelli.com\/fr\/wp-json\/wp\/v2\/product\/642502","targetHints":{"allow":["GET"]}}],"collection":[{"href":"https:\/\/lucacastelli.com\/fr\/wp-json\/wp\/v2\/product"}],"about":[{"href":"https:\/\/lucacastelli.com\/fr\/wp-json\/wp\/v2\/types\/product"}],"wp:featuredmedia":[{"embeddable":true,"href":"https:\/\/lucacastelli.com\/fr\/wp-json\/wp\/v2\/media\/642503"}],"wp:attachment":[{"href":"https:\/\/lucacastelli.com\/fr\/wp-json\/wp\/v2\/media?parent=642502"}],"wp:term":[{"taxonomy":"product_brand","embeddable":true,"href":"https:\/\/lucacastelli.com\/fr\/wp-json\/wp\/v2\/product_brand?post=642502"},{"taxonomy":"product_cat","embeddable":true,"href":"https:\/\/lucacastelli.com\/fr\/wp-json\/wp\/v2\/product_cat?post=642502"},{"taxonomy":"product_tag","embeddable":true,"href":"https:\/\/lucacastelli.com\/fr\/wp-json\/wp\/v2\/product_tag?post=642502"}],"curies":[{"name":"wp","href":"https:\/\/api.w.org\/{rel}","templated":true}]}}