{"id":642489,"date":"2025-11-03T09:10:25","date_gmt":"2025-11-03T08:10:25","guid":{"rendered":"https:\/\/lucacastelli.com\/prodotto\/sip-jambieres-avec-protection-anti-coupure-hv-basepro\/"},"modified":"2025-11-03T09:10:25","modified_gmt":"2025-11-03T08:10:25","slug":"sip-jambieres-avec-protection-anti-coupure-hv-basepro","status":"publish","type":"product","link":"https:\/\/lucacastelli.com\/fr\/produit\/sip-jambieres-avec-protection-anti-coupure-hv-basepro\/","title":{"rendered":"SIP Jambi\u00e8res avec protection anti-coupure HV BASEPRO"},"content":{"rendered":"<p><b>Jambi\u00e8res pour tron\u00e7onneuse HV, EN ISO 11393 classe 1 type B, EN ISO 20471 classe 2<\/b><\/p>\n<p>&nbsp;<\/p>\n<p>Puisqu&#8217;un peu de culture ne fait jamais de mal, voici comment nous sommes arriv\u00e9s au nom \u00ab Roadrunner Flash \u00bb. Les jambi\u00e8res de protection pour tron\u00e7onneuse sont utiles lorsque les pantalons de tron\u00e7onneuse ne suffisent pas pour un travail rapide avec la tron\u00e7onneuse. Leur plus grand avantage est que vous pouvez les enfiler et les retirer rapidement par-dessus vos pantalons de travail normaux ou vos jeans, si vous pr\u00e9f\u00e9rez. Ou m\u00eame par-dessus des shorts pendant la saison chaude. Gr\u00e2ce aux sangles r\u00e9glables \u00e0 l&#8217;arri\u00e8re des jambes, 2 tailles suffisent (M pour toutes les tailles jusqu&#8217;\u00e0 XL et L pour toutes les tailles \u00e0 partir de XL) pour s&#8217;adapter \u00e0 presque tout le monde. L&#8217;oiseau Roadrunner, \u00e9galement appel\u00e9 \u00ab oiseau CHAParral \u00bb, est connu pour \u00eatre l&#8217;un des oiseaux les plus rapides au monde. La tribu am\u00e9rindienne \u00ab Hopi \u00bb croyait que l&#8217;\u00ab oiseau CHAParral \u00bb les prot\u00e9geait des esprits mal\u00e9fiques. Tout ce que nous savons, c&#8217;est qu&#8217;ils vous prot\u00e9geront des vilaines coupures. Protection, oiseau CHAParral, rapide&#8230; le nom Roadrunner Flash \u00e9tait n\u00e9. BIP BIP !         <\/p>\n<p>&nbsp;<\/p>\n<h3><b>Ext\u00e9rieur<\/b><\/h3>\n<ul>\n<li>Taille \u00e9lastique avec cordon de serrage, passants de ceinture<\/li>\n<\/ul>\n<h3><b>Int\u00e9rieur<\/b><\/h3>\n<ul>\n<li>Insert de protection frontal \u00e0 6 couches<\/li>\n<\/ul>\n<h3><b>Tissu<\/b><\/h3>\n<ul>\n<li>Tissu principal hydrofuge 80 % polyester &#8211; 20 % coton \u00b1 200 g\/m\u00b2<\/li>\n<\/ul>\n","protected":false},"excerpt":{"rendered":"<p>Jambi\u00e8res pour tron\u00e7onneuse HV, EN ISO 11393 classe 1 type B, EN ISO 20471 classe 2 &nbsp; Puisqu&#8217;un peu de<\/p>\n","protected":false},"featured_media":640130,"template":"","meta":{"_seopress_robots_primary_cat":"none","_seopress_titles_title":"","_seopress_titles_desc":"","_seopress_robots_index":""},"product_brand":[4716],"product_cat":[81,1381],"product_tag":[],"class_list":{"0":"post-642489","1":"product","2":"type-product","3":"status-publish","4":"has-post-thumbnail","6":"product_brand-sip-protection-fr","7":"product_cat-vetements","8":"product_cat-vetements-de-travail","9":"sws-gruppo-abb-libero-fr","10":"sws-conto-ricavi-merci-rivendita-abbigliamento-fr","11":"sws-gruppo-iva-iva81-fr","13":"first","14":"instock","15":"shipping-taxable","16":"purchasable","17":"product-type-variable","18":"has-default-attributes"},"_links":{"self":[{"href":"https:\/\/lucacastelli.com\/fr\/wp-json\/wp\/v2\/product\/642489","targetHints":{"allow":["GET"]}}],"collection":[{"href":"https:\/\/lucacastelli.com\/fr\/wp-json\/wp\/v2\/product"}],"about":[{"href":"https:\/\/lucacastelli.com\/fr\/wp-json\/wp\/v2\/types\/product"}],"wp:featuredmedia":[{"embeddable":true,"href":"https:\/\/lucacastelli.com\/fr\/wp-json\/wp\/v2\/media\/640130"}],"wp:attachment":[{"href":"https:\/\/lucacastelli.com\/fr\/wp-json\/wp\/v2\/media?parent=642489"}],"wp:term":[{"taxonomy":"product_brand","embeddable":true,"href":"https:\/\/lucacastelli.com\/fr\/wp-json\/wp\/v2\/product_brand?post=642489"},{"taxonomy":"product_cat","embeddable":true,"href":"https:\/\/lucacastelli.com\/fr\/wp-json\/wp\/v2\/product_cat?post=642489"},{"taxonomy":"product_tag","embeddable":true,"href":"https:\/\/lucacastelli.com\/fr\/wp-json\/wp\/v2\/product_tag?post=642489"}],"curies":[{"name":"wp","href":"https:\/\/api.w.org\/{rel}","templated":true}]}}