{"id":642465,"date":"2025-11-04T15:58:55","date_gmt":"2025-11-04T14:58:55","guid":{"rendered":"https:\/\/lucacastelli.com\/prodotto\/camp-crampon-alpinist-auto-semi-aut-2448c\/"},"modified":"2025-11-04T15:58:55","modified_gmt":"2025-11-04T14:58:55","slug":"camp-crampon-alpinist-auto-semi-aut-2448c","status":"publish","type":"product","link":"https:\/\/lucacastelli.com\/fr\/produit\/camp-crampon-alpinist-auto-semi-aut-2448c\/","title":{"rendered":"CAMP \u2013 CRAMPON ALPINIST AUTO\/SEMI-AUT 2448C"},"content":{"rendered":"<div class=\"woocommerce-tabs wc-tabs-wrapper\">\n<div id=\"tab-description\" class=\"woocommerce-Tabs-panel woocommerce-Tabs-panel--description panel entry-content wc-tab\" role=\"tabpanel\" aria-labelledby=\"tab-title-description\">\n<p>\u2022 Pointes frontales horizontales<br \/>\n\u2022 Possibilit\u00e9 de passer du syst\u00e8me automatique au semi-automatique gr\u00e2ce au crochet r\u00e9f. 2453 inclus dans l&#8217;emballage, pour une polyvalence maximale<br \/>\n\u2022 Design asym\u00e9trique qui \u00e9pouse fid\u00e8lement la forme de la semelle<br \/>\n\u2022 Barre de r\u00e9glage int\u00e9gr\u00e9e au talon qui assure la rigidit\u00e9 du crampon en suivant le profil de la chaussure<br \/>\n\u2022 Syst\u00e8me de r\u00e9glage avec barre \u00e0 double rang\u00e9e de trous et levier arri\u00e8re \u00e0 3 positions<br \/>\n\u2022 Anti-botte int\u00e9gr\u00e9 \u00e0 action active<br \/>\n\u2022 Housse r\u00e9glable fournie, avec sangles pour la fixer \u00e0 l&#8217;ext\u00e9rieur du sac \u00e0 dos et poche pour accessoires<\/p>\n<p>Crampon d&#8217;alpinisme classique, id\u00e9al pour toutes les ascensions sur neige, les couloirs m\u00eame glac\u00e9s et les parcours mixtes les plus simples. La construction innovante en seulement 2 pi\u00e8ces en acier au nickel-chrome-molybd\u00e8ne, avec plateforme avant et talon qui s&#8217;interp\u00e9n\u00e8trent sans la barre de liaison articul\u00e9e classique, garantit une rigidit\u00e9 axiale sans pr\u00e9c\u00e9dent. De cette fa\u00e7on, une fois r\u00e9gl\u00e9, l&#8217;Alpinist devient de fait une seule pi\u00e8ce que le grimpeur ressent comme partie int\u00e9grante de la chaussure. La barre de liaison int\u00e9gr\u00e9e au talon est caract\u00e9ris\u00e9e par une double rang\u00e9e de trous qui, avec le levier arri\u00e8re \u00e0 3 positions, permet un r\u00e9glage extr\u00eamement pr\u00e9cis, stable et s\u00fbr de l&#8217;\u00e9quipement. Le robuste anti-botte, gr\u00e2ce \u00e0 son design et au retour \u00e9lastique du mat\u00e9riau, assure une \u00e9vacuation efficace de la neige. La housse fournie, personnalisable selon la longueur des crampons r\u00e9gl\u00e9s, permet de les transporter \u00e0 l&#8217;ext\u00e9rieur du sac \u00e0 dos gr\u00e2ce aux sangles.     <\/p>\n<\/div>\n<\/div>\n<p>Ligne : Unisexe<\/p>\n","protected":false},"excerpt":{"rendered":"<p>\u2022 Pointes frontales horizontales \u2022 Possibilit\u00e9 de passer du syst\u00e8me automatique au semi-automatique gr\u00e2ce au crochet r\u00e9f. 2453 inclus dans<\/p>\n","protected":false},"featured_media":642468,"template":"","meta":{"_seopress_robots_primary_cat":"","_seopress_titles_title":"","_seopress_titles_desc":"","_seopress_robots_index":""},"product_brand":[4938],"product_cat":[28,228,568,575,569],"product_tag":[],"class_list":{"0":"post-642465","1":"product","2":"type-product","3":"status-publish","4":"has-post-thumbnail","6":"product_brand-camp","7":"product_cat-calzature","8":"product_cat-accessori-per-le-calzature","9":"product_cat-calzature-per-il-tempo-libero","10":"product_cat-calzature-da-donna","11":"product_cat-calzature-da-uomo","12":"sws-gruppo-abb-libero-fr","13":"sws-conto-ricavi-merci-rivendita-abbigliamento-fr","14":"sws-gruppo-iva-iva81-fr","16":"first","17":"instock","18":"sale","19":"shipping-taxable","20":"purchasable","21":"product-type-simple"},"_links":{"self":[{"href":"https:\/\/lucacastelli.com\/fr\/wp-json\/wp\/v2\/product\/642465","targetHints":{"allow":["GET"]}}],"collection":[{"href":"https:\/\/lucacastelli.com\/fr\/wp-json\/wp\/v2\/product"}],"about":[{"href":"https:\/\/lucacastelli.com\/fr\/wp-json\/wp\/v2\/types\/product"}],"wp:featuredmedia":[{"embeddable":true,"href":"https:\/\/lucacastelli.com\/fr\/wp-json\/wp\/v2\/media\/642468"}],"wp:attachment":[{"href":"https:\/\/lucacastelli.com\/fr\/wp-json\/wp\/v2\/media?parent=642465"}],"wp:term":[{"taxonomy":"product_brand","embeddable":true,"href":"https:\/\/lucacastelli.com\/fr\/wp-json\/wp\/v2\/product_brand?post=642465"},{"taxonomy":"product_cat","embeddable":true,"href":"https:\/\/lucacastelli.com\/fr\/wp-json\/wp\/v2\/product_cat?post=642465"},{"taxonomy":"product_tag","embeddable":true,"href":"https:\/\/lucacastelli.com\/fr\/wp-json\/wp\/v2\/product_tag?post=642465"}],"curies":[{"name":"wp","href":"https:\/\/api.w.org\/{rel}","templated":true}]}}