{"id":642454,"date":"2025-10-31T14:28:13","date_gmt":"2025-10-31T13:28:13","guid":{"rendered":"https:\/\/lucacastelli.com\/prodotto\/helly-hansen-w-alma\/"},"modified":"2026-01-31T00:02:45","modified_gmt":"2026-01-30T23:02:45","slug":"helly-hansen-w-alma","status":"publish","type":"product","link":"https:\/\/lucacastelli.com\/fr\/produit\/helly-hansen-w-alma\/","title":{"rendered":"HELLY HANSEN W ALMA"},"content":{"rendered":"<p>Douce, moelleuse, moderne, mais avec une protection maximale contre les intemp\u00e9ries. L&#8217;Alma pour femme pr\u00e9sente un cuir su\u00e9d\u00e9 imperm\u00e9able doux de qualit\u00e9 sup\u00e9rieure et une doublure en shearling synth\u00e9tique pour une dose suppl\u00e9mentaire de confort et de chaleur. Gr\u00e2ce aux d\u00e9tails exclusifs comme les lacets avec pompons, elle se distingue comme le mod\u00e8le le plus charmant pour cette saison hivernale.  <\/p>\n<p>Composition des fibres : Tige (FWR) : 100 % Cuir<br \/>\nDoublure : 100 % Polyester<br \/>\nDoublure 2 : 100 % Polyester<br \/>\nDoublure 3 (FWR) : 100 % Polyester<br \/>\nSemelle int\u00e9rieure (FWR) : 100 % EVA<br \/>\nSemelle ext\u00e9rieure (FWR) : 100 % Caoutchouc<\/p>\n<p>Poids : 900 g<\/p>\n","protected":false},"excerpt":{"rendered":"<p>Douce, moelleuse, moderne, mais avec une protection maximale contre les intemp\u00e9ries. L&#8217;Alma pour femme pr\u00e9sente un cuir su\u00e9d\u00e9 imperm\u00e9able doux<\/p>\n","protected":false},"featured_media":639857,"template":"","meta":{"_seopress_robots_primary_cat":"none","_seopress_titles_title":"","_seopress_titles_desc":"","_seopress_robots_index":""},"product_brand":[3425],"product_cat":[28,568,575],"product_tag":[],"class_list":{"0":"post-642454","1":"product","2":"type-product","3":"status-publish","4":"has-post-thumbnail","6":"product_brand-helly-hansen","7":"product_cat-calzature","8":"product_cat-calzature-per-il-tempo-libero","9":"product_cat-calzature-da-donna","11":"first","12":"instock","13":"sale","14":"shipping-taxable","15":"purchasable","16":"product-type-variable","17":"has-default-attributes"},"_links":{"self":[{"href":"https:\/\/lucacastelli.com\/fr\/wp-json\/wp\/v2\/product\/642454","targetHints":{"allow":["GET"]}}],"collection":[{"href":"https:\/\/lucacastelli.com\/fr\/wp-json\/wp\/v2\/product"}],"about":[{"href":"https:\/\/lucacastelli.com\/fr\/wp-json\/wp\/v2\/types\/product"}],"wp:featuredmedia":[{"embeddable":true,"href":"https:\/\/lucacastelli.com\/fr\/wp-json\/wp\/v2\/media\/639857"}],"wp:attachment":[{"href":"https:\/\/lucacastelli.com\/fr\/wp-json\/wp\/v2\/media?parent=642454"}],"wp:term":[{"taxonomy":"product_brand","embeddable":true,"href":"https:\/\/lucacastelli.com\/fr\/wp-json\/wp\/v2\/product_brand?post=642454"},{"taxonomy":"product_cat","embeddable":true,"href":"https:\/\/lucacastelli.com\/fr\/wp-json\/wp\/v2\/product_cat?post=642454"},{"taxonomy":"product_tag","embeddable":true,"href":"https:\/\/lucacastelli.com\/fr\/wp-json\/wp\/v2\/product_tag?post=642454"}],"curies":[{"name":"wp","href":"https:\/\/api.w.org\/{rel}","templated":true}]}}