{"id":642389,"date":"2025-11-10T14:43:09","date_gmt":"2025-11-10T13:43:09","guid":{"rendered":"https:\/\/lucacastelli.com\/prodotto\/crazy-shirt-wonder-magic-2\/"},"modified":"2025-12-02T13:06:58","modified_gmt":"2025-12-02T12:06:58","slug":"crazy-shirt-wonder-magic-2","status":"publish","type":"product","link":"https:\/\/lucacastelli.com\/fr\/produit\/crazy-shirt-wonder-magic-2\/","title":{"rendered":"CRAZY SHIRT WONDER MAGIC"},"content":{"rendered":"<p data-start=\"59\" data-end=\"160\"><strong data-start=\"59\" data-end=\"70\">CONCEPT<\/strong><br data-start=\"70\" data-end=\"73\">\u2022 Bordure protectrice pour le cou<br data-start=\"106\" data-end=\"109\" data-is-only-node=\"\">\u2022 Coutures plates contrast\u00e9es<br data-start=\"138\" data-end=\"141\">\u2022 Imprim\u00e9s all-over<\/p>\n<p data-start=\"162\" data-end=\"538\" data-is-last-node=\"\" data-is-only-node=\"\"><strong data-start=\"162\" data-end=\"174\">CARACT\u00c9RISTIQUES<\/strong><br data-start=\"174\" data-end=\"177\">T-shirt con\u00e7u pour les journ\u00e9es actives en plein air, mais \u00e9galement parfait pour un usage quotidien gr\u00e2ce \u00e0 ses imprim\u00e9s distinctifs et \u00e0 la fra\u00eecheur du tissu en Tencel naturel, qui offre douceur et une sensation agr\u00e9able au toucher.<br data-start=\"416\" data-end=\"419\" data-is-only-node=\"\">Il est \u00e9galement hautement fonctionnel, facile \u00e0 laver et caract\u00e9ris\u00e9 par d&#8217;excellentes propri\u00e9t\u00e9s d&#8217;absorption de l&#8217;humidit\u00e9.<\/p>\n","protected":false},"excerpt":{"rendered":"<p>CONCEPT\u2022 Bordure protectrice pour le cou\u2022 Coutures plates contrast\u00e9es\u2022 Imprim\u00e9s all-over CARACT\u00c9RISTIQUEST-shirt con\u00e7u pour les journ\u00e9es actives en plein air,<\/p>\n","protected":false},"featured_media":642391,"template":"","meta":{"_seopress_robots_primary_cat":"none","_seopress_titles_title":"","_seopress_titles_desc":"","_seopress_robots_index":""},"product_brand":[3413],"product_cat":[21,189,200],"product_tag":[],"class_list":{"0":"post-642389","1":"product","2":"type-product","3":"status-publish","4":"has-post-thumbnail","6":"product_brand-crazy","7":"product_cat-abbigliamento","8":"product_cat-abbigliamento-per-il-tempo-libero","9":"product_cat-abbigliamento-da-donna","10":"sws-gruppo-abb-libero-fr","11":"sws-conto-ricavi-merci-rivendita-abbigliamento-fr","12":"sws-gruppo-iva-iva81-fr","14":"first","15":"instock","16":"shipping-taxable","17":"purchasable","18":"product-type-variable","19":"has-default-attributes"},"_links":{"self":[{"href":"https:\/\/lucacastelli.com\/fr\/wp-json\/wp\/v2\/product\/642389","targetHints":{"allow":["GET"]}}],"collection":[{"href":"https:\/\/lucacastelli.com\/fr\/wp-json\/wp\/v2\/product"}],"about":[{"href":"https:\/\/lucacastelli.com\/fr\/wp-json\/wp\/v2\/types\/product"}],"wp:featuredmedia":[{"embeddable":true,"href":"https:\/\/lucacastelli.com\/fr\/wp-json\/wp\/v2\/media\/642391"}],"wp:attachment":[{"href":"https:\/\/lucacastelli.com\/fr\/wp-json\/wp\/v2\/media?parent=642389"}],"wp:term":[{"taxonomy":"product_brand","embeddable":true,"href":"https:\/\/lucacastelli.com\/fr\/wp-json\/wp\/v2\/product_brand?post=642389"},{"taxonomy":"product_cat","embeddable":true,"href":"https:\/\/lucacastelli.com\/fr\/wp-json\/wp\/v2\/product_cat?post=642389"},{"taxonomy":"product_tag","embeddable":true,"href":"https:\/\/lucacastelli.com\/fr\/wp-json\/wp\/v2\/product_tag?post=642389"}],"curies":[{"name":"wp","href":"https:\/\/api.w.org\/{rel}","templated":true}]}}