{"id":642362,"date":"2025-10-31T14:44:25","date_gmt":"2025-10-31T13:44:25","guid":{"rendered":"https:\/\/lucacastelli.com\/prodotto\/helly-hansen-pinehurst-leather\/"},"modified":"2026-04-01T01:51:47","modified_gmt":"2026-03-31T23:51:47","slug":"helly-hansen-pinehurst-leather","status":"publish","type":"product","link":"https:\/\/lucacastelli.com\/fr\/produit\/helly-hansen-pinehurst-leather\/","title":{"rendered":"HELLY HANSEN PINEHURST LEATHER"},"content":{"rendered":"<p>Bottes de ville classiques en cuir imperm\u00e9able avec une excellente traction<\/p>\n<p>La Pinehurst Leather est un mod\u00e8le enti\u00e8rement imperm\u00e9able, dot\u00e9 d\u2019un cuir imperm\u00e9able de qualit\u00e9 sup\u00e9rieure et d\u2019un col rembourr\u00e9 confortable. L\u2019interselle offre un excellent amorti et un grand confort, tandis que les capsules en caoutchouc HH Max-Grip assurent une traction optimale sur toutes les surfaces. <\/p>\n<p>Composition : Tige : 100% Cuir<br \/>\nTige 2 : 70% Polyur\u00e9thane, 30% Polyester<br \/>\nDoublure : 100% Polyester<br \/>\nSemelle int\u00e9rieure : 100% EVA<br \/>\nSemelle ext\u00e9rieure : 100% Caoutchouc<\/p>\n<p>Poids : 640g<\/p>\n","protected":false},"excerpt":{"rendered":"<p>Bottes de ville classiques en cuir imperm\u00e9able avec une excellente traction La Pinehurst Leather est un mod\u00e8le enti\u00e8rement imperm\u00e9able, dot\u00e9<\/p>\n","protected":false},"featured_media":642368,"template":"","meta":{"_seopress_robots_primary_cat":"none","_seopress_titles_title":"","_seopress_titles_desc":"","_seopress_robots_index":""},"product_brand":[3646],"product_cat":[173,1420,1432],"product_tag":[],"class_list":{"0":"post-642362","1":"product","2":"type-product","3":"status-publish","4":"has-post-thumbnail","6":"product_brand-helly-hansen-fr","7":"product_cat-chaussures","8":"product_cat-chaussures-de-loisirs","9":"product_cat-chaussures-pour-hommes","11":"first","12":"instock","13":"sale","14":"shipping-taxable","15":"purchasable","16":"product-type-variable"},"_links":{"self":[{"href":"https:\/\/lucacastelli.com\/fr\/wp-json\/wp\/v2\/product\/642362","targetHints":{"allow":["GET"]}}],"collection":[{"href":"https:\/\/lucacastelli.com\/fr\/wp-json\/wp\/v2\/product"}],"about":[{"href":"https:\/\/lucacastelli.com\/fr\/wp-json\/wp\/v2\/types\/product"}],"wp:featuredmedia":[{"embeddable":true,"href":"https:\/\/lucacastelli.com\/fr\/wp-json\/wp\/v2\/media\/642368"}],"wp:attachment":[{"href":"https:\/\/lucacastelli.com\/fr\/wp-json\/wp\/v2\/media?parent=642362"}],"wp:term":[{"taxonomy":"product_brand","embeddable":true,"href":"https:\/\/lucacastelli.com\/fr\/wp-json\/wp\/v2\/product_brand?post=642362"},{"taxonomy":"product_cat","embeddable":true,"href":"https:\/\/lucacastelli.com\/fr\/wp-json\/wp\/v2\/product_cat?post=642362"},{"taxonomy":"product_tag","embeddable":true,"href":"https:\/\/lucacastelli.com\/fr\/wp-json\/wp\/v2\/product_tag?post=642362"}],"curies":[{"name":"wp","href":"https:\/\/api.w.org\/{rel}","templated":true}]}}