{"id":642333,"date":"2025-11-03T14:30:42","date_gmt":"2025-11-03T13:30:42","guid":{"rendered":"https:\/\/lucacastelli.com\/prodotto\/crazy-pull-wonder-magic\/"},"modified":"2026-04-01T01:51:33","modified_gmt":"2026-03-31T23:51:33","slug":"crazy-pull-wonder-magic","status":"publish","type":"product","link":"https:\/\/lucacastelli.com\/fr\/produit\/crazy-pull-wonder-magic\/","title":{"rendered":"CRAZY PULL WONDER MAGIC"},"content":{"rendered":"<p>Le Pull Wonder Magic est un produit unique dans le monde de l&#8217;outdoor, une v\u00e9ritable ic\u00f4ne de couleur et de fantaisie gr\u00e2ce \u00e0 la combinaison d&#8217;un tissu technique incroyablement doux avec une s\u00e9lection extraordinaire d&#8217;imprim\u00e9s et de couleurs.<br \/>\nLe mod\u00e8le est caract\u00e9ris\u00e9 par un panneau lat\u00e9ral r\u00e9alis\u00e9 dans un tissu technique plus l\u00e9ger et respirant pour am\u00e9liorer les performances techniques et offrir une coupe plus f\u00e9minine et visuellement sur mesure.<br \/>\nLe Pull Wonder Magic est con\u00e7u pour des activit\u00e9s de plein air \u00e0 faible intensit\u00e9 et est parfait pour les besoins quotidiens de confort (et de style).<\/p>\n<p>\u2022 Panneaux lat\u00e9raux avec ourlet coll\u00e9<br \/>\n\u2022 Fermeture \u00e9clair frontale enti\u00e8rement s\u00e9parable<br \/>\n\u2022 Poches pour les mains avec fermeture \u00e9clair<\/p>\n<p>POIDS&nbsp;: 250 gr<\/p>\n","protected":false},"excerpt":{"rendered":"<p>Le Pull Wonder Magic est un produit unique dans le monde de l&#8217;outdoor, une v\u00e9ritable ic\u00f4ne de couleur et de<\/p>\n","protected":false},"featured_media":642338,"template":"","meta":{"_seopress_robots_primary_cat":"none","_seopress_titles_title":"","_seopress_titles_desc":"","_seopress_robots_index":""},"product_brand":[3413],"product_cat":[21,189,200],"product_tag":[],"class_list":{"0":"post-642333","1":"product","2":"type-product","3":"status-publish","4":"has-post-thumbnail","6":"product_brand-crazy","7":"product_cat-abbigliamento","8":"product_cat-abbigliamento-per-il-tempo-libero","9":"product_cat-abbigliamento-da-donna","10":"sws-gruppo-abb-libero-fr","11":"sws-conto-ricavi-merci-rivendita-abbigliamento-fr","12":"sws-gruppo-iva-iva81-fr","14":"first","15":"instock","16":"sale","17":"shipping-taxable","18":"purchasable","19":"product-type-variable","20":"has-default-attributes"},"_links":{"self":[{"href":"https:\/\/lucacastelli.com\/fr\/wp-json\/wp\/v2\/product\/642333","targetHints":{"allow":["GET"]}}],"collection":[{"href":"https:\/\/lucacastelli.com\/fr\/wp-json\/wp\/v2\/product"}],"about":[{"href":"https:\/\/lucacastelli.com\/fr\/wp-json\/wp\/v2\/types\/product"}],"wp:featuredmedia":[{"embeddable":true,"href":"https:\/\/lucacastelli.com\/fr\/wp-json\/wp\/v2\/media\/642338"}],"wp:attachment":[{"href":"https:\/\/lucacastelli.com\/fr\/wp-json\/wp\/v2\/media?parent=642333"}],"wp:term":[{"taxonomy":"product_brand","embeddable":true,"href":"https:\/\/lucacastelli.com\/fr\/wp-json\/wp\/v2\/product_brand?post=642333"},{"taxonomy":"product_cat","embeddable":true,"href":"https:\/\/lucacastelli.com\/fr\/wp-json\/wp\/v2\/product_cat?post=642333"},{"taxonomy":"product_tag","embeddable":true,"href":"https:\/\/lucacastelli.com\/fr\/wp-json\/wp\/v2\/product_tag?post=642333"}],"curies":[{"name":"wp","href":"https:\/\/api.w.org\/{rel}","templated":true}]}}