{"id":642308,"date":"2025-10-31T14:24:42","date_gmt":"2025-10-31T13:24:42","guid":{"rendered":"https:\/\/lucacastelli.com\/prodotto\/helly-hansen-fremont\/"},"modified":"2026-02-27T13:49:52","modified_gmt":"2026-02-27T12:49:52","slug":"helly-hansen-fremont","status":"publish","type":"product","link":"https:\/\/lucacastelli.com\/fr\/produit\/helly-hansen-fremont\/","title":{"rendered":"HELLY HANSEN FREMONT"},"content":{"rendered":"<p>Un incontournable r\u00e9interpr\u00e9t\u00e9, une version plus l\u00e9g\u00e8re et confortable de la bottine robuste classique de 15 cm, avec le m\u00eame look \u00e9l\u00e9gant que son pr\u00e9d\u00e9cesseur.<\/p>\n<p>La Fremont est une bottine de protection classique et robuste de 15 cm, en cuir imperm\u00e9able de qualit\u00e9 sup\u00e9rieure, avec des coutures \u00e9tanches et un col en textile \u00e0 s\u00e9chage rapide, rembourr\u00e9, pour plus de confort. Sa semelle ext\u00e9rieure crant\u00e9e, de style rangers, ne doit pas vous tromper : nous avons r\u00e9duit son poids en ajoutant une semelle interm\u00e9diaire en EVA pour un confort accru, facilitant vos activit\u00e9s de plein air quotidiennes. Cette bottine allie \u00e9l\u00e9gance, protection et pieds au sec : un indispensable absolu pour cette saison hivernale.  <\/p>\n<p>Composition : Tige (FWR) : 100 % cuir\/cuir DE PORC\/mati\u00e8re synth\u00e9tique. Doublure : 100 % maille. Semelle ext\u00e9rieure (FWR) : 100 % EVA + caoutchouc.  <\/p>\n<p>Poids : 1300g<\/p>\n","protected":false},"excerpt":{"rendered":"<p>Un incontournable r\u00e9interpr\u00e9t\u00e9, une version plus l\u00e9g\u00e8re et confortable de la bottine robuste classique de 15 cm, avec le m\u00eame<\/p>\n","protected":false},"featured_media":642310,"template":"","meta":{"_seopress_robots_primary_cat":"none","_seopress_titles_title":"","_seopress_titles_desc":"","_seopress_robots_index":""},"product_brand":[3646],"product_cat":[173,1420,1432],"product_tag":[],"class_list":{"0":"post-642308","1":"product","2":"type-product","3":"status-publish","4":"has-post-thumbnail","6":"product_brand-helly-hansen-fr","7":"product_cat-chaussures","8":"product_cat-chaussures-de-loisirs","9":"product_cat-chaussures-pour-hommes","11":"first","12":"instock","13":"sale","14":"shipping-taxable","15":"purchasable","16":"product-type-variable"},"_links":{"self":[{"href":"https:\/\/lucacastelli.com\/fr\/wp-json\/wp\/v2\/product\/642308","targetHints":{"allow":["GET"]}}],"collection":[{"href":"https:\/\/lucacastelli.com\/fr\/wp-json\/wp\/v2\/product"}],"about":[{"href":"https:\/\/lucacastelli.com\/fr\/wp-json\/wp\/v2\/types\/product"}],"wp:featuredmedia":[{"embeddable":true,"href":"https:\/\/lucacastelli.com\/fr\/wp-json\/wp\/v2\/media\/642310"}],"wp:attachment":[{"href":"https:\/\/lucacastelli.com\/fr\/wp-json\/wp\/v2\/media?parent=642308"}],"wp:term":[{"taxonomy":"product_brand","embeddable":true,"href":"https:\/\/lucacastelli.com\/fr\/wp-json\/wp\/v2\/product_brand?post=642308"},{"taxonomy":"product_cat","embeddable":true,"href":"https:\/\/lucacastelli.com\/fr\/wp-json\/wp\/v2\/product_cat?post=642308"},{"taxonomy":"product_tag","embeddable":true,"href":"https:\/\/lucacastelli.com\/fr\/wp-json\/wp\/v2\/product_tag?post=642308"}],"curies":[{"name":"wp","href":"https:\/\/api.w.org\/{rel}","templated":true}]}}