{"id":639955,"date":"2025-10-31T14:25:30","date_gmt":"2025-10-31T13:25:30","guid":{"rendered":"https:\/\/lucacastelli.com\/prodotto\/meindl-calgary-gtx\/"},"modified":"2026-02-27T13:47:16","modified_gmt":"2026-02-27T12:47:16","slug":"meindl-calgary-gtx","status":"publish","type":"product","link":"https:\/\/lucacastelli.com\/fr\/produit\/meindl-calgary-gtx\/","title":{"rendered":"MEINDL Calgary GTX"},"content":{"rendered":"<p>Les Meindl Calgary GTX sont des chaussures d&#8217;hiver confortables et parfaitement protectrices qui, gr\u00e2ce \u00e0 leur doublure isolante Gore-Tex\u00ae Insulated Comfort, garantissent des pieds au sec et au chaud lors de randonn\u00e9es l\u00e9g\u00e8res, de longues promenades et au quotidien, m\u00eame par temps froid. Avec des d\u00e9tails comme la tige haute de 16 cm \u00e0 lacets, les renforts r\u00e9sistants \u00e0 l&#8217;abrasion ou le chaussant l\u00e9g\u00e8rement stabilis\u00e9 et anatomique, ce mod\u00e8le d&#8217;hiver polyvalent cumule de nombreux atouts pour les loisirs d\u00e9tendus. De plus, le Calgary GTX dispose d&#8217;une semelle d&#8217;hiver agr\u00e9ablement amortissante et adh\u00e9rente.  <\/p>\n","protected":false},"excerpt":{"rendered":"<p>Les Meindl Calgary GTX sont des chaussures d&#8217;hiver confortables et parfaitement protectrices qui, gr\u00e2ce \u00e0 leur doublure isolante Gore-Tex\u00ae Insulated<\/p>\n","protected":false},"featured_media":639956,"template":"","meta":{"_seopress_robots_primary_cat":"none","_seopress_titles_title":"","_seopress_titles_desc":"","_seopress_robots_index":""},"product_brand":[3427],"product_cat":[28,568,569],"product_tag":[],"class_list":{"0":"post-639955","1":"product","2":"type-product","3":"status-publish","4":"has-post-thumbnail","6":"product_brand-meindl","7":"product_cat-calzature","8":"product_cat-calzature-per-il-tempo-libero","9":"product_cat-calzature-da-uomo","11":"first","12":"instock","13":"sale","14":"shipping-taxable","15":"purchasable","16":"product-type-variable","17":"has-default-attributes"},"_links":{"self":[{"href":"https:\/\/lucacastelli.com\/fr\/wp-json\/wp\/v2\/product\/639955","targetHints":{"allow":["GET"]}}],"collection":[{"href":"https:\/\/lucacastelli.com\/fr\/wp-json\/wp\/v2\/product"}],"about":[{"href":"https:\/\/lucacastelli.com\/fr\/wp-json\/wp\/v2\/types\/product"}],"wp:featuredmedia":[{"embeddable":true,"href":"https:\/\/lucacastelli.com\/fr\/wp-json\/wp\/v2\/media\/639956"}],"wp:attachment":[{"href":"https:\/\/lucacastelli.com\/fr\/wp-json\/wp\/v2\/media?parent=639955"}],"wp:term":[{"taxonomy":"product_brand","embeddable":true,"href":"https:\/\/lucacastelli.com\/fr\/wp-json\/wp\/v2\/product_brand?post=639955"},{"taxonomy":"product_cat","embeddable":true,"href":"https:\/\/lucacastelli.com\/fr\/wp-json\/wp\/v2\/product_cat?post=639955"},{"taxonomy":"product_tag","embeddable":true,"href":"https:\/\/lucacastelli.com\/fr\/wp-json\/wp\/v2\/product_tag?post=639955"}],"curies":[{"name":"wp","href":"https:\/\/api.w.org\/{rel}","templated":true}]}}