{"id":639909,"date":"2025-10-28T16:17:57","date_gmt":"2025-10-28T15:17:57","guid":{"rendered":"https:\/\/lucacastelli.com\/prodotto\/stihl-sga-60\/"},"modified":"2025-10-28T16:17:57","modified_gmt":"2025-10-28T15:17:57","slug":"stihl-sga-60","status":"publish","type":"product","link":"https:\/\/lucacastelli.com\/fr\/produit\/stihl-sga-60\/","title":{"rendered":"STIHL SGA 60"},"content":{"rendered":"<h2 class=\"product-details__title\">Pulv\u00e9risateur \u00e0 batterie SGA 60 : Pour une distribution confortable, uniforme et \u00e9conome en \u00e9nergie de produits liquides pour la protection et l&#8217;entretien des plantes.<\/h2>\n<div class=\"product-details__description richtexteditor\">\n<p>Le pulv\u00e9risateur \u00e0 batterie portable STIHL SGA 60, faisant partie du syst\u00e8me STIHL AK, est con\u00e7u pour la protection et l&#8217;entretien des plantes dans les grands jardins priv\u00e9s et pour les semi-professionnels comme les petites exploitations agricoles ou les p\u00e9pini\u00e8res. Il convient \u00e0 l&#8217;application de produits liquides pour la protection contre les champignons et les parasites, la fertilisation et le d\u00e9sherbage. <\/p>\n<p>Facile \u00e0 utiliser, il garantit une pression constante pendant toute la dur\u00e9e de vie de la batterie. Le r\u00e9servoir transparent de 15 l avec indicateur de niveau, la pompe \u00e0 membrane robuste et puissante et les 5 buses diff\u00e9rentes permettent d&#8217;effectuer efficacement toutes les op\u00e9rations dans les vergers, potagers, jardins et plantations. <\/p>\n<\/div>\n<p>&nbsp;<\/p>\n<p>&nbsp;<\/p>\n<table data-test-id=\"pdp-spec-tech-table\">\n<tbody>\n<tr>\n<td>Tension nominale<\/td>\n<td>36 V<\/td>\n<\/tr>\n<tr>\nSyst\u00e8me <\/p>\n<td>de batterie<\/td>\n<td>AK<\/td>\n<\/tr>\n<tr>\n<td>Batterie recommand\u00e9e<\/td>\n<td>AK 10<\/td>\n<\/tr>\n<tr>\n<td>Poids de l&#8217;appareil sans batterie<\/td>\n<td>5 kg<\/td>\n<\/tr>\n<tr>\n<td>Capacit\u00e9 du r\u00e9servoir<\/td>\n<td>15 l<\/td>\n<\/tr>\n<tr>\n<td>Capacit\u00e9 du r\u00e9servoir<\/td>\n<td>3,90 gal<\/td>\n<\/tr>\n<tr>\n<td>D\u00e9bit d&#8217;eau max<\/td>\n<td>1,8 l\/min<\/td>\n<\/tr>\n<tr>\n<td>Pression de service<\/td>\n<td>4 bar<\/td>\n<\/tr>\n<tr>\n<td>Pression de service<\/td>\n<td>65 psi<\/td>\n<\/tr>\n<tr>\n<td>Temps de fonctionnement maximum de la batterie AK 10<\/td>\n<td>270 min<\/td>\n<\/tr>\n<tr>\n<td>Largeur de l&#8217;appareil<\/td>\n<td>358 mm<\/td>\n<\/tr>\n<tr>\n<td>Hauteur de l&#8217;appareil<\/td>\n<td>546 mm<\/td>\n<\/tr>\n<tr>\n<td>Profondeur de l&#8217;outil<\/td>\n<td>313 mm<\/td>\n<\/tr>\n<tr>\n<td>Niveau de pression acoustique<\/td>\n<td>55 dB(A)<\/td>\n<\/tr>\n<tr>\n<td>Niveau de puissance acoustique<\/td>\n<td>69 dB(A)<\/td>\n<\/tr>\n<tr>\n<td>Valeur vibratoire droite<\/td>\n<td>1,8 m\/s\u00b2<\/td>\n<\/tr>\n<\/tbody>\n<\/table>\n","protected":false},"excerpt":{"rendered":"<p>Pulv\u00e9risateur \u00e0 batterie SGA 60 : Pour une distribution confortable, uniforme et \u00e9conome en \u00e9nergie de produits liquides pour la<\/p>\n","protected":false},"featured_media":639524,"template":"","meta":{"_seopress_robots_primary_cat":"none","_seopress_titles_title":"","_seopress_titles_desc":"","_seopress_robots_index":""},"product_brand":[3555],"product_cat":[1567,167,1576,1573],"product_tag":[],"class_list":{"0":"post-639909","1":"product","2":"type-product","3":"status-publish","4":"has-post-thumbnail","6":"product_brand-stihl-fr","7":"product_cat-brumisateurs-et-pulverisateurs","8":"product_cat-machines","9":"product_cat-pulverisateurs-fr","10":"product_cat-pulverisateurs-a-moteur","11":"sws-gruppo-macchinari-fr","12":"sws-conto-ricavi-merci-rivendita-macchinari-fr","13":"sws-gruppo-iva-iva81-fr","15":"first","16":"instock","17":"shipping-taxable","18":"purchasable","19":"product-type-simple"},"_links":{"self":[{"href":"https:\/\/lucacastelli.com\/fr\/wp-json\/wp\/v2\/product\/639909","targetHints":{"allow":["GET"]}}],"collection":[{"href":"https:\/\/lucacastelli.com\/fr\/wp-json\/wp\/v2\/product"}],"about":[{"href":"https:\/\/lucacastelli.com\/fr\/wp-json\/wp\/v2\/types\/product"}],"wp:featuredmedia":[{"embeddable":true,"href":"https:\/\/lucacastelli.com\/fr\/wp-json\/wp\/v2\/media\/639524"}],"wp:attachment":[{"href":"https:\/\/lucacastelli.com\/fr\/wp-json\/wp\/v2\/media?parent=639909"}],"wp:term":[{"taxonomy":"product_brand","embeddable":true,"href":"https:\/\/lucacastelli.com\/fr\/wp-json\/wp\/v2\/product_brand?post=639909"},{"taxonomy":"product_cat","embeddable":true,"href":"https:\/\/lucacastelli.com\/fr\/wp-json\/wp\/v2\/product_cat?post=639909"},{"taxonomy":"product_tag","embeddable":true,"href":"https:\/\/lucacastelli.com\/fr\/wp-json\/wp\/v2\/product_tag?post=639909"}],"curies":[{"name":"wp","href":"https:\/\/api.w.org\/{rel}","templated":true}]}}