{"id":639460,"date":"2025-08-08T18:59:32","date_gmt":"2025-08-08T16:59:32","guid":{"rendered":"https:\/\/lucacastelli.com\/prodotto\/milwaukee-set-cisailles-lames-inclinees-2-pieces\/"},"modified":"2025-08-08T18:59:32","modified_gmt":"2025-08-08T16:59:32","slug":"milwaukee-set-cisailles-lames-inclinees-2-pieces","status":"publish","type":"product","link":"https:\/\/lucacastelli.com\/fr\/produit\/milwaukee-set-cisailles-lames-inclinees-2-pieces\/","title":{"rendered":"MILWAUKEE Set cisailles lames inclin\u00e9es &#8211; 2 pi\u00e8ces"},"content":{"rendered":"<p>Set cisailles lames inclin\u00e9es &#8211; 2 pi\u00e8ces<br \/>\nSET CISAILLES 2 PCS<br \/>\nLames avec dentelure microscopique pour la meilleure adh\u00e9rence possible sur la pi\u00e8ce \u00e0 usiner ;Poign\u00e9e ergonomique pour un confort d&#8217;utilisation \u00e9lev\u00e9 et un travail moins fatigant ;Le ressort de torsion ouvre automatiquement les lames lors de la coupe, pour acc\u00e9l\u00e9rer l&#8217;avancement du travail et r\u00e9duire la fatigue ;Rapport de levier optimal pour faciliter l&#8217;avancement du travail dans des mat\u00e9riaux de forte \u00e9paisseur ;M\u00e9canisme de verrouillage \u00e0 une main pour augmenter la productivit\u00e9 ;Design compact pour simplifier l&#8217;ex\u00e9cution du travail sans d\u00e9salignement ;Cisaille pour t\u00f4le courbe : pour des coupes longues et continues, droites sans coupes courbes. L&#8217;angle \u00e0 45 degr\u00e9s maintient l&#8217;utilisateur \u00e0 distance du mat\u00e9riau \u00e0 couper ;Identification facile de la direction de coupe sur l&#8217;extr\u00e9mit\u00e9 et sur la poign\u00e9e ainsi que gr\u00e2ce au codage couleur ;Poign\u00e9e ergonomique avec rev\u00eatement softgrip de longue dur\u00e9e, pour un confort d&#8217;utilisation \u00e9lev\u00e9 <\/p>\n<p>4932499017<br \/>\n4058546528867<\/p>\n","protected":false},"excerpt":{"rendered":"<p>SET CISAILLES 2 PCS<\/p>\n","protected":false},"featured_media":592293,"template":"","meta":{"_seopress_robots_primary_cat":"","_seopress_titles_title":"","_seopress_titles_desc":"","_seopress_robots_index":""},"product_brand":[3407],"product_cat":[5416,33],"product_tag":[3270],"class_list":{"0":"post-639460","1":"product","2":"type-product","3":"status-publish","4":"has-post-thumbnail","6":"product_brand-milwaukee","7":"product_cat-utensili-per-officina","8":"product_cat-attrezzature","9":"product_tag-import-milwau","10":"sws-conto-ricavi-merci-rivendita-macchinari-fr","11":"sws-gruppo-iva-iva81-fr","13":"first","14":"onbackorder","15":"sale","16":"shipping-taxable","17":"purchasable","18":"product-type-simple"},"_links":{"self":[{"href":"https:\/\/lucacastelli.com\/fr\/wp-json\/wp\/v2\/product\/639460","targetHints":{"allow":["GET"]}}],"collection":[{"href":"https:\/\/lucacastelli.com\/fr\/wp-json\/wp\/v2\/product"}],"about":[{"href":"https:\/\/lucacastelli.com\/fr\/wp-json\/wp\/v2\/types\/product"}],"wp:featuredmedia":[{"embeddable":true,"href":"https:\/\/lucacastelli.com\/fr\/wp-json\/wp\/v2\/media\/592293"}],"wp:attachment":[{"href":"https:\/\/lucacastelli.com\/fr\/wp-json\/wp\/v2\/media?parent=639460"}],"wp:term":[{"taxonomy":"product_brand","embeddable":true,"href":"https:\/\/lucacastelli.com\/fr\/wp-json\/wp\/v2\/product_brand?post=639460"},{"taxonomy":"product_cat","embeddable":true,"href":"https:\/\/lucacastelli.com\/fr\/wp-json\/wp\/v2\/product_cat?post=639460"},{"taxonomy":"product_tag","embeddable":true,"href":"https:\/\/lucacastelli.com\/fr\/wp-json\/wp\/v2\/product_tag?post=639460"}],"curies":[{"name":"wp","href":"https:\/\/api.w.org\/{rel}","templated":true}]}}