{"id":639449,"date":"2025-08-08T18:59:29","date_gmt":"2025-08-08T16:59:29","guid":{"rendered":"https:\/\/lucacastelli.com\/prodotto\/milwaukee-jeu-de-douilles-3-8%cb%9d-hexagonales\/"},"modified":"2025-08-08T18:59:29","modified_gmt":"2025-08-08T16:59:29","slug":"milwaukee-jeu-de-douilles-3-8%cb%9d-hexagonales","status":"publish","type":"product","link":"https:\/\/lucacastelli.com\/fr\/produit\/milwaukee-jeu-de-douilles-3-8%cb%9d-hexagonales\/","title":{"rendered":"MILWAUKEE Jeu de douilles 3\/8\u02dd &#8211; Hexagonales"},"content":{"rendered":"<p>JEU DE DOUILLES 3\/8 &#8211; HEX 11 pcs<br \/>\nLa conception FOUR FLAT\u2122 de la douille emp\u00eache le roulement et permet d&#8217;appliquer plus de force en utilisant une cl\u00e9;Design mince pour un meilleur acc\u00e8s dans les espaces restreints;La pi\u00e8ce forg\u00e9e d&#8217;un seul bloc augmente la durabilit\u00e9 lors des applications \u00e0 couple \u00e9lev\u00e9;Diam\u00e8tres grav\u00e9s pour une meilleure visibilit\u00e9 dans toutes les conditions d&#8217;\u00e9clairage;Rail pour un rangement facile<\/p>\n<p>4932480567<br \/>\n4058546408527<\/p>\n","protected":false},"excerpt":{"rendered":"<p>JEU DE DOUILLES 3\/8 &#8211; HEX 11 pcs<\/p>\n","protected":false},"featured_media":552426,"template":"","meta":{"_seopress_robots_primary_cat":"","_seopress_titles_title":"","_seopress_titles_desc":"","_seopress_robots_index":""},"product_brand":[3407],"product_cat":[5416,33],"product_tag":[3270],"class_list":{"0":"post-639449","1":"product","2":"type-product","3":"status-publish","4":"has-post-thumbnail","6":"product_brand-milwaukee","7":"product_cat-utensili-per-officina","8":"product_cat-attrezzature","9":"product_tag-import-milwau","10":"sws-conto-ricavi-merci-rivendita-macchinari-fr","11":"sws-gruppo-iva-iva81-fr","13":"first","14":"onbackorder","15":"sale","16":"shipping-taxable","17":"purchasable","18":"product-type-simple"},"_links":{"self":[{"href":"https:\/\/lucacastelli.com\/fr\/wp-json\/wp\/v2\/product\/639449","targetHints":{"allow":["GET"]}}],"collection":[{"href":"https:\/\/lucacastelli.com\/fr\/wp-json\/wp\/v2\/product"}],"about":[{"href":"https:\/\/lucacastelli.com\/fr\/wp-json\/wp\/v2\/types\/product"}],"wp:featuredmedia":[{"embeddable":true,"href":"https:\/\/lucacastelli.com\/fr\/wp-json\/wp\/v2\/media\/552426"}],"wp:attachment":[{"href":"https:\/\/lucacastelli.com\/fr\/wp-json\/wp\/v2\/media?parent=639449"}],"wp:term":[{"taxonomy":"product_brand","embeddable":true,"href":"https:\/\/lucacastelli.com\/fr\/wp-json\/wp\/v2\/product_brand?post=639449"},{"taxonomy":"product_cat","embeddable":true,"href":"https:\/\/lucacastelli.com\/fr\/wp-json\/wp\/v2\/product_cat?post=639449"},{"taxonomy":"product_tag","embeddable":true,"href":"https:\/\/lucacastelli.com\/fr\/wp-json\/wp\/v2\/product_tag?post=639449"}],"curies":[{"name":"wp","href":"https:\/\/api.w.org\/{rel}","templated":true}]}}