{"id":639447,"date":"2025-08-08T18:59:28","date_gmt":"2025-08-08T16:59:28","guid":{"rendered":"https:\/\/lucacastelli.com\/prodotto\/milwaukee-jeu-de-douilles-3-8%cb%9d-torx\/"},"modified":"2025-08-08T18:59:28","modified_gmt":"2025-08-08T16:59:28","slug":"milwaukee-jeu-de-douilles-3-8%cb%9d-torx","status":"publish","type":"product","link":"https:\/\/lucacastelli.com\/fr\/produit\/milwaukee-jeu-de-douilles-3-8%cb%9d-torx\/","title":{"rendered":"MILWAUKEE Jeu de douilles 3\/8\u02dd &#8211; Torx"},"content":{"rendered":"<p>JEU DE DOUILLES 3\/8 &#8211; TORX 10 pcs<br \/>\nConception FOUR FLAT\u2122 de la douille emp\u00eache le roulement et permet d&#8217;appliquer plus de force en utilisant une cl\u00e9;Design mince pour un meilleur acc\u00e8s dans les espaces restreints;La pi\u00e8ce unique forg\u00e9e augmente la durabilit\u00e9 dans les applications \u00e0 couple \u00e9lev\u00e9;Diam\u00e8tres estamp\u00e9s pour une meilleure visibilit\u00e9 dans toutes les conditions d&#8217;\u00e9clairage;Rail pour un rangement facile<\/p>\n<p>4932480564<br \/>\n4058546408497<\/p>\n","protected":false},"excerpt":{"rendered":"<p>JEU DE DOUILLES 3\/8 &#8211; TORX 10 pcs<\/p>\n","protected":false},"featured_media":552399,"template":"","meta":{"_seopress_robots_primary_cat":"","_seopress_titles_title":"","_seopress_titles_desc":"","_seopress_robots_index":""},"product_brand":[3407],"product_cat":[5416,33],"product_tag":[3270],"class_list":{"0":"post-639447","1":"product","2":"type-product","3":"status-publish","4":"has-post-thumbnail","6":"product_brand-milwaukee","7":"product_cat-utensili-per-officina","8":"product_cat-attrezzature","9":"product_tag-import-milwau","10":"sws-conto-ricavi-merci-rivendita-macchinari-fr","11":"sws-gruppo-iva-iva81-fr","13":"first","14":"onbackorder","15":"sale","16":"shipping-taxable","17":"purchasable","18":"product-type-simple"},"_links":{"self":[{"href":"https:\/\/lucacastelli.com\/fr\/wp-json\/wp\/v2\/product\/639447","targetHints":{"allow":["GET"]}}],"collection":[{"href":"https:\/\/lucacastelli.com\/fr\/wp-json\/wp\/v2\/product"}],"about":[{"href":"https:\/\/lucacastelli.com\/fr\/wp-json\/wp\/v2\/types\/product"}],"wp:featuredmedia":[{"embeddable":true,"href":"https:\/\/lucacastelli.com\/fr\/wp-json\/wp\/v2\/media\/552399"}],"wp:attachment":[{"href":"https:\/\/lucacastelli.com\/fr\/wp-json\/wp\/v2\/media?parent=639447"}],"wp:term":[{"taxonomy":"product_brand","embeddable":true,"href":"https:\/\/lucacastelli.com\/fr\/wp-json\/wp\/v2\/product_brand?post=639447"},{"taxonomy":"product_cat","embeddable":true,"href":"https:\/\/lucacastelli.com\/fr\/wp-json\/wp\/v2\/product_cat?post=639447"},{"taxonomy":"product_tag","embeddable":true,"href":"https:\/\/lucacastelli.com\/fr\/wp-json\/wp\/v2\/product_tag?post=639447"}],"curies":[{"name":"wp","href":"https:\/\/api.w.org\/{rel}","templated":true}]}}