{"id":639444,"date":"2025-08-08T18:59:26","date_gmt":"2025-08-08T16:59:26","guid":{"rendered":"https:\/\/lucacastelli.com\/prodotto\/milwaukee-set-de-cles-en-t-avec-douille-hexagonale-articulee-7-pieces\/"},"modified":"2025-08-08T18:59:26","modified_gmt":"2025-08-08T16:59:26","slug":"milwaukee-set-de-cles-en-t-avec-douille-hexagonale-articulee-7-pieces","status":"publish","type":"product","link":"https:\/\/lucacastelli.com\/fr\/produit\/milwaukee-set-de-cles-en-t-avec-douille-hexagonale-articulee-7-pieces\/","title":{"rendered":"MILWAUKEE Set de cl\u00e9s en T avec douille hexagonale articul\u00e9e &#8211; 7 pi\u00e8ces"},"content":{"rendered":"<p>SET DE CL\u00c9S EN T AVEC DOUILLE HEXAGONALE ARTICUL\u00c9E 7 PCS<br \/>\nT\u00eate de travail orientable \u00e0 180 degr\u00e9s pour un acc\u00e8s optimal dans les espaces de construction restreints;Poign\u00e9e flexible et coulissante pour une adaptation optimale \u00e0 diff\u00e9rentes positions, offrant un meilleur effet de levier ou facilitant le travail dans des espaces confin\u00e9s;Les embouts pour cl\u00e9s \u00e0 douille sont \u00e9galement id\u00e9aux pour fixer des \u00e9crous avec des boulons longs<\/p>\n<p>4932492674<br \/>\n4058546475451<\/p>\n","protected":false},"excerpt":{"rendered":"<p>SET DE CL\u00c9S EN T AVEC DOUILLE HEXAGONALE ARTICUL\u00c9E 7 PCS<\/p>\n","protected":false},"featured_media":557941,"template":"","meta":{"_seopress_robots_primary_cat":"","_seopress_titles_title":"","_seopress_titles_desc":"","_seopress_robots_index":""},"product_brand":[3407],"product_cat":[5416,33],"product_tag":[3270],"class_list":{"0":"post-639444","1":"product","2":"type-product","3":"status-publish","4":"has-post-thumbnail","6":"product_brand-milwaukee","7":"product_cat-utensili-per-officina","8":"product_cat-attrezzature","9":"product_tag-import-milwau","10":"sws-conto-ricavi-merci-rivendita-macchinari-fr","11":"sws-gruppo-iva-iva81-fr","13":"first","14":"onbackorder","15":"sale","16":"shipping-taxable","17":"purchasable","18":"product-type-simple"},"_links":{"self":[{"href":"https:\/\/lucacastelli.com\/fr\/wp-json\/wp\/v2\/product\/639444","targetHints":{"allow":["GET"]}}],"collection":[{"href":"https:\/\/lucacastelli.com\/fr\/wp-json\/wp\/v2\/product"}],"about":[{"href":"https:\/\/lucacastelli.com\/fr\/wp-json\/wp\/v2\/types\/product"}],"wp:featuredmedia":[{"embeddable":true,"href":"https:\/\/lucacastelli.com\/fr\/wp-json\/wp\/v2\/media\/557941"}],"wp:attachment":[{"href":"https:\/\/lucacastelli.com\/fr\/wp-json\/wp\/v2\/media?parent=639444"}],"wp:term":[{"taxonomy":"product_brand","embeddable":true,"href":"https:\/\/lucacastelli.com\/fr\/wp-json\/wp\/v2\/product_brand?post=639444"},{"taxonomy":"product_cat","embeddable":true,"href":"https:\/\/lucacastelli.com\/fr\/wp-json\/wp\/v2\/product_cat?post=639444"},{"taxonomy":"product_tag","embeddable":true,"href":"https:\/\/lucacastelli.com\/fr\/wp-json\/wp\/v2\/product_tag?post=639444"}],"curies":[{"name":"wp","href":"https:\/\/api.w.org\/{rel}","templated":true}]}}