{"id":639443,"date":"2025-08-08T18:58:58","date_gmt":"2025-08-08T16:58:58","guid":{"rendered":"https:\/\/lucacastelli.com\/prodotto\/milwaukee-jeu-de-cles-hexagonales-imperial\/"},"modified":"2025-08-08T18:58:58","modified_gmt":"2025-08-08T16:58:58","slug":"milwaukee-jeu-de-cles-hexagonales-imperial","status":"publish","type":"product","link":"https:\/\/lucacastelli.com\/fr\/produit\/milwaukee-jeu-de-cles-hexagonales-imperial\/","title":{"rendered":"MILWAUKEE Jeu de cl\u00e9s hexagonales &#8211; Imperial"},"content":{"rendered":"<p>JEU CL\u00c9S IMP HEXAG. PLIABLES SPH\u00c8RE-13 PCS<br \/>\n\u00c9tui pivotant pour permettre un acc\u00e8s facile aux cl\u00e9s;L&#8217;extr\u00e9mit\u00e9 sph\u00e9rique permet un acc\u00e8s \u00e0 30 degr\u00e9s \u00e0 toute vis;S\u00e9rigraphie sur la cl\u00e9 \u00e0 haut contraste pour une identification facile et rapide de l&#8217;empreinte;Identification facile des cl\u00e9s avec marquages durables grav\u00e9s au laser;Positions d\u00e9cal\u00e9es pour un acc\u00e8s rapide  <\/p>\n<p>4932493615<br \/>\n4058546484866<\/p>\n","protected":false},"excerpt":{"rendered":"<p>JEU CL\u00c9S IMP HEXAG. PLIABLES SPH\u00c8RE-13 PCS  <\/p>\n","protected":false},"featured_media":562795,"template":"","meta":{"_seopress_robots_primary_cat":"","_seopress_titles_title":"","_seopress_titles_desc":"","_seopress_robots_index":""},"product_brand":[3407],"product_cat":[5416,33],"product_tag":[3270],"class_list":{"0":"post-639443","1":"product","2":"type-product","3":"status-publish","4":"has-post-thumbnail","6":"product_brand-milwaukee","7":"product_cat-utensili-per-officina","8":"product_cat-attrezzature","9":"product_tag-import-milwau","10":"sws-conto-ricavi-merci-rivendita-macchinari-fr","11":"sws-gruppo-iva-iva81-fr","13":"first","14":"onbackorder","15":"sale","16":"shipping-taxable","17":"purchasable","18":"product-type-simple"},"_links":{"self":[{"href":"https:\/\/lucacastelli.com\/fr\/wp-json\/wp\/v2\/product\/639443","targetHints":{"allow":["GET"]}}],"collection":[{"href":"https:\/\/lucacastelli.com\/fr\/wp-json\/wp\/v2\/product"}],"about":[{"href":"https:\/\/lucacastelli.com\/fr\/wp-json\/wp\/v2\/types\/product"}],"wp:featuredmedia":[{"embeddable":true,"href":"https:\/\/lucacastelli.com\/fr\/wp-json\/wp\/v2\/media\/562795"}],"wp:attachment":[{"href":"https:\/\/lucacastelli.com\/fr\/wp-json\/wp\/v2\/media?parent=639443"}],"wp:term":[{"taxonomy":"product_brand","embeddable":true,"href":"https:\/\/lucacastelli.com\/fr\/wp-json\/wp\/v2\/product_brand?post=639443"},{"taxonomy":"product_cat","embeddable":true,"href":"https:\/\/lucacastelli.com\/fr\/wp-json\/wp\/v2\/product_cat?post=639443"},{"taxonomy":"product_tag","embeddable":true,"href":"https:\/\/lucacastelli.com\/fr\/wp-json\/wp\/v2\/product_tag?post=639443"}],"curies":[{"name":"wp","href":"https:\/\/api.w.org\/{rel}","templated":true}]}}