{"id":639440,"date":"2025-08-08T18:59:25","date_gmt":"2025-08-08T16:59:25","guid":{"rendered":"https:\/\/lucacastelli.com\/prodotto\/milwaukee-set-de-cles-mixtes-a-cliquet-max-bite-4\/"},"modified":"2025-08-08T18:59:25","modified_gmt":"2025-08-08T16:59:25","slug":"milwaukee-set-de-cles-mixtes-a-cliquet-max-bite-4","status":"publish","type":"product","link":"https:\/\/lucacastelli.com\/fr\/produit\/milwaukee-set-de-cles-mixtes-a-cliquet-max-bite-4\/","title":{"rendered":"MILWAUKEE Set de cl\u00e9s mixtes \u00e0 cliquet MAX BITE\u2122"},"content":{"rendered":"<p>Jeu de 15 cl\u00e9s mixtes \u00e0 cliquet imp\u00e9riales &#8211; 1 pc<br \/>\nCliquet \u00e0 144 dents avec inclinaison de 2,5\u00b0 pour travailler dans les espaces les plus \u00e9troits;Double cliquet pour un m\u00e9canisme durable et r\u00e9sistant dans le temps;L&#8217;ouverture MAX BITE\u2122 r\u00e9duit l&#8217;arrondissement et l&#8217;\u00e9caillage;Poign\u00e9e arrondie en I-Beam pour une prise confortable;S\u00e9rigraphie laser retouch\u00e9e \u00e0 l&#8217;encre pour une meilleure visibilit\u00e9;Finition chrom\u00e9e<\/p>\n<p>4932464996<br \/>\n4058546229412<\/p>\n","protected":false},"excerpt":{"rendered":"<p>Jeu de 15 cl\u00e9s mixtes \u00e0 cliquet imp\u00e9riales &#8211; 1 pc<\/p>\n","protected":false},"featured_media":530564,"template":"","meta":{"_seopress_robots_primary_cat":"","_seopress_titles_title":"","_seopress_titles_desc":"","_seopress_robots_index":""},"product_brand":[3407],"product_cat":[5416,33],"product_tag":[3270],"class_list":{"0":"post-639440","1":"product","2":"type-product","3":"status-publish","4":"has-post-thumbnail","6":"product_brand-milwaukee","7":"product_cat-utensili-per-officina","8":"product_cat-attrezzature","9":"product_tag-import-milwau","10":"sws-conto-ricavi-merci-rivendita-macchinari-fr","11":"sws-gruppo-iva-iva81-fr","13":"first","14":"onbackorder","15":"sale","16":"shipping-taxable","17":"purchasable","18":"product-type-simple"},"_links":{"self":[{"href":"https:\/\/lucacastelli.com\/fr\/wp-json\/wp\/v2\/product\/639440","targetHints":{"allow":["GET"]}}],"collection":[{"href":"https:\/\/lucacastelli.com\/fr\/wp-json\/wp\/v2\/product"}],"about":[{"href":"https:\/\/lucacastelli.com\/fr\/wp-json\/wp\/v2\/types\/product"}],"wp:featuredmedia":[{"embeddable":true,"href":"https:\/\/lucacastelli.com\/fr\/wp-json\/wp\/v2\/media\/530564"}],"wp:attachment":[{"href":"https:\/\/lucacastelli.com\/fr\/wp-json\/wp\/v2\/media?parent=639440"}],"wp:term":[{"taxonomy":"product_brand","embeddable":true,"href":"https:\/\/lucacastelli.com\/fr\/wp-json\/wp\/v2\/product_brand?post=639440"},{"taxonomy":"product_cat","embeddable":true,"href":"https:\/\/lucacastelli.com\/fr\/wp-json\/wp\/v2\/product_cat?post=639440"},{"taxonomy":"product_tag","embeddable":true,"href":"https:\/\/lucacastelli.com\/fr\/wp-json\/wp\/v2\/product_tag?post=639440"}],"curies":[{"name":"wp","href":"https:\/\/api.w.org\/{rel}","templated":true}]}}