{"id":639439,"date":"2025-08-08T18:58:59","date_gmt":"2025-08-08T16:58:59","guid":{"rendered":"https:\/\/lucacastelli.com\/prodotto\/milwaukee-jeu-de-cles-doubles-pour-raccords-en-module-souple\/"},"modified":"2025-08-08T18:58:59","modified_gmt":"2025-08-08T16:58:59","slug":"milwaukee-jeu-de-cles-doubles-pour-raccords-en-module-souple","status":"publish","type":"product","link":"https:\/\/lucacastelli.com\/fr\/produit\/milwaukee-jeu-de-cles-doubles-pour-raccords-en-module-souple\/","title":{"rendered":"MILWAUKEE Jeu de cl\u00e9s doubles pour raccords en module souple"},"content":{"rendered":"<p>JEU DE CL\u00c9S DOUBLES POUR RACCORDS MOD SOUPLE<br \/>\nG\u00e9om\u00e9trie de t\u00eate optimis\u00e9e pour une prise s\u00fbre sur les \u00e9l\u00e9ments de fixation et pour r\u00e9duire l&#8217;arrondi des \u00e9crous.;Poign\u00e9e en I &#8211; Beam pour un plus grand confort lors de l&#8217;application.;S\u00e9rigraphies remplies d&#8217;encre pour une identification facile et rapide de la dimension.;T\u00eate inclin\u00e9e de 15\u00b0 pour un meilleur acc\u00e8s.;Le jeu est rang\u00e9 de mani\u00e8re ordonn\u00e9e dans une mousse r\u00e9sistante.<\/p>\n<p>4932493628<br \/>\n4058546484996<\/p>\n","protected":false},"excerpt":{"rendered":"<p>JEU DE CL\u00c9S DOUBLES POUR RACCORDS MOD SOUPLE<\/p>\n","protected":false},"featured_media":562900,"template":"","meta":{"_seopress_robots_primary_cat":"","_seopress_titles_title":"","_seopress_titles_desc":"","_seopress_robots_index":""},"product_brand":[3407],"product_cat":[5416,33],"product_tag":[3270],"class_list":{"0":"post-639439","1":"product","2":"type-product","3":"status-publish","4":"has-post-thumbnail","6":"product_brand-milwaukee","7":"product_cat-utensili-per-officina","8":"product_cat-attrezzature","9":"product_tag-import-milwau","10":"sws-conto-ricavi-merci-rivendita-macchinari-fr","11":"sws-gruppo-iva-iva81-fr","13":"first","14":"onbackorder","15":"sale","16":"shipping-taxable","17":"purchasable","18":"product-type-simple"},"_links":{"self":[{"href":"https:\/\/lucacastelli.com\/fr\/wp-json\/wp\/v2\/product\/639439","targetHints":{"allow":["GET"]}}],"collection":[{"href":"https:\/\/lucacastelli.com\/fr\/wp-json\/wp\/v2\/product"}],"about":[{"href":"https:\/\/lucacastelli.com\/fr\/wp-json\/wp\/v2\/types\/product"}],"wp:featuredmedia":[{"embeddable":true,"href":"https:\/\/lucacastelli.com\/fr\/wp-json\/wp\/v2\/media\/562900"}],"wp:attachment":[{"href":"https:\/\/lucacastelli.com\/fr\/wp-json\/wp\/v2\/media?parent=639439"}],"wp:term":[{"taxonomy":"product_brand","embeddable":true,"href":"https:\/\/lucacastelli.com\/fr\/wp-json\/wp\/v2\/product_brand?post=639439"},{"taxonomy":"product_cat","embeddable":true,"href":"https:\/\/lucacastelli.com\/fr\/wp-json\/wp\/v2\/product_cat?post=639439"},{"taxonomy":"product_tag","embeddable":true,"href":"https:\/\/lucacastelli.com\/fr\/wp-json\/wp\/v2\/product_tag?post=639439"}],"curies":[{"name":"wp","href":"https:\/\/api.w.org\/{rel}","templated":true}]}}