{"id":639436,"date":"2025-08-08T18:58:52","date_gmt":"2025-08-08T16:58:52","guid":{"rendered":"https:\/\/lucacastelli.com\/prodotto\/milwaukee-set-dembouts-cliquet-et-douilles-de-1-4\/"},"modified":"2025-08-08T18:58:52","modified_gmt":"2025-08-08T16:58:52","slug":"milwaukee-set-dembouts-cliquet-et-douilles-de-1-4","status":"publish","type":"product","link":"https:\/\/lucacastelli.com\/fr\/produit\/milwaukee-set-dembouts-cliquet-et-douilles-de-1-4\/","title":{"rendered":"MILWAUKEE Set d&#8217;embouts, cliquet et douilles de 1\/4&#8243;"},"content":{"rendered":"<p>SET 38 PCS CLIQUET 1\/4 &#8211; M\u00c9TRIQUE<br \/>\nDesign \u00e0 90 dents avec 4 degr\u00e9s de rotation d&#8217;arc pour un acc\u00e8s maximal aux espaces restreints;Design FOUR FLAT\u2122 anti-chute;Diam\u00e8tres imprim\u00e9s sur le c\u00f4t\u00e9 pour une reconnaissance facile;Poign\u00e9e confortable pour un confort maximal et des applications \u00e0 couple \u00e9lev\u00e9;Embouts SHOCKWAVE\u2122<\/p>\n<p>4932498381<br \/>\n4058546522506<\/p>\n","protected":false},"excerpt":{"rendered":"<p>SET 38 PCS CLIQUET 1\/4 &#8211; M\u00c9TRIQUE<\/p>\n","protected":false},"featured_media":599675,"template":"","meta":{"_seopress_robots_primary_cat":"","_seopress_titles_title":"","_seopress_titles_desc":"","_seopress_robots_index":""},"product_brand":[3658],"product_cat":[5417,144],"product_tag":[3273],"class_list":{"0":"post-639436","1":"product","2":"type-product","3":"status-publish","4":"has-post-thumbnail","6":"product_brand-milwaukee-fr","7":"product_cat-outils-pour-atelier","8":"product_cat-equipement","9":"product_tag-import-milwau-fr","10":"sws-conto-ricavi-merci-rivendita-macchinari-fr","11":"sws-gruppo-iva-iva81-fr","13":"first","14":"onbackorder","15":"sale","16":"shipping-taxable","17":"purchasable","18":"product-type-simple"},"_links":{"self":[{"href":"https:\/\/lucacastelli.com\/fr\/wp-json\/wp\/v2\/product\/639436","targetHints":{"allow":["GET"]}}],"collection":[{"href":"https:\/\/lucacastelli.com\/fr\/wp-json\/wp\/v2\/product"}],"about":[{"href":"https:\/\/lucacastelli.com\/fr\/wp-json\/wp\/v2\/types\/product"}],"wp:featuredmedia":[{"embeddable":true,"href":"https:\/\/lucacastelli.com\/fr\/wp-json\/wp\/v2\/media\/599675"}],"wp:attachment":[{"href":"https:\/\/lucacastelli.com\/fr\/wp-json\/wp\/v2\/media?parent=639436"}],"wp:term":[{"taxonomy":"product_brand","embeddable":true,"href":"https:\/\/lucacastelli.com\/fr\/wp-json\/wp\/v2\/product_brand?post=639436"},{"taxonomy":"product_cat","embeddable":true,"href":"https:\/\/lucacastelli.com\/fr\/wp-json\/wp\/v2\/product_cat?post=639436"},{"taxonomy":"product_tag","embeddable":true,"href":"https:\/\/lucacastelli.com\/fr\/wp-json\/wp\/v2\/product_tag?post=639436"}],"curies":[{"name":"wp","href":"https:\/\/api.w.org\/{rel}","templated":true}]}}