{"id":639433,"date":"2025-08-08T18:58:51","date_gmt":"2025-08-08T16:58:51","guid":{"rendered":"https:\/\/lucacastelli.com\/prodotto\/milwaukee-set-dembouts-cliquet-compact-et-douilles-de-1-4\/"},"modified":"2025-08-08T18:58:51","modified_gmt":"2025-08-08T16:58:51","slug":"milwaukee-set-dembouts-cliquet-compact-et-douilles-de-1-4","status":"publish","type":"product","link":"https:\/\/lucacastelli.com\/fr\/produit\/milwaukee-set-dembouts-cliquet-compact-et-douilles-de-1-4\/","title":{"rendered":"MILWAUKEE Set d&#8217;embouts, cliquet compact et douilles de 1\/4&#8221;"},"content":{"rendered":"<p>SET 39PCS CLIQUET COMPACT 1\/4 &#8211; M\u00c9TRIQUE<br \/>\nCliquet avec 90 dents et 4\u00b0 de reprise d&#8217;arc pour un meilleur acc\u00e8s dans les espaces restreints.;Douille avec design \u00e0 quatre faces pour \u00e9viter le roulement et pour une utilisation avec cl\u00e9.;Embouts SHOCKWAVE\u2122 pour visseuse \u00e0 chocs et perceuses avec mandrin auto-serrant.;\u00c9tui en tissu de haute qualit\u00e9 et insert en mousse amovible.<\/p>\n<p>4932492672<br \/>\n4058546475437<\/p>\n","protected":false},"excerpt":{"rendered":"<p>SET 39PCS CLIQUET COMPACT 1\/4 &#8211; M\u00c9TRIQUE<\/p>\n","protected":false},"featured_media":557924,"template":"","meta":{"_seopress_robots_primary_cat":"","_seopress_titles_title":"","_seopress_titles_desc":"","_seopress_robots_index":""},"product_brand":[3658],"product_cat":[144,5417],"product_tag":[3273],"class_list":{"0":"post-639433","1":"product","2":"type-product","3":"status-publish","4":"has-post-thumbnail","6":"product_brand-milwaukee-fr","7":"product_cat-equipement","8":"product_cat-outils-pour-atelier","9":"product_tag-import-milwau-fr","10":"sws-conto-ricavi-merci-rivendita-macchinari-fr","11":"sws-gruppo-iva-iva81-fr","13":"first","14":"onbackorder","15":"sale","16":"shipping-taxable","17":"purchasable","18":"product-type-simple"},"_links":{"self":[{"href":"https:\/\/lucacastelli.com\/fr\/wp-json\/wp\/v2\/product\/639433","targetHints":{"allow":["GET"]}}],"collection":[{"href":"https:\/\/lucacastelli.com\/fr\/wp-json\/wp\/v2\/product"}],"about":[{"href":"https:\/\/lucacastelli.com\/fr\/wp-json\/wp\/v2\/types\/product"}],"wp:featuredmedia":[{"embeddable":true,"href":"https:\/\/lucacastelli.com\/fr\/wp-json\/wp\/v2\/media\/557924"}],"wp:attachment":[{"href":"https:\/\/lucacastelli.com\/fr\/wp-json\/wp\/v2\/media?parent=639433"}],"wp:term":[{"taxonomy":"product_brand","embeddable":true,"href":"https:\/\/lucacastelli.com\/fr\/wp-json\/wp\/v2\/product_brand?post=639433"},{"taxonomy":"product_cat","embeddable":true,"href":"https:\/\/lucacastelli.com\/fr\/wp-json\/wp\/v2\/product_cat?post=639433"},{"taxonomy":"product_tag","embeddable":true,"href":"https:\/\/lucacastelli.com\/fr\/wp-json\/wp\/v2\/product_tag?post=639433"}],"curies":[{"name":"wp","href":"https:\/\/api.w.org\/{rel}","templated":true}]}}