{"id":639430,"date":"2025-08-08T18:58:56","date_gmt":"2025-08-08T16:58:56","guid":{"rendered":"https:\/\/lucacastelli.com\/prodotto\/milwaukee-jeu-de-cles-plates-doubles-9-pieces-2\/"},"modified":"2025-08-08T18:58:56","modified_gmt":"2025-08-08T16:58:56","slug":"milwaukee-jeu-de-cles-plates-doubles-9-pieces-2","status":"publish","type":"product","link":"https:\/\/lucacastelli.com\/fr\/produit\/milwaukee-jeu-de-cles-plates-doubles-9-pieces-2\/","title":{"rendered":"Milwaukee Jeu de cl\u00e9s plates doubles &#8211; 9 pi\u00e8ces"},"content":{"rendered":"<p>JEU DE 9 CL\u00c9S POLYGONALES DOUBLES COURBES MOD MORB<br \/>\nPoign\u00e9e profil\u00e9e en T arrondie pour un confort d&#8217;utilisation optimal;Marquage color\u00e9 des dimensions pour une identification facile;Surface chrom\u00e9e pour prot\u00e9ger contre la corrosion et la rouille;Mousse expans\u00e9e Premium pour augmenter la r\u00e9sistance, dimensions d\u00e9coup\u00e9es au laser pour reconna\u00eetre facilement et rapidement la taille et fond rouge pour rep\u00e9rer rapidement les outils manquants.<\/p>\n<p>4932499086<br \/>\n4058546529550<\/p>\n","protected":false},"excerpt":{"rendered":"<p>JEU DE 9 CL\u00c9S POLYGONALES DOUBLES COURBES MOD MORB<\/p>\n","protected":false},"featured_media":567743,"template":"","meta":{"_seopress_robots_primary_cat":"","_seopress_titles_title":"","_seopress_titles_desc":"","_seopress_robots_index":""},"product_brand":[3407],"product_cat":[5416,33],"product_tag":[3270],"class_list":{"0":"post-639430","1":"product","2":"type-product","3":"status-publish","4":"has-post-thumbnail","6":"product_brand-milwaukee","7":"product_cat-utensili-per-officina","8":"product_cat-attrezzature","9":"product_tag-import-milwau","10":"sws-conto-ricavi-merci-rivendita-macchinari-fr","11":"sws-gruppo-iva-iva81-fr","13":"first","14":"onbackorder","15":"sale","16":"shipping-taxable","17":"purchasable","18":"product-type-simple"},"_links":{"self":[{"href":"https:\/\/lucacastelli.com\/fr\/wp-json\/wp\/v2\/product\/639430","targetHints":{"allow":["GET"]}}],"collection":[{"href":"https:\/\/lucacastelli.com\/fr\/wp-json\/wp\/v2\/product"}],"about":[{"href":"https:\/\/lucacastelli.com\/fr\/wp-json\/wp\/v2\/types\/product"}],"wp:featuredmedia":[{"embeddable":true,"href":"https:\/\/lucacastelli.com\/fr\/wp-json\/wp\/v2\/media\/567743"}],"wp:attachment":[{"href":"https:\/\/lucacastelli.com\/fr\/wp-json\/wp\/v2\/media?parent=639430"}],"wp:term":[{"taxonomy":"product_brand","embeddable":true,"href":"https:\/\/lucacastelli.com\/fr\/wp-json\/wp\/v2\/product_brand?post=639430"},{"taxonomy":"product_cat","embeddable":true,"href":"https:\/\/lucacastelli.com\/fr\/wp-json\/wp\/v2\/product_cat?post=639430"},{"taxonomy":"product_tag","embeddable":true,"href":"https:\/\/lucacastelli.com\/fr\/wp-json\/wp\/v2\/product_tag?post=639430"}],"curies":[{"name":"wp","href":"https:\/\/api.w.org\/{rel}","templated":true}]}}