{"id":639427,"date":"2025-08-08T18:58:50","date_gmt":"2025-08-08T16:58:50","guid":{"rendered":"https:\/\/lucacastelli.com\/prodotto\/milwaukee-jeu-de-douilles-a-main-de-3-8\/"},"modified":"2025-08-08T18:58:50","modified_gmt":"2025-08-08T16:58:50","slug":"milwaukee-jeu-de-douilles-a-main-de-3-8","status":"publish","type":"product","link":"https:\/\/lucacastelli.com\/fr\/produit\/milwaukee-jeu-de-douilles-a-main-de-3-8\/","title":{"rendered":"MILWAUKEE Jeu de douilles \u00e0 main de 3\/8&#8221;"},"content":{"rendered":"<p>JEU 10PCS DOUILLES MAIN LONGUES DE 3\/8 IMPERIAL<br \/>\nDesign FOUR FLAT\u2122 emp\u00eache le roulement;Prise maximale gr\u00e2ce au design FOUR FLAT\u2122;Diam\u00e8tres marqu\u00e9s pour une identification facile;Finition chrom\u00e9e;Fournis sur un rail porte-douilles<\/p>\n<p>4932492510<br \/>\n4058546418779<\/p>\n","protected":false},"excerpt":{"rendered":"<p>JEU 10PCS DOUILLES MAIN LONGUES DE 3\/8 IMPERIAL<\/p>\n","protected":false},"featured_media":557092,"template":"","meta":{"_seopress_robots_primary_cat":"","_seopress_titles_title":"","_seopress_titles_desc":"","_seopress_robots_index":""},"product_brand":[3658],"product_cat":[5417,144],"product_tag":[3273],"class_list":{"0":"post-639427","1":"product","2":"type-product","3":"status-publish","4":"has-post-thumbnail","6":"product_brand-milwaukee-fr","7":"product_cat-outils-pour-atelier","8":"product_cat-equipement","9":"product_tag-import-milwau-fr","10":"sws-conto-ricavi-merci-rivendita-macchinari-fr","11":"sws-gruppo-iva-iva81-fr","13":"first","14":"onbackorder","15":"sale","16":"shipping-taxable","17":"purchasable","18":"product-type-simple"},"_links":{"self":[{"href":"https:\/\/lucacastelli.com\/fr\/wp-json\/wp\/v2\/product\/639427","targetHints":{"allow":["GET"]}}],"collection":[{"href":"https:\/\/lucacastelli.com\/fr\/wp-json\/wp\/v2\/product"}],"about":[{"href":"https:\/\/lucacastelli.com\/fr\/wp-json\/wp\/v2\/types\/product"}],"wp:featuredmedia":[{"embeddable":true,"href":"https:\/\/lucacastelli.com\/fr\/wp-json\/wp\/v2\/media\/557092"}],"wp:attachment":[{"href":"https:\/\/lucacastelli.com\/fr\/wp-json\/wp\/v2\/media?parent=639427"}],"wp:term":[{"taxonomy":"product_brand","embeddable":true,"href":"https:\/\/lucacastelli.com\/fr\/wp-json\/wp\/v2\/product_brand?post=639427"},{"taxonomy":"product_cat","embeddable":true,"href":"https:\/\/lucacastelli.com\/fr\/wp-json\/wp\/v2\/product_cat?post=639427"},{"taxonomy":"product_tag","embeddable":true,"href":"https:\/\/lucacastelli.com\/fr\/wp-json\/wp\/v2\/product_tag?post=639427"}],"curies":[{"name":"wp","href":"https:\/\/api.w.org\/{rel}","templated":true}]}}