{"id":639424,"date":"2025-08-08T18:58:54","date_gmt":"2025-08-08T16:58:54","guid":{"rendered":"https:\/\/lucacastelli.com\/prodotto\/milwaukee-jeu-de-cles-torx-compact-pointe-spherique-9-pcs\/"},"modified":"2025-08-08T18:58:54","modified_gmt":"2025-08-08T16:58:54","slug":"milwaukee-jeu-de-cles-torx-compact-pointe-spherique-9-pcs","status":"publish","type":"product","link":"https:\/\/lucacastelli.com\/fr\/produit\/milwaukee-jeu-de-cles-torx-compact-pointe-spherique-9-pcs\/","title":{"rendered":"MILWAUKEE JEU DE CL\u00c9S TORX COMPACT. POINTE SPH\u00c9RIQUE 9 PCS"},"content":{"rendered":"<p>JEU DE CL\u00c9S TORX COMPACT. POINTE SPH\u00c9RIQUE 9 PCS<br \/>\n\u00c9tui brevet\u00e9 exclusif pour un acc\u00e8s facile aux cl\u00e9s;L&#8217;extr\u00e9mit\u00e9 sph\u00e9rique Torx permet un acc\u00e8s \u00e0 25 degr\u00e9s \u00e0 toute vis Torx;S\u00e9rigraphie sur la cl\u00e9 pour une identification facile et rapide de l&#8217;empreinte;Cl\u00e9s compactes pour l&#8217;acc\u00e8s dans des espaces tr\u00e8s restreints;Pr\u00e9disposition pour un cordon antichute  <\/p>\n<p>4932492703<br \/>\n4058546475741<\/p>\n","protected":false},"excerpt":{"rendered":"<p>JEU DE CL\u00c9S TORX COMPACT. POINTE SPH\u00c9RIQUE 9 PCS  <\/p>\n","protected":false},"featured_media":558036,"template":"","meta":{"_seopress_robots_primary_cat":"","_seopress_titles_title":"","_seopress_titles_desc":"","_seopress_robots_index":""},"product_brand":[3407],"product_cat":[5416,33],"product_tag":[3270],"class_list":{"0":"post-639424","1":"product","2":"type-product","3":"status-publish","4":"has-post-thumbnail","6":"product_brand-milwaukee","7":"product_cat-utensili-per-officina","8":"product_cat-attrezzature","9":"product_tag-import-milwau","10":"sws-conto-ricavi-merci-rivendita-macchinari-fr","11":"sws-gruppo-iva-iva81-fr","13":"first","14":"onbackorder","15":"sale","16":"shipping-taxable","17":"purchasable","18":"product-type-simple"},"_links":{"self":[{"href":"https:\/\/lucacastelli.com\/fr\/wp-json\/wp\/v2\/product\/639424","targetHints":{"allow":["GET"]}}],"collection":[{"href":"https:\/\/lucacastelli.com\/fr\/wp-json\/wp\/v2\/product"}],"about":[{"href":"https:\/\/lucacastelli.com\/fr\/wp-json\/wp\/v2\/types\/product"}],"wp:featuredmedia":[{"embeddable":true,"href":"https:\/\/lucacastelli.com\/fr\/wp-json\/wp\/v2\/media\/558036"}],"wp:attachment":[{"href":"https:\/\/lucacastelli.com\/fr\/wp-json\/wp\/v2\/media?parent=639424"}],"wp:term":[{"taxonomy":"product_brand","embeddable":true,"href":"https:\/\/lucacastelli.com\/fr\/wp-json\/wp\/v2\/product_brand?post=639424"},{"taxonomy":"product_cat","embeddable":true,"href":"https:\/\/lucacastelli.com\/fr\/wp-json\/wp\/v2\/product_cat?post=639424"},{"taxonomy":"product_tag","embeddable":true,"href":"https:\/\/lucacastelli.com\/fr\/wp-json\/wp\/v2\/product_tag?post=639424"}],"curies":[{"name":"wp","href":"https:\/\/api.w.org\/{rel}","templated":true}]}}