{"id":639406,"date":"2025-08-08T18:59:20","date_gmt":"2025-08-08T16:59:20","guid":{"rendered":"https:\/\/lucacastelli.com\/prodotto\/milwaukee-set-de-cles-mixtes-a-cliquet-max-bite-2\/"},"modified":"2025-08-08T18:59:20","modified_gmt":"2025-08-08T16:59:20","slug":"milwaukee-set-de-cles-mixtes-a-cliquet-max-bite-2","status":"publish","type":"product","link":"https:\/\/lucacastelli.com\/fr\/produit\/milwaukee-set-de-cles-mixtes-a-cliquet-max-bite-2\/","title":{"rendered":"MILWAUKEE Set de cl\u00e9s mixtes \u00e0 cliquet MAX BITE\u2122"},"content":{"rendered":"<p>JEU DE CL\u00c9S \u00c0 CLIQUET 7 pcs SerieMax 1pc<br \/>\nCliquet \u00e0 144 dents pour une meilleure accessibilit\u00e9;Confort maximal gr\u00e2ce au design arrondi;Indication des tailles remplie d&#8217;encre pour une meilleure visibilit\u00e9;Inclinaison de 15\u00b0 pour un meilleur acc\u00e8s lors de l&#8217;utilisation;Acier chrom\u00e9;Fabriqu\u00e9es avec un mat\u00e9riau extr\u00eamement r\u00e9sistant et durable<\/p>\n<p>4932464993<br \/>\n4058546229382<\/p>\n","protected":false},"excerpt":{"rendered":"<p>JEU DE CL\u00c9S \u00c0 CLIQUET 7 pcs SerieMax 1pc<\/p>\n","protected":false},"featured_media":530517,"template":"","meta":{"_seopress_robots_primary_cat":"","_seopress_titles_title":"","_seopress_titles_desc":"","_seopress_robots_index":""},"product_brand":[3407],"product_cat":[5416,33],"product_tag":[3270],"class_list":{"0":"post-639406","1":"product","2":"type-product","3":"status-publish","4":"has-post-thumbnail","6":"product_brand-milwaukee","7":"product_cat-utensili-per-officina","8":"product_cat-attrezzature","9":"product_tag-import-milwau","10":"sws-conto-ricavi-merci-rivendita-macchinari-fr","11":"sws-gruppo-iva-iva81-fr","13":"first","14":"onbackorder","15":"sale","16":"shipping-taxable","17":"purchasable","18":"product-type-simple"},"_links":{"self":[{"href":"https:\/\/lucacastelli.com\/fr\/wp-json\/wp\/v2\/product\/639406","targetHints":{"allow":["GET"]}}],"collection":[{"href":"https:\/\/lucacastelli.com\/fr\/wp-json\/wp\/v2\/product"}],"about":[{"href":"https:\/\/lucacastelli.com\/fr\/wp-json\/wp\/v2\/types\/product"}],"wp:featuredmedia":[{"embeddable":true,"href":"https:\/\/lucacastelli.com\/fr\/wp-json\/wp\/v2\/media\/530517"}],"wp:attachment":[{"href":"https:\/\/lucacastelli.com\/fr\/wp-json\/wp\/v2\/media?parent=639406"}],"wp:term":[{"taxonomy":"product_brand","embeddable":true,"href":"https:\/\/lucacastelli.com\/fr\/wp-json\/wp\/v2\/product_brand?post=639406"},{"taxonomy":"product_cat","embeddable":true,"href":"https:\/\/lucacastelli.com\/fr\/wp-json\/wp\/v2\/product_cat?post=639406"},{"taxonomy":"product_tag","embeddable":true,"href":"https:\/\/lucacastelli.com\/fr\/wp-json\/wp\/v2\/product_tag?post=639406"}],"curies":[{"name":"wp","href":"https:\/\/api.w.org\/{rel}","templated":true}]}}