{"id":639396,"date":"2025-08-08T18:58:57","date_gmt":"2025-08-08T16:58:57","guid":{"rendered":"https:\/\/lucacastelli.com\/prodotto\/milwaukee-jeu-de-cles-hexagonales-pliantes-2\/"},"modified":"2025-08-08T18:58:57","modified_gmt":"2025-08-08T16:58:57","slug":"milwaukee-jeu-de-cles-hexagonales-pliantes-2","status":"publish","type":"product","link":"https:\/\/lucacastelli.com\/fr\/produit\/milwaukee-jeu-de-cles-hexagonales-pliantes-2\/","title":{"rendered":"Milwaukee Jeu de cl\u00e9s hexagonales pliantes"},"content":{"rendered":"<p>JEU DE CL\u00c9S HEXAGONALES PLIABLES &#8211; 9 PCS<br \/>\n8 cl\u00e9s pliables pour un acc\u00e8s facile et s\u00fbr;Mesures en contraste \u00e9lev\u00e9 pour une identification facile et rapide;Poign\u00e9e ergonomique pour une prise en main confortable et s\u00fbre;Corps en m\u00e9tal pour une plus grande r\u00e9sistance;Dimensions hexagonales de 1,5 mm \u00e0 8 mm  <\/p>\n<p>4932493614<br \/>\n4058546484859<\/p>\n","protected":false},"excerpt":{"rendered":"<p>JEU DE CL\u00c9S HEXAGONALES PLIABLES &#8211; 9 PCS  <\/p>\n","protected":false},"featured_media":562774,"template":"","meta":{"_seopress_robots_primary_cat":"","_seopress_titles_title":"","_seopress_titles_desc":"","_seopress_robots_index":""},"product_brand":[3407],"product_cat":[5416,33],"product_tag":[3270],"class_list":{"0":"post-639396","1":"product","2":"type-product","3":"status-publish","4":"has-post-thumbnail","6":"product_brand-milwaukee","7":"product_cat-utensili-per-officina","8":"product_cat-attrezzature","9":"product_tag-import-milwau","10":"sws-conto-ricavi-merci-rivendita-macchinari-fr","11":"sws-gruppo-iva-iva81-fr","13":"first","14":"onbackorder","15":"sale","16":"shipping-taxable","17":"purchasable","18":"product-type-simple"},"_links":{"self":[{"href":"https:\/\/lucacastelli.com\/fr\/wp-json\/wp\/v2\/product\/639396","targetHints":{"allow":["GET"]}}],"collection":[{"href":"https:\/\/lucacastelli.com\/fr\/wp-json\/wp\/v2\/product"}],"about":[{"href":"https:\/\/lucacastelli.com\/fr\/wp-json\/wp\/v2\/types\/product"}],"wp:featuredmedia":[{"embeddable":true,"href":"https:\/\/lucacastelli.com\/fr\/wp-json\/wp\/v2\/media\/562774"}],"wp:attachment":[{"href":"https:\/\/lucacastelli.com\/fr\/wp-json\/wp\/v2\/media?parent=639396"}],"wp:term":[{"taxonomy":"product_brand","embeddable":true,"href":"https:\/\/lucacastelli.com\/fr\/wp-json\/wp\/v2\/product_brand?post=639396"},{"taxonomy":"product_cat","embeddable":true,"href":"https:\/\/lucacastelli.com\/fr\/wp-json\/wp\/v2\/product_cat?post=639396"},{"taxonomy":"product_tag","embeddable":true,"href":"https:\/\/lucacastelli.com\/fr\/wp-json\/wp\/v2\/product_tag?post=639396"}],"curies":[{"name":"wp","href":"https:\/\/api.w.org\/{rel}","templated":true}]}}