{"id":639395,"date":"2025-08-08T18:59:00","date_gmt":"2025-08-08T16:59:00","guid":{"rendered":"https:\/\/lucacastelli.com\/prodotto\/milwaukee-jeu-de-cles-doubles-pour-raccords\/"},"modified":"2025-08-08T18:59:00","modified_gmt":"2025-08-08T16:59:00","slug":"milwaukee-jeu-de-cles-doubles-pour-raccords","status":"publish","type":"product","link":"https:\/\/lucacastelli.com\/fr\/produit\/milwaukee-jeu-de-cles-doubles-pour-raccords\/","title":{"rendered":"MILWAUKEE Jeu de cl\u00e9s doubles pour raccords"},"content":{"rendered":"<p>JEU DE CL\u00c9S DOUBLES POUR RACCORDS 6 pcs<br \/>\nG\u00e9om\u00e9trie de la t\u00eate optimis\u00e9e pour une prise s\u00fbre sur les \u00e9l\u00e9ments de fixation et pour r\u00e9duire le risque d&#8217;endommagement des \u00e9crous;Poign\u00e9e arrondie pour un plus grand confort d&#8217;utilisation;Dimensions grav\u00e9es \u00e0 l&#8217;encre pour une identification rapide;T\u00eate inclin\u00e9e \u00e0 15\u00b0 pour une meilleure accessibilit\u00e9;Bo\u00eetier de rangement robuste<\/p>\n<p>4932480636<br \/>\n4058546409210<\/p>\n","protected":false},"excerpt":{"rendered":"<p>JEU DE CL\u00c9S DOUBLES POUR RACCORDS 6 pcs<\/p>\n","protected":false},"featured_media":553010,"template":"","meta":{"_seopress_robots_primary_cat":"","_seopress_titles_title":"","_seopress_titles_desc":"","_seopress_robots_index":""},"product_brand":[3407],"product_cat":[5416,33],"product_tag":[3270],"class_list":{"0":"post-639395","1":"product","2":"type-product","3":"status-publish","4":"has-post-thumbnail","6":"product_brand-milwaukee","7":"product_cat-utensili-per-officina","8":"product_cat-attrezzature","9":"product_tag-import-milwau","10":"sws-conto-ricavi-merci-rivendita-macchinari-fr","11":"sws-gruppo-iva-iva81-fr","13":"first","14":"onbackorder","15":"sale","16":"shipping-taxable","17":"purchasable","18":"product-type-simple"},"_links":{"self":[{"href":"https:\/\/lucacastelli.com\/fr\/wp-json\/wp\/v2\/product\/639395","targetHints":{"allow":["GET"]}}],"collection":[{"href":"https:\/\/lucacastelli.com\/fr\/wp-json\/wp\/v2\/product"}],"about":[{"href":"https:\/\/lucacastelli.com\/fr\/wp-json\/wp\/v2\/types\/product"}],"wp:featuredmedia":[{"embeddable":true,"href":"https:\/\/lucacastelli.com\/fr\/wp-json\/wp\/v2\/media\/553010"}],"wp:attachment":[{"href":"https:\/\/lucacastelli.com\/fr\/wp-json\/wp\/v2\/media?parent=639395"}],"wp:term":[{"taxonomy":"product_brand","embeddable":true,"href":"https:\/\/lucacastelli.com\/fr\/wp-json\/wp\/v2\/product_brand?post=639395"},{"taxonomy":"product_cat","embeddable":true,"href":"https:\/\/lucacastelli.com\/fr\/wp-json\/wp\/v2\/product_cat?post=639395"},{"taxonomy":"product_tag","embeddable":true,"href":"https:\/\/lucacastelli.com\/fr\/wp-json\/wp\/v2\/product_tag?post=639395"}],"curies":[{"name":"wp","href":"https:\/\/api.w.org\/{rel}","templated":true}]}}