{"id":639260,"date":"2025-10-24T16:18:03","date_gmt":"2025-10-24T14:18:03","guid":{"rendered":"https:\/\/lucacastelli.com\/prodotto\/stihl-sha-140-avec-1-batterie-ap-30-et-1-chargeur-al-301\/"},"modified":"2025-10-24T16:18:03","modified_gmt":"2025-10-24T14:18:03","slug":"stihl-sha-140-avec-1-batterie-ap-30-et-1-chargeur-al-301","status":"publish","type":"product","link":"https:\/\/lucacastelli.com\/fr\/produit\/stihl-sha-140-avec-1-batterie-ap-30-et-1-chargeur-al-301\/","title":{"rendered":"STIHL SHA 140 avec 1 batterie AP 30 et 1 chargeur AL 301"},"content":{"rendered":"<h2 class=\"product-details__title\">Aspirateur \u00e0 batterie SHA 140 : grande puissance d&#8217;aspiration pour un nettoyage optimal<\/h2>\n<div class=\"product-details__description richtexteditor\">\n<p>Il est id\u00e9al pour les professionnels du paysage, les entreprises communales et les services de nettoyage. Il permet, par exemple, d&#8217;aspirer efficacement les feuilles mortes, les d\u00e9chets de tonte ou de taille de haies puis de les broyer directement dans la machine. Il est \u00e9galement extr\u00eamement silencieux, vous permettant d&#8217;effectuer vos travaux de nettoyage sans porter de protection auditive. Gr\u00e2ce \u00e0 la g\u00e2chette de contr\u00f4le variable, vous pouvez r\u00e9gler en continu la puissance d&#8217;aspiration selon la t\u00e2che \u00e0 accomplir. Fonction Boost, que vous pouvez activer facilement via la g\u00e2chette de contr\u00f4le et qui vous fournit la puissance maximale.    <\/p>\n<p>Le mat\u00e9riau broy\u00e9 est stock\u00e9 directement dans le sac de collecte d&#8217;un volume de 55 l. Le sac peut ensuite \u00eatre retir\u00e9 tr\u00e8s facilement sans outils pour \u00eatre vid\u00e9. Les boucles m\u00e9talliques robustes et durables facilitent l&#8217;ouverture et la fermeture.  <\/p>\n<p>Le syst\u00e8me STIHL Air Flow Management offre une puissance d&#8217;aspiration \u00e9lev\u00e9e et constante, ind\u00e9pendamment du niveau de remplissage et de salet\u00e9 du sac de collecte.<\/p>\n<\/div>\n<p>Autonomie avec 1 batterie AP 20 : de 19 \u00e0 30 minutes<\/p>\n<p>Autonomie avec 1 batterie AP 30 : de 37 \u00e0 58 minutes<\/p>\n<p>&nbsp;<\/p>\n<p>Ensemble compos\u00e9 de :<\/p>\n<p>&nbsp;<\/p>\n<p>1 Aspirateur \u00e0 batterie STIHL SHA 140<\/p>\n<p>1 Chargeur rapide STIHL AL 301<\/p>\n<p>1 Batterie STIHL AP 30<\/p>\n","protected":false},"excerpt":{"rendered":"<p>Aspirateur \u00e0 batterie SHA 140 : grande puissance d&#8217;aspiration pour un nettoyage optimal Il est id\u00e9al pour les professionnels du<\/p>\n","protected":false},"featured_media":639261,"template":"","meta":{"_seopress_robots_primary_cat":"none","_seopress_titles_title":"","_seopress_titles_desc":"","_seopress_robots_index":""},"product_brand":[3366],"product_cat":[29,485,497],"product_tag":[],"class_list":{"0":"post-639260","1":"product","2":"type-product","3":"status-publish","4":"has-post-thumbnail","6":"product_brand-stihl","7":"product_cat-macchinari","8":"product_cat-soffiatori-e-aspiratori","9":"product_cat-aspiratore-trituratore","10":"sws-gruppo-macchinari-fr","11":"sws-conto-ricavi-merci-rivendita-macchinari-fr","12":"sws-gruppo-iva-iva81-fr","14":"first","15":"instock","16":"sale","17":"shipping-taxable","18":"purchasable","19":"product-type-simple"},"_links":{"self":[{"href":"https:\/\/lucacastelli.com\/fr\/wp-json\/wp\/v2\/product\/639260","targetHints":{"allow":["GET"]}}],"collection":[{"href":"https:\/\/lucacastelli.com\/fr\/wp-json\/wp\/v2\/product"}],"about":[{"href":"https:\/\/lucacastelli.com\/fr\/wp-json\/wp\/v2\/types\/product"}],"wp:featuredmedia":[{"embeddable":true,"href":"https:\/\/lucacastelli.com\/fr\/wp-json\/wp\/v2\/media\/639261"}],"wp:attachment":[{"href":"https:\/\/lucacastelli.com\/fr\/wp-json\/wp\/v2\/media?parent=639260"}],"wp:term":[{"taxonomy":"product_brand","embeddable":true,"href":"https:\/\/lucacastelli.com\/fr\/wp-json\/wp\/v2\/product_brand?post=639260"},{"taxonomy":"product_cat","embeddable":true,"href":"https:\/\/lucacastelli.com\/fr\/wp-json\/wp\/v2\/product_cat?post=639260"},{"taxonomy":"product_tag","embeddable":true,"href":"https:\/\/lucacastelli.com\/fr\/wp-json\/wp\/v2\/product_tag?post=639260"}],"curies":[{"name":"wp","href":"https:\/\/api.w.org\/{rel}","templated":true}]}}