{"id":638968,"date":"2025-08-08T19:00:15","date_gmt":"2025-08-08T17:00:15","guid":{"rendered":"https:\/\/lucacastelli.com\/prodotto\/milwaukee-scie-pliante\/"},"modified":"2025-08-08T19:00:15","modified_gmt":"2025-08-08T17:00:15","slug":"milwaukee-scie-pliante","status":"publish","type":"product","link":"https:\/\/lucacastelli.com\/fr\/produit\/milwaukee-scie-pliante\/","title":{"rendered":"MILWAUKEE Scie pliante"},"content":{"rendered":"<p>SCIE PLIANTE<br \/>\nChangement de lame sans outils jusqu&#8217;\u00e0 10 fois plus rapide;Lame pliable pour un stockage plus s\u00fbr;Rev\u00eatement en caoutchouc pour un plus grand confort d&#8217;utilisation;Compatible avec les lames Sawzall\u00ae<\/p>\n<p>4932492812<br \/>\n4058546476830<\/p>\n","protected":false},"excerpt":{"rendered":"<p>SCIE PLIANTE<\/p>\n","protected":false},"featured_media":558628,"template":"","meta":{"_seopress_robots_primary_cat":"","_seopress_titles_title":"","_seopress_titles_desc":"","_seopress_robots_index":""},"product_brand":[3407],"product_cat":[5416,33],"product_tag":[3270],"class_list":{"0":"post-638968","1":"product","2":"type-product","3":"status-publish","4":"has-post-thumbnail","6":"product_brand-milwaukee","7":"product_cat-utensili-per-officina","8":"product_cat-attrezzature","9":"product_tag-import-milwau","10":"sws-conto-ricavi-merci-rivendita-macchinari-fr","11":"sws-gruppo-iva-iva81-fr","13":"first","14":"onbackorder","15":"sale","16":"shipping-taxable","17":"purchasable","18":"product-type-simple"},"_links":{"self":[{"href":"https:\/\/lucacastelli.com\/fr\/wp-json\/wp\/v2\/product\/638968","targetHints":{"allow":["GET"]}}],"collection":[{"href":"https:\/\/lucacastelli.com\/fr\/wp-json\/wp\/v2\/product"}],"about":[{"href":"https:\/\/lucacastelli.com\/fr\/wp-json\/wp\/v2\/types\/product"}],"wp:featuredmedia":[{"embeddable":true,"href":"https:\/\/lucacastelli.com\/fr\/wp-json\/wp\/v2\/media\/558628"}],"wp:attachment":[{"href":"https:\/\/lucacastelli.com\/fr\/wp-json\/wp\/v2\/media?parent=638968"}],"wp:term":[{"taxonomy":"product_brand","embeddable":true,"href":"https:\/\/lucacastelli.com\/fr\/wp-json\/wp\/v2\/product_brand?post=638968"},{"taxonomy":"product_cat","embeddable":true,"href":"https:\/\/lucacastelli.com\/fr\/wp-json\/wp\/v2\/product_cat?post=638968"},{"taxonomy":"product_tag","embeddable":true,"href":"https:\/\/lucacastelli.com\/fr\/wp-json\/wp\/v2\/product_tag?post=638968"}],"curies":[{"name":"wp","href":"https:\/\/api.w.org\/{rel}","templated":true}]}}