{"id":638963,"date":"2025-08-08T19:00:12","date_gmt":"2025-08-08T17:00:12","guid":{"rendered":"https:\/\/lucacastelli.com\/prodotto\/milwaukee-jeu-douilles-mach-court-3-8-mod-souple-23-pc\/"},"modified":"2025-08-08T19:00:12","modified_gmt":"2025-08-08T17:00:12","slug":"milwaukee-jeu-douilles-mach-court-3-8-mod-souple-23-pc","status":"publish","type":"product","link":"https:\/\/lucacastelli.com\/fr\/produit\/milwaukee-jeu-douilles-mach-court-3-8-mod-souple-23-pc\/","title":{"rendered":"MILWAUKEE JEU DOUILLES MACH. COURT. 3\/8 MOD.SOUPLE 23 PC"},"content":{"rendered":"<p>JEU DOUILLES MACH. COURT. 3\/8 MOD.SOUPLE 23 PC<br \/>\nInsert pour chariot porte-outils de 30 pouces \/ 78 cm;L&#8217;acier SHOCKWAVE\u2122 IMPACT DUTY (chrome-molybd\u00e8ne) est un alliage d&#8217;acier de haute qualit\u00e9 qui offre une r\u00e9sistance et une durabilit\u00e9 maximales;6 points de prise pour une pr\u00e9cision maximale;Les angles chanfrein\u00e9s permettent un meilleur transfert du couple en \u00e9vitant un stress excessif dans les angles;La version longue facilite l&#8217;application sur les boulons saillants;Diam\u00e8tre grav\u00e9 au laser et rempli d&#8217;encre blanche permet une lecture facile et une durabilit\u00e9 maximale dans le temps;Design \u00e0 trou traversant et rainure pour loger l&#8217;accessoire de s\u00e9curit\u00e9    <\/p>\n<p>4932493388<br \/>\n4058546482596<\/p>\n","protected":false},"excerpt":{"rendered":"<p>JEU DOUILLES MACH. COURT. 3\/8 MOD.SOUPLE 23 PC    <\/p>\n","protected":false},"featured_media":562293,"template":"","meta":{"_seopress_robots_primary_cat":"","_seopress_titles_title":"","_seopress_titles_desc":"","_seopress_robots_index":""},"product_brand":[3407],"product_cat":[5416,33],"product_tag":[3270],"class_list":{"0":"post-638963","1":"product","2":"type-product","3":"status-publish","4":"has-post-thumbnail","6":"product_brand-milwaukee","7":"product_cat-utensili-per-officina","8":"product_cat-attrezzature","9":"product_tag-import-milwau","10":"sws-conto-ricavi-merci-rivendita-macchinari-fr","11":"sws-gruppo-iva-iva81-fr","13":"first","14":"onbackorder","15":"sale","16":"shipping-taxable","17":"purchasable","18":"product-type-simple"},"_links":{"self":[{"href":"https:\/\/lucacastelli.com\/fr\/wp-json\/wp\/v2\/product\/638963","targetHints":{"allow":["GET"]}}],"collection":[{"href":"https:\/\/lucacastelli.com\/fr\/wp-json\/wp\/v2\/product"}],"about":[{"href":"https:\/\/lucacastelli.com\/fr\/wp-json\/wp\/v2\/types\/product"}],"wp:featuredmedia":[{"embeddable":true,"href":"https:\/\/lucacastelli.com\/fr\/wp-json\/wp\/v2\/media\/562293"}],"wp:attachment":[{"href":"https:\/\/lucacastelli.com\/fr\/wp-json\/wp\/v2\/media?parent=638963"}],"wp:term":[{"taxonomy":"product_brand","embeddable":true,"href":"https:\/\/lucacastelli.com\/fr\/wp-json\/wp\/v2\/product_brand?post=638963"},{"taxonomy":"product_cat","embeddable":true,"href":"https:\/\/lucacastelli.com\/fr\/wp-json\/wp\/v2\/product_cat?post=638963"},{"taxonomy":"product_tag","embeddable":true,"href":"https:\/\/lucacastelli.com\/fr\/wp-json\/wp\/v2\/product_tag?post=638963"}],"curies":[{"name":"wp","href":"https:\/\/api.w.org\/{rel}","templated":true}]}}