{"id":638957,"date":"2025-08-08T19:00:11","date_gmt":"2025-08-08T17:00:11","guid":{"rendered":"https:\/\/lucacastelli.com\/prodotto\/milwaukee-jeu-de-douilles-longues-1-4-mod-souple-17-pcs\/"},"modified":"2025-08-08T19:00:11","modified_gmt":"2025-08-08T17:00:11","slug":"milwaukee-jeu-de-douilles-longues-1-4-mod-souple-17-pcs","status":"publish","type":"product","link":"https:\/\/lucacastelli.com\/fr\/produit\/milwaukee-jeu-de-douilles-longues-1-4-mod-souple-17-pcs\/","title":{"rendered":"MILWAUKEE JEU DE DOUILLES LONGUES 1\/4 MOD. SOUPLE 17 PCS"},"content":{"rendered":"<p>JEU DE DOUILLES LONGUES 1\/4 MOD. SOUPLE 17 PCS<br \/>\nInsert pour chariot \u00e0 outils de 30 pouces \/ 78 cm;L&#8217;acier SHOCKWAVE\u2122 IMPACT DUTY (chrome-molybd\u00e8ne) est un alliage d&#8217;acier de haute qualit\u00e9 qui offre une r\u00e9sistance et une durabilit\u00e9 maximales;6 points de prise pour une pr\u00e9cision maximale;Les angles chanfrein\u00e9s permettent un meilleur transfert du couple en \u00e9vitant une contrainte excessive dans les angles;La version longue facilite l&#8217;application sur les boulons saillants;Le diam\u00e8tre grav\u00e9 au laser et rempli d&#8217;encre blanche permet une lecture facile et une durabilit\u00e9 maximale;Conception avec trou traversant et rainure pour loger l&#8217;accessoire de s\u00e9curit\u00e9    <\/p>\n<p>4932493386<br \/>\n4058546482572<\/p>\n","protected":false},"excerpt":{"rendered":"<p>JEU DE DOUILLES LONGUES 1\/4 MOD. SOUPLE 17 PCS    <\/p>\n","protected":false},"featured_media":562287,"template":"","meta":{"_seopress_robots_primary_cat":"","_seopress_titles_title":"","_seopress_titles_desc":"","_seopress_robots_index":""},"product_brand":[3658],"product_cat":[5417,144],"product_tag":[3273],"class_list":{"0":"post-638957","1":"product","2":"type-product","3":"status-publish","4":"has-post-thumbnail","6":"product_brand-milwaukee-fr","7":"product_cat-outils-pour-atelier","8":"product_cat-equipement","9":"product_tag-import-milwau-fr","10":"sws-conto-ricavi-merci-rivendita-macchinari-fr","11":"sws-gruppo-iva-iva81-fr","13":"first","14":"onbackorder","15":"sale","16":"shipping-taxable","17":"purchasable","18":"product-type-simple"},"_links":{"self":[{"href":"https:\/\/lucacastelli.com\/fr\/wp-json\/wp\/v2\/product\/638957","targetHints":{"allow":["GET"]}}],"collection":[{"href":"https:\/\/lucacastelli.com\/fr\/wp-json\/wp\/v2\/product"}],"about":[{"href":"https:\/\/lucacastelli.com\/fr\/wp-json\/wp\/v2\/types\/product"}],"wp:featuredmedia":[{"embeddable":true,"href":"https:\/\/lucacastelli.com\/fr\/wp-json\/wp\/v2\/media\/562287"}],"wp:attachment":[{"href":"https:\/\/lucacastelli.com\/fr\/wp-json\/wp\/v2\/media?parent=638957"}],"wp:term":[{"taxonomy":"product_brand","embeddable":true,"href":"https:\/\/lucacastelli.com\/fr\/wp-json\/wp\/v2\/product_brand?post=638957"},{"taxonomy":"product_cat","embeddable":true,"href":"https:\/\/lucacastelli.com\/fr\/wp-json\/wp\/v2\/product_cat?post=638957"},{"taxonomy":"product_tag","embeddable":true,"href":"https:\/\/lucacastelli.com\/fr\/wp-json\/wp\/v2\/product_tag?post=638957"}],"curies":[{"name":"wp","href":"https:\/\/api.w.org\/{rel}","templated":true}]}}