{"id":638950,"date":"2025-08-08T18:59:46","date_gmt":"2025-08-08T16:59:46","guid":{"rendered":"https:\/\/lucacastelli.com\/prodotto\/milwaukee-jeu-de-douilles-longues-%c2%bd%e2%80%b3-10-pcs\/"},"modified":"2025-08-08T18:59:46","modified_gmt":"2025-08-08T16:59:46","slug":"milwaukee-jeu-de-douilles-longues-%c2%bd%e2%80%b3-10-pcs","status":"publish","type":"product","link":"https:\/\/lucacastelli.com\/fr\/produit\/milwaukee-jeu-de-douilles-longues-%c2%bd%e2%80%b3-10-pcs\/","title":{"rendered":"MILWAUKEE Jeu de douilles longues \u00bd\u2033 10 pcs"},"content":{"rendered":"<p>JEU DE DOUILLES 1\/2&#8243; 10 PCS<br \/>\nL&#8217;acier SHOCKWAVE\u2122 IMPACT DUTY (chrome-molybd\u00e8ne) est un alliage d&#8217;acier de haute qualit\u00e9 qui offre une r\u00e9sistance et une durabilit\u00e9 maximales;6 points de prise pour une pr\u00e9cision maximale;Les angles chanfrein\u00e9s permettent un meilleur transfert du couple en \u00e9vitant une contrainte excessive dans les angles;La version longue facilite l&#8217;application sur les boulons saillants;Diam\u00e8tre grav\u00e9 au laser et rempli d&#8217;encre blanche pour une lecture facile et une durabilit\u00e9 maximale;Conception \u00e0 trou traversant et rainure pour loger l&#8217;accessoire de s\u00e9curit\u00e9<\/p>\n<p>4932480457<br \/>\n4058546407421<\/p>\n","protected":false},"excerpt":{"rendered":"<p>JEU DE DOUILLES 1\/2&#8243; 10 PCS<\/p>\n","protected":false},"featured_media":548562,"template":"","meta":{"_seopress_robots_primary_cat":"","_seopress_titles_title":"","_seopress_titles_desc":"","_seopress_robots_index":""},"product_brand":[3407],"product_cat":[5416,33],"product_tag":[3270],"class_list":{"0":"post-638950","1":"product","2":"type-product","3":"status-publish","4":"has-post-thumbnail","6":"product_brand-milwaukee","7":"product_cat-utensili-per-officina","8":"product_cat-attrezzature","9":"product_tag-import-milwau","10":"sws-conto-ricavi-merci-rivendita-macchinari-fr","11":"sws-gruppo-iva-iva81-fr","13":"first","14":"onbackorder","15":"sale","16":"shipping-taxable","17":"purchasable","18":"product-type-simple"},"_links":{"self":[{"href":"https:\/\/lucacastelli.com\/fr\/wp-json\/wp\/v2\/product\/638950","targetHints":{"allow":["GET"]}}],"collection":[{"href":"https:\/\/lucacastelli.com\/fr\/wp-json\/wp\/v2\/product"}],"about":[{"href":"https:\/\/lucacastelli.com\/fr\/wp-json\/wp\/v2\/types\/product"}],"wp:featuredmedia":[{"embeddable":true,"href":"https:\/\/lucacastelli.com\/fr\/wp-json\/wp\/v2\/media\/548562"}],"wp:attachment":[{"href":"https:\/\/lucacastelli.com\/fr\/wp-json\/wp\/v2\/media?parent=638950"}],"wp:term":[{"taxonomy":"product_brand","embeddable":true,"href":"https:\/\/lucacastelli.com\/fr\/wp-json\/wp\/v2\/product_brand?post=638950"},{"taxonomy":"product_cat","embeddable":true,"href":"https:\/\/lucacastelli.com\/fr\/wp-json\/wp\/v2\/product_cat?post=638950"},{"taxonomy":"product_tag","embeddable":true,"href":"https:\/\/lucacastelli.com\/fr\/wp-json\/wp\/v2\/product_tag?post=638950"}],"curies":[{"name":"wp","href":"https:\/\/api.w.org\/{rel}","templated":true}]}}