{"id":638948,"date":"2025-08-08T18:59:50","date_gmt":"2025-08-08T16:59:50","guid":{"rendered":"https:\/\/lucacastelli.com\/prodotto\/milwaukee-jeu-douilles-mach-long-3-8-mod-souple-vide\/"},"modified":"2025-08-08T18:59:50","modified_gmt":"2025-08-08T16:59:50","slug":"milwaukee-jeu-douilles-mach-long-3-8-mod-souple-vide","status":"publish","type":"product","link":"https:\/\/lucacastelli.com\/fr\/produit\/milwaukee-jeu-douilles-mach-long-3-8-mod-souple-vide\/","title":{"rendered":"MILWAUKEE JEU DOUILLES MACH. LONG. 3\/8 MOD.SOUPLE VIDE"},"content":{"rendered":"<p>JEU DOUILLES MACH. LONG. 3\/8 MOD.SOUPLE VIDE<br \/>\nL&#8217;acier SHOCKWAVE\u2122 IMPACT DUTY (chrome-molybd\u00e8ne) est un alliage d&#8217;acier de haute qualit\u00e9 qui offre une r\u00e9sistance et une durabilit\u00e9 maximales.   &lt;br&gt; 6 points de prise pour une pr\u00e9cision maximale.&lt;br&gt; Les angles chanfrein\u00e9s permettent un meilleur transfert du couple en \u00e9vitant une contrainte excessive dans les angles.&lt;br&gt; La version longue facilite l&#8217;application sur les boulons saillants.&lt;br&gt; Le diam\u00e8tre grav\u00e9 au laser et rempli d&#8217;encre blanche permet une lecture facile et une durabilit\u00e9 maximale.&lt;br&gt; Conception avec trou traversant et rainure pour loger l&#8217;accessoire de s\u00e9curit\u00e9.<\/p>\n<p>4932493389<br \/>\n4058546482602<\/p>\n","protected":false},"excerpt":{"rendered":"<p>JEU DOUILLES MACH. LONG. 3\/8 MOD.SOUPLE VIDE   <\/p>\n","protected":false},"featured_media":554568,"template":"","meta":{"_seopress_robots_primary_cat":"","_seopress_titles_title":"","_seopress_titles_desc":"","_seopress_robots_index":""},"product_brand":[3407],"product_cat":[5416,33],"product_tag":[3270],"class_list":{"0":"post-638948","1":"product","2":"type-product","3":"status-publish","4":"has-post-thumbnail","6":"product_brand-milwaukee","7":"product_cat-utensili-per-officina","8":"product_cat-attrezzature","9":"product_tag-import-milwau","10":"sws-conto-ricavi-merci-rivendita-macchinari-fr","11":"sws-gruppo-iva-iva81-fr","13":"first","14":"onbackorder","15":"sale","16":"shipping-taxable","17":"purchasable","18":"product-type-simple"},"_links":{"self":[{"href":"https:\/\/lucacastelli.com\/fr\/wp-json\/wp\/v2\/product\/638948","targetHints":{"allow":["GET"]}}],"collection":[{"href":"https:\/\/lucacastelli.com\/fr\/wp-json\/wp\/v2\/product"}],"about":[{"href":"https:\/\/lucacastelli.com\/fr\/wp-json\/wp\/v2\/types\/product"}],"wp:featuredmedia":[{"embeddable":true,"href":"https:\/\/lucacastelli.com\/fr\/wp-json\/wp\/v2\/media\/554568"}],"wp:attachment":[{"href":"https:\/\/lucacastelli.com\/fr\/wp-json\/wp\/v2\/media?parent=638948"}],"wp:term":[{"taxonomy":"product_brand","embeddable":true,"href":"https:\/\/lucacastelli.com\/fr\/wp-json\/wp\/v2\/product_brand?post=638948"},{"taxonomy":"product_cat","embeddable":true,"href":"https:\/\/lucacastelli.com\/fr\/wp-json\/wp\/v2\/product_cat?post=638948"},{"taxonomy":"product_tag","embeddable":true,"href":"https:\/\/lucacastelli.com\/fr\/wp-json\/wp\/v2\/product_tag?post=638948"}],"curies":[{"name":"wp","href":"https:\/\/api.w.org\/{rel}","templated":true}]}}